{"id":116,"date":"2026-03-29T09:38:21","date_gmt":"2026-03-29T09:38:21","guid":{"rendered":"https:\/\/october.azdigi.shop\/?post_type=product&#038;p=116"},"modified":"2026-04-10T21:09:39","modified_gmt":"2026-04-10T21:09:39","slug":"tulip-hong","status":"publish","type":"product","link":"https:\/\/october.azdigi.shop\/index.php\/san-pham\/tulip-hong\/","title":{"rendered":"Tulip H\u1ed3ng"},"content":{"rendered":"<h2 data-path-to-node=\"2\">TULIP H\u1ed2NG: BI\u1ec2U T\u01af\u1ee2NG C\u1ee6A H\u1ea0NH PH\u00daC HO\u00c0N H\u1ea2O T\u1ea0I OCTOBER FLOWER<\/h2>\n<p data-path-to-node=\"3\">Trong th\u1ebf gi\u1edbi r\u1ef1c r\u1ee1 c\u1ee7a c\u00e1c lo\u00e0i hoa, Tulip h\u1ed3ng lu\u00f4n gi\u1eef m\u1ed9t v\u1ecb tr\u00ed \u0111\u1eb7c bi\u1ec7t nh\u1edd v\u1ebb \u0111\u1eb9p thanh tao, d\u1ecbu d\u00e0ng v\u00e0 \u0111\u1ea7y ki\u00eau sa. Kh\u00f4ng n\u1ed3ng ch\u00e1y nh\u01b0 h\u1ed3ng \u0111\u1ecf, c\u0169ng kh\u00f4ng qu\u00e1 r\u1ef1c r\u1ee1 nh\u01b0 h\u01b0\u1edbng d\u01b0\u01a1ng, s\u1eafc h\u1ed3ng c\u1ee7a Tulip mang \u0111\u1ebfn c\u1ea3m gi\u00e1c v\u1ec1 m\u1ed9t s\u1ef1 quan t\u00e2m ch\u00e2n th\u00e0nh v\u00e0 l\u1eddi h\u1ee9a v\u1ec1 m\u1ed9t h\u1ea1nh ph\u00fac v\u1eb9n tr\u00f2n.<\/p>\n<h3 data-path-to-node=\"4\">&#8220;L\u1eddi H\u1eb9n \u01af\u1edbc Ng\u1ecdt Ng\u00e0o&#8221; \u2013 Thi\u1ebft k\u1ebf tinh t\u1ebf t\u1eeb Pink Reverie<\/h3>\n<p data-path-to-node=\"5\">M\u1eabu b\u00f3 hoa <b data-path-to-node=\"5\" data-index-in-node=\"11\">Pink Reverie<\/b> (\u1ea3nh 4.jpg) ch\u00ednh l\u00e0 hi\u1ec7n th\u00e2n c\u1ee7a v\u1ebb \u0111\u1eb9p \u1ea5y. \u0110\u00e2y l\u00e0 m\u1ed9t <b data-path-to-node=\"5\" data-index-in-node=\"81\">thi\u1ebft k\u1ebf tinh t\u1ebf<\/b> k\u1ebft h\u1ee3p ho\u00e0n h\u1ea3o gi\u1eefa nh\u1eefng \u0111\u00f3a Tulip h\u1ed3ng nh\u1eadp kh\u1ea9u c\u00f9ng s\u1eafc tr\u1eafng tinh kh\u00f4i c\u1ee7a hoa c\u00fac h\u1ecda mi v\u00e0 c\u00e1c lo\u00e0i hoa ph\u1ee5 thanh khi\u1ebft. B\u00f3 hoa \u0111\u01b0\u1ee3c t\u1ea1o h\u00ecnh theo phong c\u00e1ch H\u00e0n Qu\u1ed1c hi\u1ec7n \u0111\u1ea1i v\u1edbi l\u1edbp gi\u1ea5y g\u00f3i tr\u1eafng m\u1edd cao c\u1ea5p, gi\u00fap t\u00f4n vinh tr\u1ecdn v\u1eb9n s\u1ef1 sang tr\u1ecdng nh\u01b0ng v\u1eabn gi\u1eef \u0111\u01b0\u1ee3c n\u00e9t g\u1ea7n g\u0169i, t\u1ef1 nhi\u00ean.<\/p>\n<h3 data-path-to-node=\"6\">\u00dd ngh\u0129a s\u00e2u s\u1eafc c\u1ee7a s\u1eafc h\u1ed3ng Tulip<\/h3>\n<p data-path-to-node=\"7\">T\u1ea1i <b data-path-to-node=\"7\" data-index-in-node=\"4\">October Flower<\/b>, ch\u00fang m\u00ecnh l\u1ed3ng gh\u00e9p \u00fd ngh\u0129a phong th\u1ee7y v\u00e0 ng\u00f4n ng\u1eef lo\u00e0i hoa v\u00e0o t\u1eebng s\u1ea3n ph\u1ea9m:<\/p>\n<ul data-path-to-node=\"8\">\n<li>\n<p data-path-to-node=\"8,0,0\"><b data-path-to-node=\"8,0,0\" data-index-in-node=\"0\">H\u1ea1nh ph\u00fac ho\u00e0n h\u1ea3o:<\/b> Tulip h\u1ed3ng \u0111\u1ea1i di\u1ec7n cho t\u00ecnh c\u1ea3m g\u1eafn b\u00f3 v\u00e0 s\u1ef1 tin t\u01b0\u1edfng tuy\u1ec7t \u0111\u1ed1i gi\u1eefa nh\u1eefng ng\u01b0\u1eddi y\u00eau nhau.<\/p>\n<\/li>\n<li>\n<p data-path-to-node=\"8,1,0\"><b data-path-to-node=\"8,1,0\" data-index-in-node=\"0\">S\u1ef1 quan t\u00e2m ch\u00e2n th\u00e0nh:<\/b> \u0110\u00e2y l\u00e0 m\u00f3n qu\u00e0 thay l\u1eddi nh\u1eafn nh\u1ee7 ng\u1ecdt ng\u00e0o, th\u1ec3 hi\u1ec7n s\u1ef1 tr\u00e2n tr\u1ecdng d\u00e0nh cho nh\u1eefng ng\u01b0\u1eddi ph\u1ee5 n\u1eef quan tr\u1ecdng trong cu\u1ed9c \u0111\u1eddi b\u1ea1n.<\/p>\n<\/li>\n<li>\n<p data-path-to-node=\"8,2,0\"><b data-path-to-node=\"8,2,0\" data-index-in-node=\"0\">N\u0103ng l\u01b0\u1ee3ng t\u00edch c\u1ef1c:<\/b> S\u1eafc h\u1ed3ng pastel d\u1ecbu nh\u1eb9 gi\u00fap xoa d\u1ecbu t\u00e2m h\u1ed3n v\u00e0 mang l\u1ea1i c\u1ea3m gi\u00e1c b\u00ecnh y\u00ean cho kh\u00f4ng gian s\u1ed1ng.<\/p>\n<\/li>\n<\/ul>\n<h3 data-path-to-node=\"9\">Cam k\u1ebft ch\u1ea5t l\u01b0\u1ee3ng t\u1eeb October Flower<\/h3>\n<p data-path-to-node=\"10\">\u0110\u1ec3 m\u1ed7i b\u00f3 hoa \u0111\u1ebfn tay kh\u00e1ch h\u00e0ng \u0111\u1ec1u l\u00e0 m\u1ed9t t\u00e1c ph\u1ea9m ngh\u1ec7 thu\u1eadt, ch\u00fang m\u00ecnh lu\u00f4n duy tr\u00ec ti\u00eau chu\u1ea9n:<\/p>\n<ul data-path-to-node=\"11\">\n<li>\n<p data-path-to-node=\"11,0,0\"><b data-path-to-node=\"11,0,0\" data-index-in-node=\"0\">Hoa t\u01b0\u01a1i m\u1ed7i ng\u00e0y:<\/b> To\u00e0n b\u1ed9 hoa Tulip v\u00e0 hoa ph\u1ee5 \u0111\u1ec1u \u0111\u01b0\u1ee3c nh\u1eadp m\u1edbi li\u00ean t\u1ee5c \u0111\u1ec3 \u0111\u1ea3m b\u1ea3o \u0111\u1ed9 t\u01b0\u01a1i v\u00e0 s\u1eafc th\u00e1i r\u1ea1ng r\u1ee1 nh\u1ea5t.<\/p>\n<\/li>\n<li>\n<p data-path-to-node=\"11,1,0\"><b data-path-to-node=\"11,1,0\" data-index-in-node=\"0\">Ph\u1ee5 ki\u1ec7n cao c\u1ea5p:<\/b> S\u1eed d\u1ee5ng gi\u1ea5y l\u1ee5a v\u00e0 ruy b\u0103ng sang tr\u1ecdng, gi\u00fap n\u00e2ng t\u1ea7m gi\u00e1 tr\u1ecb m\u00f3n qu\u00e0.<\/p>\n<\/li>\n<li>\n<p data-path-to-node=\"11,2,0\"><b data-path-to-node=\"11,2,0\" data-index-in-node=\"0\">K\u00edch th\u01b0\u1edbc l\u00fd t\u01b0\u1edfng:<\/b> V\u1edbi chi\u1ec1u cao t\u1eeb 50cm &#8211; 60cm, b\u00f3 hoa r\u1ea5t ph\u00f9 h\u1ee3p \u0111\u1ec3 c\u1ea7m tay ch\u1ee5p h\u00ecnh k\u1ef7 ni\u1ec7m ho\u1eb7c tr\u01b0ng b\u00e0y trong nh\u1eefng chi\u1ebfc b\u00ecnh s\u1ee9 cao c\u1ea5p nh\u01b0 m\u1eabu <b data-path-to-node=\"11,2,0\" data-index-in-node=\"156\">Pastel Stock<\/b>.<\/p>\n<\/li>\n<\/ul>\n","protected":false},"excerpt":{"rendered":"<p>TULIP H\u1ed2NG: BI\u1ec2U T\u01af\u1ee2NG C\u1ee6A H\u1ea0NH PH\u00daC HO\u00c0N H\u1ea2O T\u1ea0I OCTOBER FLOWER Trong th\u1ebf gi\u1edbi r\u1ef1c r\u1ee1 c\u1ee7a c\u00e1c lo\u00e0i hoa, Tulip h\u1ed3ng lu\u00f4n gi\u1eef m\u1ed9t v\u1ecb tr\u00ed \u0111\u1eb7c bi\u1ec7t nh\u1edd v\u1ebb \u0111\u1eb9p thanh tao, d\u1ecbu d\u00e0ng v\u00e0 \u0111\u1ea7y ki\u00eau sa. Kh\u00f4ng n\u1ed3ng ch\u00e1y nh\u01b0 h\u1ed3ng \u0111\u1ecf, c\u0169ng kh\u00f4ng qu\u00e1 r\u1ef1c r\u1ee1 nh\u01b0 h\u01b0\u1edbng d\u01b0\u01a1ng, [&#8230;]\n","protected":false},"featured_media":117,"comment_status":"open","ping_status":"closed","template":"","meta":[],"product_brand":[],"product_cat":[18],"product_tag":[],"class_list":{"0":"post-116","1":"product","2":"type-product","3":"status-publish","4":"has-post-thumbnail","6":"product_cat-hoa-sinh-nhat","8":"first","9":"instock","10":"sale","11":"shipping-taxable","12":"purchasable","13":"product-type-simple"},"yoast_head":"<!-- This site is optimized with the Yoast SEO plugin v27.2 - https:\/\/yoast.com\/product\/yoast-seo-wordpress\/ -->\n<title>Tulip H\u1ed3ng - OCTOBER FLOWER<\/title>\n<meta name=\"description\" content=\"Mua ngay b\u00f3 hoa tulip h\u1ed3ng t\u01b0\u01a1i m\u1edbi, phong c\u00e1ch H\u00e0n Qu\u1ed1c c\u1ef1c \u0111\u1eb9p t\u1ea1i October Flower G\u00f2 V\u1ea5p. Giao nhanh 60p, cam k\u1ebft hoa t\u01b0\u01a1i, gi\u00e1 t\u1ed1t nh\u1ea5t th\u1ecb tr\u01b0\u1eddng. \u0110\u1eb7t ngay!&quot;\" \/>\n<meta name=\"robots\" content=\"index, follow, max-snippet:-1, max-image-preview:large, max-video-preview:-1\" \/>\n<link rel=\"canonical\" href=\"https:\/\/october.azdigi.shop\/index.php\/san-pham\/tulip-hong\/\" \/>\n<meta property=\"og:locale\" content=\"vi_VN\" \/>\n<meta property=\"og:type\" content=\"article\" \/>\n<meta property=\"og:title\" content=\"Tulip H\u1ed3ng - OCTOBER FLOWER\" \/>\n<meta property=\"og:description\" content=\"Mua ngay b\u00f3 hoa tulip h\u1ed3ng t\u01b0\u01a1i m\u1edbi, phong c\u00e1ch H\u00e0n Qu\u1ed1c c\u1ef1c \u0111\u1eb9p t\u1ea1i October Flower G\u00f2 V\u1ea5p. Giao nhanh 60p, cam k\u1ebft hoa t\u01b0\u01a1i, gi\u00e1 t\u1ed1t nh\u1ea5t th\u1ecb tr\u01b0\u1eddng. \u0110\u1eb7t ngay!&quot;\" \/>\n<meta property=\"og:url\" content=\"https:\/\/october.azdigi.shop\/index.php\/san-pham\/tulip-hong\/\" \/>\n<meta property=\"og:site_name\" content=\"OCTOBER FLOWER\" \/>\n<meta property=\"article:modified_time\" content=\"2026-04-10T21:09:39+00:00\" \/>\n<meta property=\"og:image\" content=\"https:\/\/october.azdigi.shop\/wp-content\/uploads\/2026\/03\/a.jpg\" \/>\n\t<meta property=\"og:image:width\" content=\"750\" \/>\n\t<meta property=\"og:image:height\" content=\"960\" \/>\n\t<meta property=\"og:image:type\" content=\"image\/jpeg\" \/>\n<meta name=\"twitter:card\" content=\"summary_large_image\" \/>\n<meta name=\"twitter:label1\" content=\"\u01af\u1edbc t\u00ednh th\u1eddi gian \u0111\u1ecdc\" \/>\n\t<meta name=\"twitter:data1\" content=\"3 ph\u00fat\" \/>\n<script type=\"application\/ld+json\" class=\"yoast-schema-graph\">{\"@context\":\"https:\/\/schema.org\",\"@graph\":[{\"@type\":\"WebPage\",\"@id\":\"https:\/\/october.azdigi.shop\/index.php\/san-pham\/tulip-hong\/\",\"url\":\"https:\/\/october.azdigi.shop\/index.php\/san-pham\/tulip-hong\/\",\"name\":\"Tulip H\u1ed3ng - OCTOBER FLOWER\",\"isPartOf\":{\"@id\":\"https:\/\/october.azdigi.shop\/#website\"},\"primaryImageOfPage\":{\"@id\":\"https:\/\/october.azdigi.shop\/index.php\/san-pham\/tulip-hong\/#primaryimage\"},\"image\":{\"@id\":\"https:\/\/october.azdigi.shop\/index.php\/san-pham\/tulip-hong\/#primaryimage\"},\"thumbnailUrl\":\"https:\/\/october.azdigi.shop\/wp-content\/uploads\/2026\/03\/a.jpg\",\"datePublished\":\"2026-03-29T09:38:21+00:00\",\"dateModified\":\"2026-04-10T21:09:39+00:00\",\"description\":\"Mua ngay b\u00f3 hoa tulip h\u1ed3ng t\u01b0\u01a1i m\u1edbi, phong c\u00e1ch H\u00e0n Qu\u1ed1c c\u1ef1c \u0111\u1eb9p t\u1ea1i October Flower G\u00f2 V\u1ea5p. Giao nhanh 60p, cam k\u1ebft hoa t\u01b0\u01a1i, gi\u00e1 t\u1ed1t nh\u1ea5t th\u1ecb tr\u01b0\u1eddng. \u0110\u1eb7t ngay!\\\"\",\"breadcrumb\":{\"@id\":\"https:\/\/october.azdigi.shop\/index.php\/san-pham\/tulip-hong\/#breadcrumb\"},\"inLanguage\":\"vi\",\"potentialAction\":[{\"@type\":\"ReadAction\",\"target\":[\"https:\/\/october.azdigi.shop\/index.php\/san-pham\/tulip-hong\/\"]}]},{\"@type\":\"ImageObject\",\"inLanguage\":\"vi\",\"@id\":\"https:\/\/october.azdigi.shop\/index.php\/san-pham\/tulip-hong\/#primaryimage\",\"url\":\"https:\/\/october.azdigi.shop\/wp-content\/uploads\/2026\/03\/a.jpg\",\"contentUrl\":\"https:\/\/october.azdigi.shop\/wp-content\/uploads\/2026\/03\/a.jpg\",\"width\":750,\"height\":960},{\"@type\":\"BreadcrumbList\",\"@id\":\"https:\/\/october.azdigi.shop\/index.php\/san-pham\/tulip-hong\/#breadcrumb\",\"itemListElement\":[{\"@type\":\"ListItem\",\"position\":1,\"name\":\"Trang ch\u1ee7\",\"item\":\"https:\/\/october.azdigi.shop\/\"},{\"@type\":\"ListItem\",\"position\":2,\"name\":\"C\u1eeda h\u00e0ng\",\"item\":\"https:\/\/october.azdigi.shop\/index.php\/tai-khoan\/\"},{\"@type\":\"ListItem\",\"position\":3,\"name\":\"Tulip H\u1ed3ng\"}]},{\"@type\":\"WebSite\",\"@id\":\"https:\/\/october.azdigi.shop\/#website\",\"url\":\"https:\/\/october.azdigi.shop\/\",\"name\":\"OCTOBER FLOWER\",\"description\":\"\",\"potentialAction\":[{\"@type\":\"SearchAction\",\"target\":{\"@type\":\"EntryPoint\",\"urlTemplate\":\"https:\/\/october.azdigi.shop\/?s={search_term_string}\"},\"query-input\":{\"@type\":\"PropertyValueSpecification\",\"valueRequired\":true,\"valueName\":\"search_term_string\"}}],\"inLanguage\":\"vi\"}]}<\/script>\n<!-- \/ Yoast SEO plugin. -->","yoast_head_json":{"title":"Tulip H\u1ed3ng - OCTOBER FLOWER","description":"Mua ngay b\u00f3 hoa tulip h\u1ed3ng t\u01b0\u01a1i m\u1edbi, phong c\u00e1ch H\u00e0n Qu\u1ed1c c\u1ef1c \u0111\u1eb9p t\u1ea1i October Flower G\u00f2 V\u1ea5p. Giao nhanh 60p, cam k\u1ebft hoa t\u01b0\u01a1i, gi\u00e1 t\u1ed1t nh\u1ea5t th\u1ecb tr\u01b0\u1eddng. \u0110\u1eb7t ngay!\"","robots":{"index":"index","follow":"follow","max-snippet":"max-snippet:-1","max-image-preview":"max-image-preview:large","max-video-preview":"max-video-preview:-1"},"canonical":"https:\/\/october.azdigi.shop\/index.php\/san-pham\/tulip-hong\/","og_locale":"vi_VN","og_type":"article","og_title":"Tulip H\u1ed3ng - OCTOBER FLOWER","og_description":"Mua ngay b\u00f3 hoa tulip h\u1ed3ng t\u01b0\u01a1i m\u1edbi, phong c\u00e1ch H\u00e0n Qu\u1ed1c c\u1ef1c \u0111\u1eb9p t\u1ea1i October Flower G\u00f2 V\u1ea5p. Giao nhanh 60p, cam k\u1ebft hoa t\u01b0\u01a1i, gi\u00e1 t\u1ed1t nh\u1ea5t th\u1ecb tr\u01b0\u1eddng. \u0110\u1eb7t ngay!\"","og_url":"https:\/\/october.azdigi.shop\/index.php\/san-pham\/tulip-hong\/","og_site_name":"OCTOBER FLOWER","article_modified_time":"2026-04-10T21:09:39+00:00","og_image":[{"width":750,"height":960,"url":"https:\/\/october.azdigi.shop\/wp-content\/uploads\/2026\/03\/a.jpg","type":"image\/jpeg"}],"twitter_card":"summary_large_image","twitter_misc":{"\u01af\u1edbc t\u00ednh th\u1eddi gian \u0111\u1ecdc":"3 ph\u00fat"},"schema":{"@context":"https:\/\/schema.org","@graph":[{"@type":"WebPage","@id":"https:\/\/october.azdigi.shop\/index.php\/san-pham\/tulip-hong\/","url":"https:\/\/october.azdigi.shop\/index.php\/san-pham\/tulip-hong\/","name":"Tulip H\u1ed3ng - OCTOBER FLOWER","isPartOf":{"@id":"https:\/\/october.azdigi.shop\/#website"},"primaryImageOfPage":{"@id":"https:\/\/october.azdigi.shop\/index.php\/san-pham\/tulip-hong\/#primaryimage"},"image":{"@id":"https:\/\/october.azdigi.shop\/index.php\/san-pham\/tulip-hong\/#primaryimage"},"thumbnailUrl":"https:\/\/october.azdigi.shop\/wp-content\/uploads\/2026\/03\/a.jpg","datePublished":"2026-03-29T09:38:21+00:00","dateModified":"2026-04-10T21:09:39+00:00","description":"Mua ngay b\u00f3 hoa tulip h\u1ed3ng t\u01b0\u01a1i m\u1edbi, phong c\u00e1ch H\u00e0n Qu\u1ed1c c\u1ef1c \u0111\u1eb9p t\u1ea1i October Flower G\u00f2 V\u1ea5p. Giao nhanh 60p, cam k\u1ebft hoa t\u01b0\u01a1i, gi\u00e1 t\u1ed1t nh\u1ea5t th\u1ecb tr\u01b0\u1eddng. \u0110\u1eb7t ngay!\"","breadcrumb":{"@id":"https:\/\/october.azdigi.shop\/index.php\/san-pham\/tulip-hong\/#breadcrumb"},"inLanguage":"vi","potentialAction":[{"@type":"ReadAction","target":["https:\/\/october.azdigi.shop\/index.php\/san-pham\/tulip-hong\/"]}]},{"@type":"ImageObject","inLanguage":"vi","@id":"https:\/\/october.azdigi.shop\/index.php\/san-pham\/tulip-hong\/#primaryimage","url":"https:\/\/october.azdigi.shop\/wp-content\/uploads\/2026\/03\/a.jpg","contentUrl":"https:\/\/october.azdigi.shop\/wp-content\/uploads\/2026\/03\/a.jpg","width":750,"height":960},{"@type":"BreadcrumbList","@id":"https:\/\/october.azdigi.shop\/index.php\/san-pham\/tulip-hong\/#breadcrumb","itemListElement":[{"@type":"ListItem","position":1,"name":"Trang ch\u1ee7","item":"https:\/\/october.azdigi.shop\/"},{"@type":"ListItem","position":2,"name":"C\u1eeda h\u00e0ng","item":"https:\/\/october.azdigi.shop\/index.php\/tai-khoan\/"},{"@type":"ListItem","position":3,"name":"Tulip H\u1ed3ng"}]},{"@type":"WebSite","@id":"https:\/\/october.azdigi.shop\/#website","url":"https:\/\/october.azdigi.shop\/","name":"OCTOBER FLOWER","description":"","potentialAction":[{"@type":"SearchAction","target":{"@type":"EntryPoint","urlTemplate":"https:\/\/october.azdigi.shop\/?s={search_term_string}"},"query-input":{"@type":"PropertyValueSpecification","valueRequired":true,"valueName":"search_term_string"}}],"inLanguage":"vi"}]}},"_links":{"self":[{"href":"https:\/\/october.azdigi.shop\/index.php\/wp-json\/wp\/v2\/product\/116","targetHints":{"allow":["GET"]}}],"collection":[{"href":"https:\/\/october.azdigi.shop\/index.php\/wp-json\/wp\/v2\/product"}],"about":[{"href":"https:\/\/october.azdigi.shop\/index.php\/wp-json\/wp\/v2\/types\/product"}],"replies":[{"embeddable":true,"href":"https:\/\/october.azdigi.shop\/index.php\/wp-json\/wp\/v2\/comments?post=116"}],"wp:featuredmedia":[{"embeddable":true,"href":"https:\/\/october.azdigi.shop\/index.php\/wp-json\/wp\/v2\/media\/117"}],"wp:attachment":[{"href":"https:\/\/october.azdigi.shop\/index.php\/wp-json\/wp\/v2\/media?parent=116"}],"wp:term":[{"taxonomy":"product_brand","embeddable":true,"href":"https:\/\/october.azdigi.shop\/index.php\/wp-json\/wp\/v2\/product_brand?post=116"},{"taxonomy":"product_cat","embeddable":true,"href":"https:\/\/october.azdigi.shop\/index.php\/wp-json\/wp\/v2\/product_cat?post=116"},{"taxonomy":"product_tag","embeddable":true,"href":"https:\/\/october.azdigi.shop\/index.php\/wp-json\/wp\/v2\/product_tag?post=116"}],"curies":[{"name":"wp","href":"https:\/\/api.w.org\/{rel}","templated":true}]}}