{"id":157,"date":"2026-04-04T19:27:53","date_gmt":"2026-04-04T19:27:53","guid":{"rendered":"https:\/\/october.azdigi.shop\/?post_type=product&#038;p=157"},"modified":"2026-04-10T21:12:36","modified_gmt":"2026-04-10T21:12:36","slug":"morning-sunshine","status":"publish","type":"product","link":"https:\/\/october.azdigi.shop\/index.php\/san-pham\/morning-sunshine\/","title":{"rendered":"Morning Sunshine"},"content":{"rendered":"<h3 data-path-to-node=\"8\">B\u00d3 HOA \u0110\u1ed2NG N\u1ed8I &#8220;N\u1eaeNG S\u1edaM&#8221;: V\u1eba \u0110\u1eb8P T\u1ef0 NHI\u00caN V\u00c0 PH\u00d3NG KHO\u00c1NG<\/h3>\n<p data-path-to-node=\"9\">C\u00f3 nh\u1eefng v\u1ebb \u0111\u1eb9p kh\u00f4ng \u0111\u1ebfn t\u1eeb s\u1ef1 s\u1eafp \u0111\u1eb7t c\u1ea7u k\u1ef3, m\u00e0 \u0111\u1ebfn t\u1eeb ch\u00ednh s\u1ef1 t\u1ef1 nhi\u00ean, r\u1ea1ng r\u1ee1 c\u1ee7a c\u1ecf c\u00e2y hoa l\u00e1. B\u00f3 hoa <b data-path-to-node=\"9\" data-index-in-node=\"111\">Morning Sunshine<\/b> t\u1ea1i <b data-path-to-node=\"9\" data-index-in-node=\"132\">October Flower<\/b> ch\u00ednh l\u00e0 m\u1ed9t t\u00e1c ph\u1ea9m nh\u01b0 th\u1ebf \u2013 m\u1ed9t b\u1ea3n giao h\u01b0\u1edfng m\u00e0u s\u1eafc mang h\u01a1i th\u1edf c\u1ee7a nh\u1eefng c\u00e1nh \u0111\u1ed3ng hoa d\u1ea1i d\u01b0\u1edbi \u00e1nh n\u1eafng mai d\u1ecbu d\u00e0ng.<\/p>\n<p data-path-to-node=\"10\">\u0110i\u1ec3m \u0111\u1eb7c bi\u1ec7t c\u1ee7a b\u00f3 hoa n\u00e0y ch\u00ednh l\u00e0 s\u1ef1 k\u1ebft h\u1ee3p ng\u1eabu h\u1ee9ng nh\u01b0ng \u0111\u1ea7y tinh t\u1ebf gi\u1eefa nhi\u1ec1u lo\u1ea1i hoa kh\u00e1c nhau. S\u1eafc cam \u1ea5m \u00e1p c\u1ee7a hoa h\u1ed3ng Juliet h\u00f2a quy\u1ec7n c\u00f9ng s\u1eafc xanh thanh khi\u1ebft c\u1ee7a hoa Delphinium, \u0111i\u1ec3m xuy\u1ebft th\u00eam nh\u1eefng \u0111\u00f3a c\u00fac h\u1ecda mi v\u00e0ng t\u01b0\u01a1i v\u00e0 hoa Scabiosa t\u00edm nh\u1ea1t. T\u1ea5t c\u1ea3 \u0111\u01b0\u1ee3c bao b\u1ecdc trong l\u1edbp gi\u1ea5y g\u00f3i xi m\u0103ng m\u1ed9c m\u1ea1c, th\u1eaft d\u00e2y th\u1eebng gi\u1ea3n d\u1ecb, gi\u00fap t\u00f4n vinh tr\u1ecdn v\u1eb9n v\u1ebb \u0111\u1eb9p nguy\u00ean b\u1ea3n c\u1ee7a t\u1eebng \u0111\u00f3a hoa.<\/p>\n<p data-path-to-node=\"11\">B\u00f3 hoa mang phong c\u00e1ch <b data-path-to-node=\"11\" data-index-in-node=\"23\">Wildflower<\/b> n\u00e0y l\u00e0 l\u1ef1a ch\u1ecdn ho\u00e0n h\u1ea3o \u0111\u1ec3:<\/p>\n<ul data-path-to-node=\"12\">\n<li>\n<p data-path-to-node=\"12,0,0\"><b data-path-to-node=\"12,0,0\" data-index-in-node=\"0\">T\u1eb7ng sinh nh\u1eadt:<\/b> D\u00e0nh cho nh\u1eefng c\u00f4 n\u00e0ng y\u00eau th\u00edch s\u1ef1 t\u1ef1 do, l\u00e3ng m\u1ea1n v\u00e0 c\u00f3 t\u00e2m h\u1ed3n ngh\u1ec7 s\u0129.<\/p>\n<\/li>\n<li>\n<p data-path-to-node=\"12,1,0\"><b data-path-to-node=\"12,1,0\" data-index-in-node=\"0\">Trang tr\u00ed kh\u00f4ng gian:<\/b> Mang c\u1ea3 thi\u00ean nhi\u00ean v\u00e0o ph\u00f2ng kh\u00e1ch hay b\u00e0n l\u00e0m vi\u1ec7c, gi\u00fap xua tan m\u1ec7t m\u1ecfi.<\/p>\n<\/li>\n<li>\n<p data-path-to-node=\"12,2,0\"><b data-path-to-node=\"12,2,0\" data-index-in-node=\"0\">Ch\u1ee5p \u1ea3nh k\u1ef7 ni\u1ec7m:<\/b> Tone m\u00e0u \u0111a d\u1ea1ng v\u00e0 b\u1eaft m\u1eaft s\u1ebd gi\u00fap b\u1ea1n c\u00f3 nh\u1eefng khung h\u00ecnh lung linh, &#8220;th\u01a1&#8221; h\u01a1n bao gi\u1edd h\u1ebft.<\/p>\n<\/li>\n<\/ul>\n<p data-path-to-node=\"13\">T\u1ea1i <b data-path-to-node=\"13\" data-index-in-node=\"4\">October Flower<\/b>, ch\u00fang m\u00ecnh ch\u0103m ch\u00fat t\u1eebng nh\u00e0nh hoa \u0111\u1ec3 \u0111\u1ea3m b\u1ea3o:<\/p>\n<ul data-path-to-node=\"14\">\n<li>\n<p data-path-to-node=\"14,0,0\"><b data-path-to-node=\"14,0,0\" data-index-in-node=\"0\">Hoa t\u01b0\u01a1i ch\u1ea5t l\u01b0\u1ee3ng:<\/b> S\u1ef1 k\u1ebft h\u1ee3p c\u1ee7a hoa n\u1ed9i \u0111\u1ecba v\u00e0 hoa nh\u1eadp kh\u1ea9u cao c\u1ea5p, gi\u1eef \u0111\u1ed9 b\u1ec1n t\u1ed1i \u01b0u.<\/p>\n<\/li>\n<li>\n<p data-path-to-node=\"14,1,0\"><b data-path-to-node=\"14,1,0\" data-index-in-node=\"0\">Thi\u1ebft k\u1ebf hi\u1ec7n \u0111\u1ea1i:<\/b> Phong c\u00e1ch c\u1eafm hoa bay b\u1ed5ng, t\u1ef1 nhi\u00ean, kh\u00f4ng g\u00f2 b\u00f3.<\/p>\n<\/li>\n<li>\n<p data-path-to-node=\"14,2,0\"><b data-path-to-node=\"14,2,0\" data-index-in-node=\"0\">Giao hoa t\u1eadn n\u01a1i:<\/b> \u0110\u1ea3m b\u1ea3o b\u00f3 hoa \u0111\u1ebfn tay ng\u01b0\u1eddi nh\u1eadn v\u1eabn gi\u1eef \u0111\u01b0\u1ee3c \u0111\u1ed9 t\u01b0\u01a1i m\u1edbi v\u00e0 form d\u00e1ng nh\u01b0 v\u1eeba m\u1edbi ra l\u00f2.<\/p>\n<\/li>\n<\/ul>\n<p data-path-to-node=\"15\">H\u00e3y \u0111\u1ec3 <b data-path-to-node=\"15\" data-index-in-node=\"7\">Morning Sunshine<\/b> thay b\u1ea1n g\u1eedi \u0111i th\u00f4ng \u0111i\u1ec7p v\u1ec1 m\u1ed9t cu\u1ed9c s\u1ed1ng t\u01b0\u01a1i \u0111\u1eb9p v\u00e0 tr\u00e0n \u0111\u1ea7y n\u0103ng l\u01b0\u1ee3ng t\u00edch c\u1ef1c.<\/p>\n<p data-path-to-node=\"16\"><b data-path-to-node=\"16\" data-index-in-node=\"0\">October Flower \u2013 Mang v\u1ebb \u0111\u1eb9p c\u1ee7a thi\u00ean nhi\u00ean \u0111\u1ebfn g\u1ea7n h\u01a1n v\u1edbi b\u1ea1n.<\/b><\/p>\n","protected":false},"excerpt":{"rendered":"<p>B\u00d3 HOA \u0110\u1ed2NG N\u1ed8I &#8220;N\u1eaeNG S\u1edaM&#8221;: V\u1eba \u0110\u1eb8P T\u1ef0 NHI\u00caN V\u00c0 PH\u00d3NG KHO\u00c1NG C\u00f3 nh\u1eefng v\u1ebb \u0111\u1eb9p kh\u00f4ng \u0111\u1ebfn t\u1eeb s\u1ef1 s\u1eafp \u0111\u1eb7t c\u1ea7u k\u1ef3, m\u00e0 \u0111\u1ebfn t\u1eeb ch\u00ednh s\u1ef1 t\u1ef1 nhi\u00ean, r\u1ea1ng r\u1ee1 c\u1ee7a c\u1ecf c\u00e2y hoa l\u00e1. B\u00f3 hoa Morning Sunshine t\u1ea1i October Flower ch\u00ednh l\u00e0 m\u1ed9t t\u00e1c ph\u1ea9m nh\u01b0 th\u1ebf \u2013 m\u1ed9t [&#8230;]\n","protected":false},"featured_media":158,"comment_status":"open","ping_status":"closed","template":"","meta":[],"product_brand":[],"product_cat":[22,19],"product_tag":[],"class_list":{"0":"post-157","1":"product","2":"type-product","3":"status-publish","4":"has-post-thumbnail","6":"product_cat-hoa-bo","7":"product_cat-hoa-chuc-mung","9":"first","10":"instock","11":"sale","12":"shipping-taxable","13":"purchasable","14":"product-type-simple"},"yoast_head":"<!-- This site is optimized with the Yoast SEO plugin v27.2 - https:\/\/yoast.com\/product\/yoast-seo-wordpress\/ -->\n<title>Morning Sunshine - OCTOBER FLOWER<\/title>\n<meta name=\"robots\" content=\"index, follow, max-snippet:-1, max-image-preview:large, max-video-preview:-1\" \/>\n<link rel=\"canonical\" href=\"https:\/\/october.azdigi.shop\/index.php\/san-pham\/morning-sunshine\/\" \/>\n<meta property=\"og:locale\" content=\"vi_VN\" \/>\n<meta property=\"og:type\" content=\"article\" \/>\n<meta property=\"og:title\" content=\"Morning Sunshine - OCTOBER FLOWER\" \/>\n<meta property=\"og:description\" content=\"B\u00d3 HOA \u0110\u1ed2NG N\u1ed8I &#8220;N\u1eaeNG S\u1edaM&#8221;: V\u1eba \u0110\u1eb8P T\u1ef0 NHI\u00caN V\u00c0 PH\u00d3NG KHO\u00c1NG C\u00f3 nh\u1eefng v\u1ebb \u0111\u1eb9p kh\u00f4ng \u0111\u1ebfn t\u1eeb s\u1ef1 s\u1eafp \u0111\u1eb7t c\u1ea7u k\u1ef3, m\u00e0 \u0111\u1ebfn t\u1eeb ch\u00ednh s\u1ef1 t\u1ef1 nhi\u00ean, r\u1ea1ng r\u1ee1 c\u1ee7a c\u1ecf c\u00e2y hoa l\u00e1. B\u00f3 hoa Morning Sunshine t\u1ea1i October Flower ch\u00ednh l\u00e0 m\u1ed9t t\u00e1c ph\u1ea9m nh\u01b0 th\u1ebf \u2013 m\u1ed9t [...]\" \/>\n<meta property=\"og:url\" content=\"https:\/\/october.azdigi.shop\/index.php\/san-pham\/morning-sunshine\/\" \/>\n<meta property=\"og:site_name\" content=\"OCTOBER FLOWER\" \/>\n<meta property=\"article:modified_time\" content=\"2026-04-10T21:12:36+00:00\" \/>\n<meta property=\"og:image\" content=\"https:\/\/october.azdigi.shop\/wp-content\/uploads\/2026\/04\/e.jpg\" \/>\n\t<meta property=\"og:image:width\" content=\"736\" \/>\n\t<meta property=\"og:image:height\" content=\"888\" \/>\n\t<meta property=\"og:image:type\" content=\"image\/jpeg\" \/>\n<meta name=\"twitter:card\" content=\"summary_large_image\" \/>\n<meta name=\"twitter:label1\" content=\"\u01af\u1edbc t\u00ednh th\u1eddi gian \u0111\u1ecdc\" \/>\n\t<meta name=\"twitter:data1\" content=\"3 ph\u00fat\" \/>\n<script type=\"application\/ld+json\" class=\"yoast-schema-graph\">{\"@context\":\"https:\/\/schema.org\",\"@graph\":[{\"@type\":\"WebPage\",\"@id\":\"https:\/\/october.azdigi.shop\/index.php\/san-pham\/morning-sunshine\/\",\"url\":\"https:\/\/october.azdigi.shop\/index.php\/san-pham\/morning-sunshine\/\",\"name\":\"Morning Sunshine - OCTOBER FLOWER\",\"isPartOf\":{\"@id\":\"https:\/\/october.azdigi.shop\/#website\"},\"primaryImageOfPage\":{\"@id\":\"https:\/\/october.azdigi.shop\/index.php\/san-pham\/morning-sunshine\/#primaryimage\"},\"image\":{\"@id\":\"https:\/\/october.azdigi.shop\/index.php\/san-pham\/morning-sunshine\/#primaryimage\"},\"thumbnailUrl\":\"https:\/\/october.azdigi.shop\/wp-content\/uploads\/2026\/04\/e.jpg\",\"datePublished\":\"2026-04-04T19:27:53+00:00\",\"dateModified\":\"2026-04-10T21:12:36+00:00\",\"breadcrumb\":{\"@id\":\"https:\/\/october.azdigi.shop\/index.php\/san-pham\/morning-sunshine\/#breadcrumb\"},\"inLanguage\":\"vi\",\"potentialAction\":[{\"@type\":\"ReadAction\",\"target\":[\"https:\/\/october.azdigi.shop\/index.php\/san-pham\/morning-sunshine\/\"]}]},{\"@type\":\"ImageObject\",\"inLanguage\":\"vi\",\"@id\":\"https:\/\/october.azdigi.shop\/index.php\/san-pham\/morning-sunshine\/#primaryimage\",\"url\":\"https:\/\/october.azdigi.shop\/wp-content\/uploads\/2026\/04\/e.jpg\",\"contentUrl\":\"https:\/\/october.azdigi.shop\/wp-content\/uploads\/2026\/04\/e.jpg\",\"width\":736,\"height\":888},{\"@type\":\"BreadcrumbList\",\"@id\":\"https:\/\/october.azdigi.shop\/index.php\/san-pham\/morning-sunshine\/#breadcrumb\",\"itemListElement\":[{\"@type\":\"ListItem\",\"position\":1,\"name\":\"Trang ch\u1ee7\",\"item\":\"https:\/\/october.azdigi.shop\/\"},{\"@type\":\"ListItem\",\"position\":2,\"name\":\"C\u1eeda h\u00e0ng\",\"item\":\"https:\/\/october.azdigi.shop\/index.php\/tai-khoan\/\"},{\"@type\":\"ListItem\",\"position\":3,\"name\":\"Morning Sunshine\"}]},{\"@type\":\"WebSite\",\"@id\":\"https:\/\/october.azdigi.shop\/#website\",\"url\":\"https:\/\/october.azdigi.shop\/\",\"name\":\"OCTOBER FLOWER\",\"description\":\"\",\"potentialAction\":[{\"@type\":\"SearchAction\",\"target\":{\"@type\":\"EntryPoint\",\"urlTemplate\":\"https:\/\/october.azdigi.shop\/?s={search_term_string}\"},\"query-input\":{\"@type\":\"PropertyValueSpecification\",\"valueRequired\":true,\"valueName\":\"search_term_string\"}}],\"inLanguage\":\"vi\"}]}<\/script>\n<!-- \/ Yoast SEO plugin. -->","yoast_head_json":{"title":"Morning Sunshine - OCTOBER FLOWER","robots":{"index":"index","follow":"follow","max-snippet":"max-snippet:-1","max-image-preview":"max-image-preview:large","max-video-preview":"max-video-preview:-1"},"canonical":"https:\/\/october.azdigi.shop\/index.php\/san-pham\/morning-sunshine\/","og_locale":"vi_VN","og_type":"article","og_title":"Morning Sunshine - OCTOBER FLOWER","og_description":"B\u00d3 HOA \u0110\u1ed2NG N\u1ed8I &#8220;N\u1eaeNG S\u1edaM&#8221;: V\u1eba \u0110\u1eb8P T\u1ef0 NHI\u00caN V\u00c0 PH\u00d3NG KHO\u00c1NG C\u00f3 nh\u1eefng v\u1ebb \u0111\u1eb9p kh\u00f4ng \u0111\u1ebfn t\u1eeb s\u1ef1 s\u1eafp \u0111\u1eb7t c\u1ea7u k\u1ef3, m\u00e0 \u0111\u1ebfn t\u1eeb ch\u00ednh s\u1ef1 t\u1ef1 nhi\u00ean, r\u1ea1ng r\u1ee1 c\u1ee7a c\u1ecf c\u00e2y hoa l\u00e1. B\u00f3 hoa Morning Sunshine t\u1ea1i October Flower ch\u00ednh l\u00e0 m\u1ed9t t\u00e1c ph\u1ea9m nh\u01b0 th\u1ebf \u2013 m\u1ed9t [...]","og_url":"https:\/\/october.azdigi.shop\/index.php\/san-pham\/morning-sunshine\/","og_site_name":"OCTOBER FLOWER","article_modified_time":"2026-04-10T21:12:36+00:00","og_image":[{"width":736,"height":888,"url":"https:\/\/october.azdigi.shop\/wp-content\/uploads\/2026\/04\/e.jpg","type":"image\/jpeg"}],"twitter_card":"summary_large_image","twitter_misc":{"\u01af\u1edbc t\u00ednh th\u1eddi gian \u0111\u1ecdc":"3 ph\u00fat"},"schema":{"@context":"https:\/\/schema.org","@graph":[{"@type":"WebPage","@id":"https:\/\/october.azdigi.shop\/index.php\/san-pham\/morning-sunshine\/","url":"https:\/\/october.azdigi.shop\/index.php\/san-pham\/morning-sunshine\/","name":"Morning Sunshine - OCTOBER FLOWER","isPartOf":{"@id":"https:\/\/october.azdigi.shop\/#website"},"primaryImageOfPage":{"@id":"https:\/\/october.azdigi.shop\/index.php\/san-pham\/morning-sunshine\/#primaryimage"},"image":{"@id":"https:\/\/october.azdigi.shop\/index.php\/san-pham\/morning-sunshine\/#primaryimage"},"thumbnailUrl":"https:\/\/october.azdigi.shop\/wp-content\/uploads\/2026\/04\/e.jpg","datePublished":"2026-04-04T19:27:53+00:00","dateModified":"2026-04-10T21:12:36+00:00","breadcrumb":{"@id":"https:\/\/october.azdigi.shop\/index.php\/san-pham\/morning-sunshine\/#breadcrumb"},"inLanguage":"vi","potentialAction":[{"@type":"ReadAction","target":["https:\/\/october.azdigi.shop\/index.php\/san-pham\/morning-sunshine\/"]}]},{"@type":"ImageObject","inLanguage":"vi","@id":"https:\/\/october.azdigi.shop\/index.php\/san-pham\/morning-sunshine\/#primaryimage","url":"https:\/\/october.azdigi.shop\/wp-content\/uploads\/2026\/04\/e.jpg","contentUrl":"https:\/\/october.azdigi.shop\/wp-content\/uploads\/2026\/04\/e.jpg","width":736,"height":888},{"@type":"BreadcrumbList","@id":"https:\/\/october.azdigi.shop\/index.php\/san-pham\/morning-sunshine\/#breadcrumb","itemListElement":[{"@type":"ListItem","position":1,"name":"Trang ch\u1ee7","item":"https:\/\/october.azdigi.shop\/"},{"@type":"ListItem","position":2,"name":"C\u1eeda h\u00e0ng","item":"https:\/\/october.azdigi.shop\/index.php\/tai-khoan\/"},{"@type":"ListItem","position":3,"name":"Morning Sunshine"}]},{"@type":"WebSite","@id":"https:\/\/october.azdigi.shop\/#website","url":"https:\/\/october.azdigi.shop\/","name":"OCTOBER FLOWER","description":"","potentialAction":[{"@type":"SearchAction","target":{"@type":"EntryPoint","urlTemplate":"https:\/\/october.azdigi.shop\/?s={search_term_string}"},"query-input":{"@type":"PropertyValueSpecification","valueRequired":true,"valueName":"search_term_string"}}],"inLanguage":"vi"}]}},"_links":{"self":[{"href":"https:\/\/october.azdigi.shop\/index.php\/wp-json\/wp\/v2\/product\/157","targetHints":{"allow":["GET"]}}],"collection":[{"href":"https:\/\/october.azdigi.shop\/index.php\/wp-json\/wp\/v2\/product"}],"about":[{"href":"https:\/\/october.azdigi.shop\/index.php\/wp-json\/wp\/v2\/types\/product"}],"replies":[{"embeddable":true,"href":"https:\/\/october.azdigi.shop\/index.php\/wp-json\/wp\/v2\/comments?post=157"}],"wp:featuredmedia":[{"embeddable":true,"href":"https:\/\/october.azdigi.shop\/index.php\/wp-json\/wp\/v2\/media\/158"}],"wp:attachment":[{"href":"https:\/\/october.azdigi.shop\/index.php\/wp-json\/wp\/v2\/media?parent=157"}],"wp:term":[{"taxonomy":"product_brand","embeddable":true,"href":"https:\/\/october.azdigi.shop\/index.php\/wp-json\/wp\/v2\/product_brand?post=157"},{"taxonomy":"product_cat","embeddable":true,"href":"https:\/\/october.azdigi.shop\/index.php\/wp-json\/wp\/v2\/product_cat?post=157"},{"taxonomy":"product_tag","embeddable":true,"href":"https:\/\/october.azdigi.shop\/index.php\/wp-json\/wp\/v2\/product_tag?post=157"}],"curies":[{"name":"wp","href":"https:\/\/api.w.org\/{rel}","templated":true}]}}