{"id":159,"date":"2026-04-04T19:33:12","date_gmt":"2026-04-04T19:33:12","guid":{"rendered":"https:\/\/october.azdigi.shop\/?post_type=product&#038;p=159"},"modified":"2026-04-10T21:09:18","modified_gmt":"2026-04-10T21:09:18","slug":"vintage-muse-bouquet","status":"publish","type":"product","link":"https:\/\/october.azdigi.shop\/index.php\/san-pham\/vintage-muse-bouquet\/","title":{"rendered":"Vintage Muse Bouquet"},"content":{"rendered":"<h3 data-path-to-node=\"2\">VINTAGE MUSE BOUQUET: B\u1ea2N GIAO H\u01af\u1edeNG C\u1ee6A S\u1ef0 C\u1ed4 \u0110I\u1ec2N V\u00c0 TINH T\u1ebe<\/h3>\n<p data-path-to-node=\"3\">Trong th\u1ebf gi\u1edbi c\u1ee7a nh\u1eefng lo\u00e0i hoa, c\u00f3 nh\u1eefng thi\u1ebft k\u1ebf sinh ra \u0111\u1ec3 d\u00e0nh ri\u00eang cho nh\u1eefng t\u00e2m h\u1ed3n y\u00eau chu\u1ed9ng v\u1ebb \u0111\u1eb9p ho\u00e0i c\u1ed5 v\u00e0 thanh l\u1ecbch. <b data-path-to-node=\"3\" data-index-in-node=\"134\">Vintage Muse Bouquet<\/b> t\u1ea1i <b data-path-to-node=\"3\" data-index-in-node=\"159\">October Flower<\/b> ch\u00ednh l\u00e0 m\u1ed9t minh ch\u1ee9ng ho\u00e0n h\u1ea3o cho s\u1ef1 k\u1ebft h\u1ee3p gi\u1eefa ngh\u1ec7 thu\u1eadt s\u1eafp \u0111\u1eb7t hi\u1ec7n \u0111\u1ea1i v\u00e0 h\u01a1i th\u1edf l\u00e3ng m\u1ea1n c\u1ee7a nh\u1eefng th\u1eadp ni\u00ean c\u0169. \u0110\u00e2y kh\u00f4ng ch\u1ec9 l\u00e0 m\u1ed9t b\u00f3 hoa, m\u00e0 l\u00e0 m\u1ed9t l\u1eddi t\u00e1n d\u01b0\u01a1ng d\u00e0nh cho n\u00e9t \u0111\u1eb9p d\u1ecbu d\u00e0ng, ki\u00eau sa c\u1ee7a ng\u01b0\u1eddi ph\u1ee5 n\u1eef.<\/p>\n<p data-path-to-node=\"4\">\u0110i\u1ec3m nh\u1ea5n \u0111\u1ed9c b\u1ea3n c\u1ee7a <b data-path-to-node=\"4\" data-index-in-node=\"22\">Vintage Muse Bouquet<\/b> n\u1eb1m \u1edf l\u1edbp gi\u1ea5y g\u00f3i ren th\u00eau hoa v\u0103n tinh x\u1ea3o. Thay v\u00ec nh\u1eefng lo\u1ea1i gi\u1ea5y g\u00f3i th\u00f4ng th\u01b0\u1eddng, l\u1edbp ren tr\u1eafng m\u1ecfng manh gi\u00fap t\u00f4n vinh tr\u1ecdn v\u1eb9n s\u1eafc h\u1ed3ng kem c\u1ee7a hoa h\u1ed3ng v\u00e0 n\u00e9t m\u1ec1m m\u1ea1i c\u1ee7a hoa c\u00e1t t\u01b0\u1eddng. S\u1ef1 xu\u1ea5t hi\u1ec7n c\u1ee7a nh\u1eefng \u0111\u00f3a Scabiosa t\u00edm nh\u1ea1t v\u00e0 th\u1ee7y ti\u00ean v\u00e0ng \u0111i\u1ec3m xuy\u1ebft t\u1ea1o n\u00ean m\u1ed9t t\u1ed5ng th\u1ec3 m\u00e0u s\u1eafc h\u00e0i h\u00f2a, t\u1ef1a nh\u01b0 m\u1ed9t b\u1ee9c tranh s\u01a1n d\u1ea7u b\u01b0\u1edbc ra t\u1eeb nh\u1eefng khu v\u01b0\u1eddn ch\u00e2u \u00c2u c\u1ed5 \u0111i\u1ec3n.<\/p>\n<p data-path-to-node=\"5\">T\u1ea1i sao <b data-path-to-node=\"5\" data-index-in-node=\"8\">Vintage Muse Bouquet<\/b> l\u1ea1i tr\u1edf th\u00e0nh l\u1ef1a ch\u1ecdn h\u00e0ng \u0111\u1ea7u t\u1ea1i October Flower?<\/p>\n<ul data-path-to-node=\"6\">\n<li>\n<p data-path-to-node=\"6,0,0\"><b data-path-to-node=\"6,0,0\" data-index-in-node=\"0\">Thi\u1ebft k\u1ebf \u0111\u1ed9c b\u1ea3n:<\/b> L\u1edbp ren th\u00eau cao c\u1ea5p t\u1ea1o n\u00ean s\u1ef1 kh\u00e1c bi\u1ec7t ho\u00e0n to\u00e0n, mang l\u1ea1i c\u1ea3m gi\u00e1c sang tr\u1ecdng v\u00e0 &#8220;gu&#8221; th\u1ea9m m\u1ef9 tinh t\u1ebf cho ng\u01b0\u1eddi t\u1eb7ng.<\/p>\n<\/li>\n<li>\n<p data-path-to-node=\"6,1,0\"><b data-path-to-node=\"6,1,0\" data-index-in-node=\"0\">Hoa t\u01b0\u01a1i m\u1ed7i ng\u00e0y:<\/b> T\u1eebng c\u00e0nh hoa trong b\u1ed9 s\u01b0u t\u1eadp n\u00e0y \u0111\u1ec1u \u0111\u01b0\u1ee3c tuy\u1ec3n ch\u1ecdn k\u1ef9 l\u01b0\u1ee1ng, \u0111\u1ea3m b\u1ea3o \u0111\u1ed9 n\u1edf r\u1ed9 v\u00e0 h\u01b0\u01a1ng th\u01a1m thanh khi\u1ebft nh\u1ea5t khi \u0111\u1ebfn tay kh\u00e1ch h\u00e0ng.<\/p>\n<\/li>\n<li>\n<p data-path-to-node=\"6,2,0\"><b data-path-to-node=\"6,2,0\" data-index-in-node=\"0\">Ph\u00f9 h\u1ee3p cho m\u1ecdi d\u1ecbp \u0111\u1eb7c bi\u1ec7t:<\/b> D\u00f9 l\u00e0 qu\u00e0 t\u1eb7ng sinh nh\u1eadt, k\u1ef7 ni\u1ec7m ng\u00e0y y\u00eau hay \u0111\u01a1n gi\u1ea3n l\u00e0 m\u1ed9t m\u00f3n qu\u00e0 b\u1ea5t ng\u1edd, b\u00f3 hoa n\u00e0y lu\u00f4n bi\u1ebft c\u00e1ch l\u00e0m tan ch\u1ea3y tr\u00e1i tim ng\u01b0\u1eddi nh\u1eadn.<\/p>\n<\/li>\n<\/ul>\n<p data-path-to-node=\"7\">Ch\u00fang m\u00ecnh tin r\u1eb1ng, m\u1ed7i kh\u00e1ch h\u00e0ng khi c\u1ea7m tr\u00ean tay <b data-path-to-node=\"7\" data-index-in-node=\"53\">Vintage Muse Bouquet<\/b> \u0111\u1ec1u s\u1ebd c\u1ea3m nh\u1eadn \u0111\u01b0\u1ee3c s\u1ef1 ch\u1ec9n chu v\u00e0 t\u00e2m huy\u1ebft m\u00e0 October Flower g\u1eedi g\u1eafm. \u0110\u1eebng ng\u1ea7n ng\u1ea1i \u0111\u1ec3 nh\u1eefng c\u00e1nh hoa mang phong c\u00e1ch &#8220;N\u00e0ng Th\u01a1&#8221; n\u00e0y thay b\u1ea1n vi\u1ebft n\u00ean nh\u1eefng kho\u1ea3nh kh\u1eafc ng\u1ecdt ng\u00e0o nh\u1ea5t.<\/p>\n<p data-path-to-node=\"8\"><b data-path-to-node=\"8\" data-index-in-node=\"0\">October Flower \u2013 N\u01a1i v\u1ebb \u0111\u1eb9p c\u1ed5 \u0111i\u1ec3n \u0111\u01b0\u1ee3c h\u1ed3i sinh qua t\u1eebng s\u1eafc hoa.<\/b><\/p>\n","protected":false},"excerpt":{"rendered":"<p>VINTAGE MUSE BOUQUET: B\u1ea2N GIAO H\u01af\u1edeNG C\u1ee6A S\u1ef0 C\u1ed4 \u0110I\u1ec2N V\u00c0 TINH T\u1ebe Trong th\u1ebf gi\u1edbi c\u1ee7a nh\u1eefng lo\u00e0i hoa, c\u00f3 nh\u1eefng thi\u1ebft k\u1ebf sinh ra \u0111\u1ec3 d\u00e0nh ri\u00eang cho nh\u1eefng t\u00e2m h\u1ed3n y\u00eau chu\u1ed9ng v\u1ebb \u0111\u1eb9p ho\u00e0i c\u1ed5 v\u00e0 thanh l\u1ecbch. Vintage Muse Bouquet t\u1ea1i October Flower ch\u00ednh l\u00e0 m\u1ed9t minh ch\u1ee9ng ho\u00e0n h\u1ea3o [&#8230;]\n","protected":false},"featured_media":160,"comment_status":"open","ping_status":"closed","template":"","meta":[],"product_brand":[],"product_cat":[18],"product_tag":[],"class_list":{"0":"post-159","1":"product","2":"type-product","3":"status-publish","4":"has-post-thumbnail","6":"product_cat-hoa-sinh-nhat","8":"first","9":"instock","10":"sale","11":"shipping-taxable","12":"purchasable","13":"product-type-simple"},"yoast_head":"<!-- This site is optimized with the Yoast SEO plugin v27.2 - https:\/\/yoast.com\/product\/yoast-seo-wordpress\/ -->\n<title>Vintage Muse Bouquet - OCTOBER FLOWER<\/title>\n<meta name=\"robots\" content=\"index, follow, max-snippet:-1, max-image-preview:large, max-video-preview:-1\" \/>\n<link rel=\"canonical\" href=\"https:\/\/october.azdigi.shop\/index.php\/san-pham\/vintage-muse-bouquet\/\" \/>\n<meta property=\"og:locale\" content=\"vi_VN\" \/>\n<meta property=\"og:type\" content=\"article\" \/>\n<meta property=\"og:title\" content=\"Vintage Muse Bouquet - OCTOBER FLOWER\" \/>\n<meta property=\"og:description\" content=\"VINTAGE MUSE BOUQUET: B\u1ea2N GIAO H\u01af\u1edeNG C\u1ee6A S\u1ef0 C\u1ed4 \u0110I\u1ec2N V\u00c0 TINH T\u1ebe Trong th\u1ebf gi\u1edbi c\u1ee7a nh\u1eefng lo\u00e0i hoa, c\u00f3 nh\u1eefng thi\u1ebft k\u1ebf sinh ra \u0111\u1ec3 d\u00e0nh ri\u00eang cho nh\u1eefng t\u00e2m h\u1ed3n y\u00eau chu\u1ed9ng v\u1ebb \u0111\u1eb9p ho\u00e0i c\u1ed5 v\u00e0 thanh l\u1ecbch. Vintage Muse Bouquet t\u1ea1i October Flower ch\u00ednh l\u00e0 m\u1ed9t minh ch\u1ee9ng ho\u00e0n h\u1ea3o [...]\" \/>\n<meta property=\"og:url\" content=\"https:\/\/october.azdigi.shop\/index.php\/san-pham\/vintage-muse-bouquet\/\" \/>\n<meta property=\"og:site_name\" content=\"OCTOBER FLOWER\" \/>\n<meta property=\"article:modified_time\" content=\"2026-04-10T21:09:18+00:00\" \/>\n<meta property=\"og:image\" content=\"https:\/\/october.azdigi.shop\/wp-content\/uploads\/2026\/04\/d.jpg\" \/>\n\t<meta property=\"og:image:width\" content=\"690\" \/>\n\t<meta property=\"og:image:height\" content=\"920\" \/>\n\t<meta property=\"og:image:type\" content=\"image\/jpeg\" \/>\n<meta name=\"twitter:card\" content=\"summary_large_image\" \/>\n<meta name=\"twitter:label1\" content=\"\u01af\u1edbc t\u00ednh th\u1eddi gian \u0111\u1ecdc\" \/>\n\t<meta name=\"twitter:data1\" content=\"3 ph\u00fat\" \/>\n<script type=\"application\/ld+json\" class=\"yoast-schema-graph\">{\"@context\":\"https:\/\/schema.org\",\"@graph\":[{\"@type\":\"WebPage\",\"@id\":\"https:\/\/october.azdigi.shop\/index.php\/san-pham\/vintage-muse-bouquet\/\",\"url\":\"https:\/\/october.azdigi.shop\/index.php\/san-pham\/vintage-muse-bouquet\/\",\"name\":\"Vintage Muse Bouquet - OCTOBER FLOWER\",\"isPartOf\":{\"@id\":\"https:\/\/october.azdigi.shop\/#website\"},\"primaryImageOfPage\":{\"@id\":\"https:\/\/october.azdigi.shop\/index.php\/san-pham\/vintage-muse-bouquet\/#primaryimage\"},\"image\":{\"@id\":\"https:\/\/october.azdigi.shop\/index.php\/san-pham\/vintage-muse-bouquet\/#primaryimage\"},\"thumbnailUrl\":\"https:\/\/october.azdigi.shop\/wp-content\/uploads\/2026\/04\/d.jpg\",\"datePublished\":\"2026-04-04T19:33:12+00:00\",\"dateModified\":\"2026-04-10T21:09:18+00:00\",\"breadcrumb\":{\"@id\":\"https:\/\/october.azdigi.shop\/index.php\/san-pham\/vintage-muse-bouquet\/#breadcrumb\"},\"inLanguage\":\"vi\",\"potentialAction\":[{\"@type\":\"ReadAction\",\"target\":[\"https:\/\/october.azdigi.shop\/index.php\/san-pham\/vintage-muse-bouquet\/\"]}]},{\"@type\":\"ImageObject\",\"inLanguage\":\"vi\",\"@id\":\"https:\/\/october.azdigi.shop\/index.php\/san-pham\/vintage-muse-bouquet\/#primaryimage\",\"url\":\"https:\/\/october.azdigi.shop\/wp-content\/uploads\/2026\/04\/d.jpg\",\"contentUrl\":\"https:\/\/october.azdigi.shop\/wp-content\/uploads\/2026\/04\/d.jpg\",\"width\":690,\"height\":920},{\"@type\":\"BreadcrumbList\",\"@id\":\"https:\/\/october.azdigi.shop\/index.php\/san-pham\/vintage-muse-bouquet\/#breadcrumb\",\"itemListElement\":[{\"@type\":\"ListItem\",\"position\":1,\"name\":\"Trang ch\u1ee7\",\"item\":\"https:\/\/october.azdigi.shop\/\"},{\"@type\":\"ListItem\",\"position\":2,\"name\":\"C\u1eeda h\u00e0ng\",\"item\":\"https:\/\/october.azdigi.shop\/index.php\/tai-khoan\/\"},{\"@type\":\"ListItem\",\"position\":3,\"name\":\"Vintage Muse Bouquet\"}]},{\"@type\":\"WebSite\",\"@id\":\"https:\/\/october.azdigi.shop\/#website\",\"url\":\"https:\/\/october.azdigi.shop\/\",\"name\":\"OCTOBER FLOWER\",\"description\":\"\",\"potentialAction\":[{\"@type\":\"SearchAction\",\"target\":{\"@type\":\"EntryPoint\",\"urlTemplate\":\"https:\/\/october.azdigi.shop\/?s={search_term_string}\"},\"query-input\":{\"@type\":\"PropertyValueSpecification\",\"valueRequired\":true,\"valueName\":\"search_term_string\"}}],\"inLanguage\":\"vi\"}]}<\/script>\n<!-- \/ Yoast SEO plugin. -->","yoast_head_json":{"title":"Vintage Muse Bouquet - OCTOBER FLOWER","robots":{"index":"index","follow":"follow","max-snippet":"max-snippet:-1","max-image-preview":"max-image-preview:large","max-video-preview":"max-video-preview:-1"},"canonical":"https:\/\/october.azdigi.shop\/index.php\/san-pham\/vintage-muse-bouquet\/","og_locale":"vi_VN","og_type":"article","og_title":"Vintage Muse Bouquet - OCTOBER FLOWER","og_description":"VINTAGE MUSE BOUQUET: B\u1ea2N GIAO H\u01af\u1edeNG C\u1ee6A S\u1ef0 C\u1ed4 \u0110I\u1ec2N V\u00c0 TINH T\u1ebe Trong th\u1ebf gi\u1edbi c\u1ee7a nh\u1eefng lo\u00e0i hoa, c\u00f3 nh\u1eefng thi\u1ebft k\u1ebf sinh ra \u0111\u1ec3 d\u00e0nh ri\u00eang cho nh\u1eefng t\u00e2m h\u1ed3n y\u00eau chu\u1ed9ng v\u1ebb \u0111\u1eb9p ho\u00e0i c\u1ed5 v\u00e0 thanh l\u1ecbch. Vintage Muse Bouquet t\u1ea1i October Flower ch\u00ednh l\u00e0 m\u1ed9t minh ch\u1ee9ng ho\u00e0n h\u1ea3o [...]","og_url":"https:\/\/october.azdigi.shop\/index.php\/san-pham\/vintage-muse-bouquet\/","og_site_name":"OCTOBER FLOWER","article_modified_time":"2026-04-10T21:09:18+00:00","og_image":[{"width":690,"height":920,"url":"https:\/\/october.azdigi.shop\/wp-content\/uploads\/2026\/04\/d.jpg","type":"image\/jpeg"}],"twitter_card":"summary_large_image","twitter_misc":{"\u01af\u1edbc t\u00ednh th\u1eddi gian \u0111\u1ecdc":"3 ph\u00fat"},"schema":{"@context":"https:\/\/schema.org","@graph":[{"@type":"WebPage","@id":"https:\/\/october.azdigi.shop\/index.php\/san-pham\/vintage-muse-bouquet\/","url":"https:\/\/october.azdigi.shop\/index.php\/san-pham\/vintage-muse-bouquet\/","name":"Vintage Muse Bouquet - OCTOBER FLOWER","isPartOf":{"@id":"https:\/\/october.azdigi.shop\/#website"},"primaryImageOfPage":{"@id":"https:\/\/october.azdigi.shop\/index.php\/san-pham\/vintage-muse-bouquet\/#primaryimage"},"image":{"@id":"https:\/\/october.azdigi.shop\/index.php\/san-pham\/vintage-muse-bouquet\/#primaryimage"},"thumbnailUrl":"https:\/\/october.azdigi.shop\/wp-content\/uploads\/2026\/04\/d.jpg","datePublished":"2026-04-04T19:33:12+00:00","dateModified":"2026-04-10T21:09:18+00:00","breadcrumb":{"@id":"https:\/\/october.azdigi.shop\/index.php\/san-pham\/vintage-muse-bouquet\/#breadcrumb"},"inLanguage":"vi","potentialAction":[{"@type":"ReadAction","target":["https:\/\/october.azdigi.shop\/index.php\/san-pham\/vintage-muse-bouquet\/"]}]},{"@type":"ImageObject","inLanguage":"vi","@id":"https:\/\/october.azdigi.shop\/index.php\/san-pham\/vintage-muse-bouquet\/#primaryimage","url":"https:\/\/october.azdigi.shop\/wp-content\/uploads\/2026\/04\/d.jpg","contentUrl":"https:\/\/october.azdigi.shop\/wp-content\/uploads\/2026\/04\/d.jpg","width":690,"height":920},{"@type":"BreadcrumbList","@id":"https:\/\/october.azdigi.shop\/index.php\/san-pham\/vintage-muse-bouquet\/#breadcrumb","itemListElement":[{"@type":"ListItem","position":1,"name":"Trang ch\u1ee7","item":"https:\/\/october.azdigi.shop\/"},{"@type":"ListItem","position":2,"name":"C\u1eeda h\u00e0ng","item":"https:\/\/october.azdigi.shop\/index.php\/tai-khoan\/"},{"@type":"ListItem","position":3,"name":"Vintage Muse Bouquet"}]},{"@type":"WebSite","@id":"https:\/\/october.azdigi.shop\/#website","url":"https:\/\/october.azdigi.shop\/","name":"OCTOBER FLOWER","description":"","potentialAction":[{"@type":"SearchAction","target":{"@type":"EntryPoint","urlTemplate":"https:\/\/october.azdigi.shop\/?s={search_term_string}"},"query-input":{"@type":"PropertyValueSpecification","valueRequired":true,"valueName":"search_term_string"}}],"inLanguage":"vi"}]}},"_links":{"self":[{"href":"https:\/\/october.azdigi.shop\/index.php\/wp-json\/wp\/v2\/product\/159","targetHints":{"allow":["GET"]}}],"collection":[{"href":"https:\/\/october.azdigi.shop\/index.php\/wp-json\/wp\/v2\/product"}],"about":[{"href":"https:\/\/october.azdigi.shop\/index.php\/wp-json\/wp\/v2\/types\/product"}],"replies":[{"embeddable":true,"href":"https:\/\/october.azdigi.shop\/index.php\/wp-json\/wp\/v2\/comments?post=159"}],"wp:featuredmedia":[{"embeddable":true,"href":"https:\/\/october.azdigi.shop\/index.php\/wp-json\/wp\/v2\/media\/160"}],"wp:attachment":[{"href":"https:\/\/october.azdigi.shop\/index.php\/wp-json\/wp\/v2\/media?parent=159"}],"wp:term":[{"taxonomy":"product_brand","embeddable":true,"href":"https:\/\/october.azdigi.shop\/index.php\/wp-json\/wp\/v2\/product_brand?post=159"},{"taxonomy":"product_cat","embeddable":true,"href":"https:\/\/october.azdigi.shop\/index.php\/wp-json\/wp\/v2\/product_cat?post=159"},{"taxonomy":"product_tag","embeddable":true,"href":"https:\/\/october.azdigi.shop\/index.php\/wp-json\/wp\/v2\/product_tag?post=159"}],"curies":[{"name":"wp","href":"https:\/\/api.w.org\/{rel}","templated":true}]}}