{"id":161,"date":"2026-04-04T19:36:47","date_gmt":"2026-04-04T19:36:47","guid":{"rendered":"https:\/\/october.azdigi.shop\/?post_type=product&#038;p=161"},"modified":"2026-04-05T05:33:43","modified_gmt":"2026-04-05T05:33:43","slug":"soft-romance-bouquet","status":"publish","type":"product","link":"https:\/\/october.azdigi.shop\/index.php\/san-pham\/soft-romance-bouquet\/","title":{"rendered":"Soft Romance Bouquet"},"content":{"rendered":"<h3 data-path-to-node=\"2\">SOFT ROMANCE BOUQUET: G\u00d3I TR\u1eccN S\u1ef0 NG\u1eccT NG\u00c0O V\u00c0 TINH KH\u00d4I<\/h3>\n<p data-path-to-node=\"3\">Trong ng\u00f4n ng\u1eef c\u1ee7a c\u00e1c lo\u00e0i hoa, s\u1eafc h\u1ed3ng pastel lu\u00f4n \u0111\u1ea1i di\u1ec7n cho nh\u1eefng rung c\u1ea3m \u0111\u1ea7u ti\u00ean \u2013 nh\u1eb9 nh\u00e0ng, thu\u1ea7n khi\u1ebft v\u00e0 \u0111\u1ea7y m\u1ed9ng m\u01a1. <b data-path-to-node=\"3\" data-index-in-node=\"132\">Soft Romance Bouquet<\/b> t\u1ea1i <b data-path-to-node=\"3\" data-index-in-node=\"157\">October Flower<\/b> ra \u0111\u1eddi ch\u00ednh t\u1eeb ngu\u1ed3n c\u1ea3m h\u1ee9ng \u1ea5y. \u0110\u00e2y l\u00e0 m\u1eabu thi\u1ebft k\u1ebf d\u00e0nh ri\u00eang cho nh\u1eefng ai \u0111ang t\u00ecm ki\u1ebfm m\u1ed9t m\u00f3n qu\u00e0 c\u00f3 th\u1ec3 thay l\u1eddi mu\u1ed1n n\u00f3i, g\u1eedi g\u1eafm s\u1ef1 quan t\u00e2m ch\u00e2n th\u00e0nh v\u00e0 t\u00ecnh y\u00eau d\u1ecbu d\u00e0ng \u0111\u1ebfn ng\u01b0\u1eddi nh\u1eadn.<\/p>\n<p data-path-to-node=\"4\">S\u1ee9c h\u00fat c\u1ee7a <b data-path-to-node=\"4\" data-index-in-node=\"12\">Soft Romance Bouquet<\/b> n\u1eb1m \u1edf s\u1ef1 ph\u1ed1i h\u1ee3p m\u00e0u s\u1eafc c\u1ef1c k\u1ef3 n\u1ecbnh m\u1eaft theo phong c\u00e1ch H\u00e0n Qu\u1ed1c (Korean Style). T\u00e2m \u0111i\u1ec3m c\u1ee7a b\u00f3 hoa l\u00e0 nh\u1eefng \u0111\u00f3a h\u1ed3ng Juliet ki\u00eau sa v\u1edbi l\u1edbp c\u00e1nh x\u1ebfp n\u1ebfp c\u1ea7u k\u1ef3, h\u00f2a quy\u1ec7n c\u00f9ng v\u1ebb mong manh c\u1ee7a hoa Mao L\u01b0\u01a1ng tr\u1eafng kem. \u0110i\u1ec3m xuy\u1ebft th\u00eam trong l\u00e0n m\u00e2y hoa \u1ea5y l\u00e0 nh\u1eefng nh\u00e0nh Phi Y\u1ebfn v\u01b0\u01a1n cao v\u00e0 hoa Scabiosa t\u00edm nh\u1ea1t, t\u1ea1o n\u00ean m\u1ed9t t\u1ed5ng th\u1ec3 b\u1ed3ng b\u1ec1nh, tho\u00e1t t\u1ee5c. T\u1ea5t c\u1ea3 \u0111\u01b0\u1ee3c bao b\u1ecdc trong l\u1edbp gi\u1ea5y Kraft m\u1ed9c m\u1ea1c, gi\u00fap t\u00f4n vinh tr\u1ecdn v\u1eb9n v\u1ebb \u0111\u1eb9p t\u1ef1 nhi\u00ean nh\u1ea5t c\u1ee7a t\u1eebng c\u00e1nh hoa.<\/p>\n<p data-path-to-node=\"5\">T\u1ea1i sao b\u1ea1n n\u00ean ch\u1ecdn <b data-path-to-node=\"5\" data-index-in-node=\"21\">Soft Romance Bouquet<\/b> l\u00e0m qu\u00e0 t\u1eb7ng?<\/p>\n<ul data-path-to-node=\"6\">\n<li>\n<p data-path-to-node=\"6,0,0\"><b data-path-to-node=\"6,0,0\" data-index-in-node=\"0\">Thi\u1ebft k\u1ebf l\u00e3ng m\u1ea1n:<\/b> Tone m\u00e0u h\u1ed3ng &#8211; tr\u1eafng ch\u1ee7 \u0111\u1ea1o mang l\u1ea1i c\u1ea3m gi\u00e1c th\u01b0 th\u00e1i, d\u1ec5 ch\u1ecbu v\u00e0 c\u1ef1c k\u1ef3 sang tr\u1ecdng khi c\u1ea7m tr\u00ean tay.<\/p>\n<\/li>\n<li>\n<p data-path-to-node=\"6,1,0\"><b data-path-to-node=\"6,1,0\" data-index-in-node=\"0\">Hoa t\u01b0\u01a1i m\u1ed7i ng\u00e0y:<\/b> T\u1ea1i October Flower, ch\u00fang m\u00ecnh ch\u1ec9 s\u1eed d\u1ee5ng nh\u1eefng b\u00f4ng hoa \u0111\u1ea1t \u0111\u1ed9 n\u1edf ho\u00e0n h\u1ea3o nh\u1ea5t, \u0111\u1ea3m b\u1ea3o b\u00f3 hoa gi\u1eef \u0111\u01b0\u1ee3c v\u1ebb r\u1ea1ng r\u1ee1 l\u00e2u b\u1ec1n.<\/p>\n<\/li>\n<li>\n<p data-path-to-node=\"6,2,0\"><b data-path-to-node=\"6,2,0\" data-index-in-node=\"0\">Ph\u00f9 h\u1ee3p m\u1ecdi d\u1ecbp:<\/b> D\u00f9 l\u00e0 t\u1eb7ng sinh nh\u1eadt b\u1ea1n g\u00e1i, k\u1ef7 ni\u1ec7m ng\u00e0y y\u00eau hay d\u00e0nh t\u1eb7ng m\u1eb9, m\u1eabu hoa n\u00e0y lu\u00f4n ho\u00e0n th\u00e0nh xu\u1ea5t s\u1eafc s\u1ee9 m\u1ec7nh lan t\u1ecfa h\u1ea1nh ph\u00fac.<\/p>\n<\/li>\n<\/ul>\n<p data-path-to-node=\"7\">Ch\u00fang m\u00ecnh tin r\u1eb1ng, m\u1ed9t b\u00f3 hoa \u0111\u1eb9p kh\u00f4ng ch\u1ec9 \u1edf h\u00ecnh th\u1ee9c m\u00e0 c\u00f2n \u1edf c\u1ea3m x\u00fac m\u00e0 n\u00f3 mang l\u1ea1i. V\u1edbi <b data-path-to-node=\"7\" data-index-in-node=\"95\">Soft Romance Bouquet<\/b>, m\u1ed7i kho\u1ea3nh kh\u1eafc trao \u0111i \u0111\u1ec1u s\u1ebd tr\u1edf th\u00e0nh m\u1ed9t k\u1ef7 ni\u1ec7m ng\u1ecdt ng\u00e0o kh\u00f3 qu\u00ean.<\/p>\n<p data-path-to-node=\"8\"><b data-path-to-node=\"8\" data-index-in-node=\"0\">October Flower \u2013 N\u01a1i nh\u1eefng t\u00ecnh c\u1ea3m ch\u00e2n th\u00e0nh \u0111\u01b0\u1ee3c g\u1eedi g\u1eafm qua t\u1eebng s\u1eafc hoa.<\/b><\/p>\n","protected":false},"excerpt":{"rendered":"<p>SOFT ROMANCE BOUQUET: G\u00d3I TR\u1eccN S\u1ef0 NG\u1eccT NG\u00c0O V\u00c0 TINH KH\u00d4I Trong ng\u00f4n ng\u1eef c\u1ee7a c\u00e1c lo\u00e0i hoa, s\u1eafc h\u1ed3ng pastel lu\u00f4n \u0111\u1ea1i di\u1ec7n cho nh\u1eefng rung c\u1ea3m \u0111\u1ea7u ti\u00ean \u2013 nh\u1eb9 nh\u00e0ng, thu\u1ea7n khi\u1ebft v\u00e0 \u0111\u1ea7y m\u1ed9ng m\u01a1. Soft Romance Bouquet t\u1ea1i October Flower ra \u0111\u1eddi ch\u00ednh t\u1eeb ngu\u1ed3n c\u1ea3m h\u1ee9ng \u1ea5y. \u0110\u00e2y l\u00e0 [&#8230;]\n","protected":false},"featured_media":162,"comment_status":"open","ping_status":"closed","template":"","meta":[],"product_brand":[],"product_cat":[22,19],"product_tag":[],"class_list":{"0":"post-161","1":"product","2":"type-product","3":"status-publish","4":"has-post-thumbnail","6":"product_cat-hoa-bo","7":"product_cat-hoa-chuc-mung","9":"first","10":"instock","11":"sale","12":"shipping-taxable","13":"purchasable","14":"product-type-simple"},"yoast_head":"<!-- This site is optimized with the Yoast SEO plugin v27.2 - https:\/\/yoast.com\/product\/yoast-seo-wordpress\/ -->\n<title>Soft Romance Bouquet - OCTOBER FLOWER<\/title>\n<meta name=\"robots\" content=\"index, follow, max-snippet:-1, max-image-preview:large, max-video-preview:-1\" \/>\n<link rel=\"canonical\" href=\"https:\/\/october.azdigi.shop\/index.php\/san-pham\/soft-romance-bouquet\/\" \/>\n<meta property=\"og:locale\" content=\"vi_VN\" \/>\n<meta property=\"og:type\" content=\"article\" \/>\n<meta property=\"og:title\" content=\"Soft Romance Bouquet - OCTOBER FLOWER\" \/>\n<meta property=\"og:description\" content=\"SOFT ROMANCE BOUQUET: G\u00d3I TR\u1eccN S\u1ef0 NG\u1eccT NG\u00c0O V\u00c0 TINH KH\u00d4I Trong ng\u00f4n ng\u1eef c\u1ee7a c\u00e1c lo\u00e0i hoa, s\u1eafc h\u1ed3ng pastel lu\u00f4n \u0111\u1ea1i di\u1ec7n cho nh\u1eefng rung c\u1ea3m \u0111\u1ea7u ti\u00ean \u2013 nh\u1eb9 nh\u00e0ng, thu\u1ea7n khi\u1ebft v\u00e0 \u0111\u1ea7y m\u1ed9ng m\u01a1. Soft Romance Bouquet t\u1ea1i October Flower ra \u0111\u1eddi ch\u00ednh t\u1eeb ngu\u1ed3n c\u1ea3m h\u1ee9ng \u1ea5y. \u0110\u00e2y l\u00e0 [...]\" \/>\n<meta property=\"og:url\" content=\"https:\/\/october.azdigi.shop\/index.php\/san-pham\/soft-romance-bouquet\/\" \/>\n<meta property=\"og:site_name\" content=\"OCTOBER FLOWER\" \/>\n<meta property=\"article:modified_time\" content=\"2026-04-05T05:33:43+00:00\" \/>\n<meta property=\"og:image\" content=\"https:\/\/october.azdigi.shop\/wp-content\/uploads\/2026\/04\/c.jpg\" \/>\n\t<meta property=\"og:image:width\" content=\"736\" \/>\n\t<meta property=\"og:image:height\" content=\"981\" \/>\n\t<meta property=\"og:image:type\" content=\"image\/jpeg\" \/>\n<meta name=\"twitter:card\" content=\"summary_large_image\" \/>\n<meta name=\"twitter:label1\" content=\"\u01af\u1edbc t\u00ednh th\u1eddi gian \u0111\u1ecdc\" \/>\n\t<meta name=\"twitter:data1\" content=\"3 ph\u00fat\" \/>\n<script type=\"application\/ld+json\" class=\"yoast-schema-graph\">{\"@context\":\"https:\/\/schema.org\",\"@graph\":[{\"@type\":\"WebPage\",\"@id\":\"https:\/\/october.azdigi.shop\/index.php\/san-pham\/soft-romance-bouquet\/\",\"url\":\"https:\/\/october.azdigi.shop\/index.php\/san-pham\/soft-romance-bouquet\/\",\"name\":\"Soft Romance Bouquet - OCTOBER FLOWER\",\"isPartOf\":{\"@id\":\"https:\/\/october.azdigi.shop\/#website\"},\"primaryImageOfPage\":{\"@id\":\"https:\/\/october.azdigi.shop\/index.php\/san-pham\/soft-romance-bouquet\/#primaryimage\"},\"image\":{\"@id\":\"https:\/\/october.azdigi.shop\/index.php\/san-pham\/soft-romance-bouquet\/#primaryimage\"},\"thumbnailUrl\":\"https:\/\/october.azdigi.shop\/wp-content\/uploads\/2026\/04\/c.jpg\",\"datePublished\":\"2026-04-04T19:36:47+00:00\",\"dateModified\":\"2026-04-05T05:33:43+00:00\",\"breadcrumb\":{\"@id\":\"https:\/\/october.azdigi.shop\/index.php\/san-pham\/soft-romance-bouquet\/#breadcrumb\"},\"inLanguage\":\"vi\",\"potentialAction\":[{\"@type\":\"ReadAction\",\"target\":[\"https:\/\/october.azdigi.shop\/index.php\/san-pham\/soft-romance-bouquet\/\"]}]},{\"@type\":\"ImageObject\",\"inLanguage\":\"vi\",\"@id\":\"https:\/\/october.azdigi.shop\/index.php\/san-pham\/soft-romance-bouquet\/#primaryimage\",\"url\":\"https:\/\/october.azdigi.shop\/wp-content\/uploads\/2026\/04\/c.jpg\",\"contentUrl\":\"https:\/\/october.azdigi.shop\/wp-content\/uploads\/2026\/04\/c.jpg\",\"width\":736,\"height\":981},{\"@type\":\"BreadcrumbList\",\"@id\":\"https:\/\/october.azdigi.shop\/index.php\/san-pham\/soft-romance-bouquet\/#breadcrumb\",\"itemListElement\":[{\"@type\":\"ListItem\",\"position\":1,\"name\":\"Trang ch\u1ee7\",\"item\":\"https:\/\/october.azdigi.shop\/\"},{\"@type\":\"ListItem\",\"position\":2,\"name\":\"C\u1eeda h\u00e0ng\",\"item\":\"https:\/\/october.azdigi.shop\/index.php\/tai-khoan\/\"},{\"@type\":\"ListItem\",\"position\":3,\"name\":\"Soft Romance Bouquet\"}]},{\"@type\":\"WebSite\",\"@id\":\"https:\/\/october.azdigi.shop\/#website\",\"url\":\"https:\/\/october.azdigi.shop\/\",\"name\":\"OCTOBER FLOWER\",\"description\":\"\",\"potentialAction\":[{\"@type\":\"SearchAction\",\"target\":{\"@type\":\"EntryPoint\",\"urlTemplate\":\"https:\/\/october.azdigi.shop\/?s={search_term_string}\"},\"query-input\":{\"@type\":\"PropertyValueSpecification\",\"valueRequired\":true,\"valueName\":\"search_term_string\"}}],\"inLanguage\":\"vi\"}]}<\/script>\n<!-- \/ Yoast SEO plugin. -->","yoast_head_json":{"title":"Soft Romance Bouquet - OCTOBER FLOWER","robots":{"index":"index","follow":"follow","max-snippet":"max-snippet:-1","max-image-preview":"max-image-preview:large","max-video-preview":"max-video-preview:-1"},"canonical":"https:\/\/october.azdigi.shop\/index.php\/san-pham\/soft-romance-bouquet\/","og_locale":"vi_VN","og_type":"article","og_title":"Soft Romance Bouquet - OCTOBER FLOWER","og_description":"SOFT ROMANCE BOUQUET: G\u00d3I TR\u1eccN S\u1ef0 NG\u1eccT NG\u00c0O V\u00c0 TINH KH\u00d4I Trong ng\u00f4n ng\u1eef c\u1ee7a c\u00e1c lo\u00e0i hoa, s\u1eafc h\u1ed3ng pastel lu\u00f4n \u0111\u1ea1i di\u1ec7n cho nh\u1eefng rung c\u1ea3m \u0111\u1ea7u ti\u00ean \u2013 nh\u1eb9 nh\u00e0ng, thu\u1ea7n khi\u1ebft v\u00e0 \u0111\u1ea7y m\u1ed9ng m\u01a1. Soft Romance Bouquet t\u1ea1i October Flower ra \u0111\u1eddi ch\u00ednh t\u1eeb ngu\u1ed3n c\u1ea3m h\u1ee9ng \u1ea5y. \u0110\u00e2y l\u00e0 [...]","og_url":"https:\/\/october.azdigi.shop\/index.php\/san-pham\/soft-romance-bouquet\/","og_site_name":"OCTOBER FLOWER","article_modified_time":"2026-04-05T05:33:43+00:00","og_image":[{"width":736,"height":981,"url":"https:\/\/october.azdigi.shop\/wp-content\/uploads\/2026\/04\/c.jpg","type":"image\/jpeg"}],"twitter_card":"summary_large_image","twitter_misc":{"\u01af\u1edbc t\u00ednh th\u1eddi gian \u0111\u1ecdc":"3 ph\u00fat"},"schema":{"@context":"https:\/\/schema.org","@graph":[{"@type":"WebPage","@id":"https:\/\/october.azdigi.shop\/index.php\/san-pham\/soft-romance-bouquet\/","url":"https:\/\/october.azdigi.shop\/index.php\/san-pham\/soft-romance-bouquet\/","name":"Soft Romance Bouquet - OCTOBER FLOWER","isPartOf":{"@id":"https:\/\/october.azdigi.shop\/#website"},"primaryImageOfPage":{"@id":"https:\/\/october.azdigi.shop\/index.php\/san-pham\/soft-romance-bouquet\/#primaryimage"},"image":{"@id":"https:\/\/october.azdigi.shop\/index.php\/san-pham\/soft-romance-bouquet\/#primaryimage"},"thumbnailUrl":"https:\/\/october.azdigi.shop\/wp-content\/uploads\/2026\/04\/c.jpg","datePublished":"2026-04-04T19:36:47+00:00","dateModified":"2026-04-05T05:33:43+00:00","breadcrumb":{"@id":"https:\/\/october.azdigi.shop\/index.php\/san-pham\/soft-romance-bouquet\/#breadcrumb"},"inLanguage":"vi","potentialAction":[{"@type":"ReadAction","target":["https:\/\/october.azdigi.shop\/index.php\/san-pham\/soft-romance-bouquet\/"]}]},{"@type":"ImageObject","inLanguage":"vi","@id":"https:\/\/october.azdigi.shop\/index.php\/san-pham\/soft-romance-bouquet\/#primaryimage","url":"https:\/\/october.azdigi.shop\/wp-content\/uploads\/2026\/04\/c.jpg","contentUrl":"https:\/\/october.azdigi.shop\/wp-content\/uploads\/2026\/04\/c.jpg","width":736,"height":981},{"@type":"BreadcrumbList","@id":"https:\/\/october.azdigi.shop\/index.php\/san-pham\/soft-romance-bouquet\/#breadcrumb","itemListElement":[{"@type":"ListItem","position":1,"name":"Trang ch\u1ee7","item":"https:\/\/october.azdigi.shop\/"},{"@type":"ListItem","position":2,"name":"C\u1eeda h\u00e0ng","item":"https:\/\/october.azdigi.shop\/index.php\/tai-khoan\/"},{"@type":"ListItem","position":3,"name":"Soft Romance Bouquet"}]},{"@type":"WebSite","@id":"https:\/\/october.azdigi.shop\/#website","url":"https:\/\/october.azdigi.shop\/","name":"OCTOBER FLOWER","description":"","potentialAction":[{"@type":"SearchAction","target":{"@type":"EntryPoint","urlTemplate":"https:\/\/october.azdigi.shop\/?s={search_term_string}"},"query-input":{"@type":"PropertyValueSpecification","valueRequired":true,"valueName":"search_term_string"}}],"inLanguage":"vi"}]}},"_links":{"self":[{"href":"https:\/\/october.azdigi.shop\/index.php\/wp-json\/wp\/v2\/product\/161","targetHints":{"allow":["GET"]}}],"collection":[{"href":"https:\/\/october.azdigi.shop\/index.php\/wp-json\/wp\/v2\/product"}],"about":[{"href":"https:\/\/october.azdigi.shop\/index.php\/wp-json\/wp\/v2\/types\/product"}],"replies":[{"embeddable":true,"href":"https:\/\/october.azdigi.shop\/index.php\/wp-json\/wp\/v2\/comments?post=161"}],"wp:featuredmedia":[{"embeddable":true,"href":"https:\/\/october.azdigi.shop\/index.php\/wp-json\/wp\/v2\/media\/162"}],"wp:attachment":[{"href":"https:\/\/october.azdigi.shop\/index.php\/wp-json\/wp\/v2\/media?parent=161"}],"wp:term":[{"taxonomy":"product_brand","embeddable":true,"href":"https:\/\/october.azdigi.shop\/index.php\/wp-json\/wp\/v2\/product_brand?post=161"},{"taxonomy":"product_cat","embeddable":true,"href":"https:\/\/october.azdigi.shop\/index.php\/wp-json\/wp\/v2\/product_cat?post=161"},{"taxonomy":"product_tag","embeddable":true,"href":"https:\/\/october.azdigi.shop\/index.php\/wp-json\/wp\/v2\/product_tag?post=161"}],"curies":[{"name":"wp","href":"https:\/\/api.w.org\/{rel}","templated":true}]}}