{"id":165,"date":"2026-04-04T19:44:33","date_gmt":"2026-04-04T19:44:33","guid":{"rendered":"https:\/\/october.azdigi.shop\/?post_type=product&#038;p=165"},"modified":"2026-04-05T05:31:06","modified_gmt":"2026-04-05T05:31:06","slug":"spring-melody-bouquet","status":"publish","type":"product","link":"https:\/\/october.azdigi.shop\/index.php\/san-pham\/spring-melody-bouquet\/","title":{"rendered":"Spring Melody Bouquet"},"content":{"rendered":"<p data-path-to-node=\"6\"><b data-path-to-node=\"6\" data-index-in-node=\"0\">SPRING MELODY BOUQUET: V\u1eba \u0110\u1eb8P TRONG TR\u1ebaO V\u00c0 NG\u1eccT NG\u00c0O<\/b><\/p>\n<p data-path-to-node=\"7\">Trong th\u1ebf gi\u1edbi c\u1ee7a nh\u1eefng lo\u00e0i hoa, m\u00e0u h\u1ed3ng ph\u1ea5n lu\u00f4n l\u00e0 bi\u1ec3u t\u01b0\u1ee3ng c\u1ee7a m\u1ed9t t\u00ecnh y\u00eau m\u1edbi ch\u1edbm \u2013 nh\u1eb9 nh\u00e0ng, ch\u00e2n th\u00e0nh v\u00e0 \u0111\u1ea7y m\u1ed9ng m\u01a1. <b data-path-to-node=\"7\" data-index-in-node=\"134\">Spring Melody Bouquet<\/b> t\u1ea1i <b data-path-to-node=\"7\" data-index-in-node=\"160\">October Flower<\/b> \u0111\u01b0\u1ee3c ra \u0111\u1eddi \u0111\u1ec3 g\u00f3i tr\u1ecdn nh\u1eefng c\u1ea3m x\u00fac thanh khi\u1ebft \u1ea5y v\u00e0o t\u1eebng c\u00e1nh hoa m\u1ec1m m\u1ea1i, mang \u0111\u1ebfn m\u1ed9t m\u00f3n qu\u00e0 tinh t\u1ebf cho nh\u1eefng t\u00e2m h\u1ed3n l\u00e3ng m\u1ea1n.<\/p>\n<p data-path-to-node=\"8\">S\u1ee9c h\u00fat c\u1ee7a <b data-path-to-node=\"8\" data-index-in-node=\"12\">Spring Melody Bouquet<\/b> \u0111\u1ebfn t\u1eeb s\u1ef1 k\u1ebft h\u1ee3p t\u00e0i t\u00ecnh gi\u1eefa c\u00e1c d\u00f2ng hoa mang phong c\u00e1ch \u0111\u1ed3ng n\u1ed9i ch\u00e2u \u00c2u. T\u00e2m \u0111i\u1ec3m l\u00e0 nh\u1eefng \u0111\u00f3a h\u1ed3ng t\u1ec9 mu\u1ed9i h\u1ed3ng ph\u1ea5n duy\u00ean d\u00e1ng, \u0111an xen c\u00f9ng s\u1eafc tr\u1eafng tinh kh\u00f4i c\u1ee7a hoa c\u00fac h\u1ecda mi v\u00e0 hoa ly l\u00f9n. \u0110i\u1ec3m xuy\u1ebft th\u00eam nh\u1eefng nh\u00e0nh c\u1ecf \u0111\u1ed3ng ti\u1ec1n xanh m\u01b0\u1edbt, t\u1ea5t c\u1ea3 t\u1ea1o n\u00ean m\u1ed9t t\u1ed5ng th\u1ec3 b\u1ed3ng b\u1ec1nh nh\u01b0 m\u1ed9t \u0111\u00f3a m\u00e2y nh\u1ecf, v\u1eeba <b data-path-to-node=\"8\" data-index-in-node=\"352\">thi\u1ebft k\u1ebf tinh t\u1ebf<\/b> v\u1eeba tr\u00e0n \u0111\u1ea7y nh\u1ef1a s\u1ed1ng. B\u00f3 hoa \u0111\u01b0\u1ee3c bao b\u1ecdc trong l\u1edbp gi\u1ea5y g\u00f3i tr\u1eafng cao c\u1ea5p, t\u00f4n vinh tr\u1ecdn v\u1eb9n s\u1ef1 sang tr\u1ecdng v\u00e0 thu\u1ea7n khi\u1ebft.<\/p>\n<p data-path-to-node=\"9\">T\u1ea1i sao b\u1ea1n n\u00ean ch\u1ecdn <b data-path-to-node=\"9\" data-index-in-node=\"21\">Spring Melody Bouquet<\/b> t\u1ea1i October Flower?<\/p>\n<ul data-path-to-node=\"10\">\n<li>\n<p data-path-to-node=\"10,0,0\"><b data-path-to-node=\"10,0,0\" data-index-in-node=\"0\">Thi\u1ebft k\u1ebf hi\u1ec7n \u0111\u1ea1i:<\/b> Phong c\u00e1ch c\u1eafm hoa bay b\u1ed5ng, kh\u00f4ng g\u00f2 b\u00f3, c\u1ef1c k\u1ef3 ph\u00f9 h\u1ee3p \u0111\u1ec3 ch\u1ee5p \u1ea3nh k\u1ef7 ni\u1ec7m ho\u1eb7c trang tr\u00ed kh\u00f4ng gian s\u1ed1ng.<\/p>\n<\/li>\n<li>\n<p data-path-to-node=\"10,1,0\"><b data-path-to-node=\"10,1,0\" data-index-in-node=\"0\">Hoa t\u01b0\u01a1i m\u1ed7i ng\u00e0y:<\/b> Ch\u00fang m\u00ecnh cam k\u1ebft tuy\u1ec3n ch\u1ecdn nh\u1eefng b\u00f4ng hoa t\u01b0\u01a1i m\u1edbi nh\u1ea5t, \u0111\u1ea3m b\u1ea3o \u0111\u1ed9 b\u1ec1n v\u00e0 h\u01b0\u01a1ng th\u01a1m d\u1ecbu nh\u1eb9.<\/p>\n<\/li>\n<li>\n<p data-path-to-node=\"10,2,0\"><b data-path-to-node=\"10,2,0\" data-index-in-node=\"0\">M\u00f3n qu\u00e0 \u00fd ngh\u0129a:<\/b> D\u00f9 l\u00e0 t\u1eb7ng sinh nh\u1eadt b\u1ea1n g\u00e1i, qu\u00e0 c\u1ea3m \u01a1n hay t\u1eb7ng ch\u00ednh m\u00ecnh, b\u00f3 hoa n\u00e0y lu\u00f4n mang l\u1ea1i c\u1ea3m gi\u00e1c b\u00ecnh y\u00ean v\u00e0 h\u1ea1nh ph\u00fac.<\/p>\n<\/li>\n<\/ul>\n<p data-path-to-node=\"11\">H\u00e3y \u0111\u1ec3 <b data-path-to-node=\"11\" data-index-in-node=\"7\">Spring Melody Bouquet<\/b> thay b\u1ea1n g\u1eedi \u0111i nh\u1eefng l\u1eddi ch\u00fac t\u1ed1t \u0111\u1eb9p nh\u1ea5t. B\u1edfi \u0111\u00f4i khi, s\u1ef1 d\u1ecbu d\u00e0ng l\u1ea1i c\u00f3 s\u1ee9c m\u1ea1nh k\u1ebft n\u1ed1i l\u1edbn lao h\u01a1n m\u1ecdi l\u1eddi n\u00f3i.<\/p>\n<p data-path-to-node=\"12\"><b data-path-to-node=\"12\" data-index-in-node=\"0\">October Flower \u2013 N\u01a1i t\u00ecnh y\u00eau \u0111\u01b0\u1ee3c th\u0103ng hoa qua t\u1eebng s\u1eafc hoa.<\/b><\/p>\n","protected":false},"excerpt":{"rendered":"<p>SPRING MELODY BOUQUET: V\u1eba \u0110\u1eb8P TRONG TR\u1ebaO V\u00c0 NG\u1eccT NG\u00c0O Trong th\u1ebf gi\u1edbi c\u1ee7a nh\u1eefng lo\u00e0i hoa, m\u00e0u h\u1ed3ng ph\u1ea5n lu\u00f4n l\u00e0 bi\u1ec3u t\u01b0\u1ee3ng c\u1ee7a m\u1ed9t t\u00ecnh y\u00eau m\u1edbi ch\u1edbm \u2013 nh\u1eb9 nh\u00e0ng, ch\u00e2n th\u00e0nh v\u00e0 \u0111\u1ea7y m\u1ed9ng m\u01a1. Spring Melody Bouquet t\u1ea1i October Flower \u0111\u01b0\u1ee3c ra \u0111\u1eddi \u0111\u1ec3 g\u00f3i tr\u1ecdn nh\u1eefng c\u1ea3m x\u00fac thanh [&#8230;]\n","protected":false},"featured_media":166,"comment_status":"open","ping_status":"closed","template":"","meta":[],"product_brand":[],"product_cat":[22],"product_tag":[],"class_list":{"0":"post-165","1":"product","2":"type-product","3":"status-publish","4":"has-post-thumbnail","6":"product_cat-hoa-bo","8":"first","9":"instock","10":"sale","11":"shipping-taxable","12":"purchasable","13":"product-type-simple"},"yoast_head":"<!-- This site is optimized with the Yoast SEO plugin v27.2 - https:\/\/yoast.com\/product\/yoast-seo-wordpress\/ -->\n<title>Spring Melody Bouquet - OCTOBER FLOWER<\/title>\n<meta name=\"robots\" content=\"index, follow, max-snippet:-1, max-image-preview:large, max-video-preview:-1\" \/>\n<link rel=\"canonical\" href=\"https:\/\/october.azdigi.shop\/index.php\/san-pham\/spring-melody-bouquet\/\" \/>\n<meta property=\"og:locale\" content=\"vi_VN\" \/>\n<meta property=\"og:type\" content=\"article\" \/>\n<meta property=\"og:title\" content=\"Spring Melody Bouquet - OCTOBER FLOWER\" \/>\n<meta property=\"og:description\" content=\"SPRING MELODY BOUQUET: V\u1eba \u0110\u1eb8P TRONG TR\u1ebaO V\u00c0 NG\u1eccT NG\u00c0O Trong th\u1ebf gi\u1edbi c\u1ee7a nh\u1eefng lo\u00e0i hoa, m\u00e0u h\u1ed3ng ph\u1ea5n lu\u00f4n l\u00e0 bi\u1ec3u t\u01b0\u1ee3ng c\u1ee7a m\u1ed9t t\u00ecnh y\u00eau m\u1edbi ch\u1edbm \u2013 nh\u1eb9 nh\u00e0ng, ch\u00e2n th\u00e0nh v\u00e0 \u0111\u1ea7y m\u1ed9ng m\u01a1. Spring Melody Bouquet t\u1ea1i October Flower \u0111\u01b0\u1ee3c ra \u0111\u1eddi \u0111\u1ec3 g\u00f3i tr\u1ecdn nh\u1eefng c\u1ea3m x\u00fac thanh [...]\" \/>\n<meta property=\"og:url\" content=\"https:\/\/october.azdigi.shop\/index.php\/san-pham\/spring-melody-bouquet\/\" \/>\n<meta property=\"og:site_name\" content=\"OCTOBER FLOWER\" \/>\n<meta property=\"article:modified_time\" content=\"2026-04-05T05:31:06+00:00\" \/>\n<meta property=\"og:image\" content=\"https:\/\/october.azdigi.shop\/wp-content\/uploads\/2026\/04\/HTY2.jpg\" \/>\n\t<meta property=\"og:image:width\" content=\"736\" \/>\n\t<meta property=\"og:image:height\" content=\"981\" \/>\n\t<meta property=\"og:image:type\" content=\"image\/jpeg\" \/>\n<meta name=\"twitter:card\" content=\"summary_large_image\" \/>\n<meta name=\"twitter:label1\" content=\"\u01af\u1edbc t\u00ednh th\u1eddi gian \u0111\u1ecdc\" \/>\n\t<meta name=\"twitter:data1\" content=\"2 ph\u00fat\" \/>\n<script type=\"application\/ld+json\" class=\"yoast-schema-graph\">{\"@context\":\"https:\/\/schema.org\",\"@graph\":[{\"@type\":\"WebPage\",\"@id\":\"https:\/\/october.azdigi.shop\/index.php\/san-pham\/spring-melody-bouquet\/\",\"url\":\"https:\/\/october.azdigi.shop\/index.php\/san-pham\/spring-melody-bouquet\/\",\"name\":\"Spring Melody Bouquet - OCTOBER FLOWER\",\"isPartOf\":{\"@id\":\"https:\/\/october.azdigi.shop\/#website\"},\"primaryImageOfPage\":{\"@id\":\"https:\/\/october.azdigi.shop\/index.php\/san-pham\/spring-melody-bouquet\/#primaryimage\"},\"image\":{\"@id\":\"https:\/\/october.azdigi.shop\/index.php\/san-pham\/spring-melody-bouquet\/#primaryimage\"},\"thumbnailUrl\":\"https:\/\/october.azdigi.shop\/wp-content\/uploads\/2026\/04\/HTY2.jpg\",\"datePublished\":\"2026-04-04T19:44:33+00:00\",\"dateModified\":\"2026-04-05T05:31:06+00:00\",\"breadcrumb\":{\"@id\":\"https:\/\/october.azdigi.shop\/index.php\/san-pham\/spring-melody-bouquet\/#breadcrumb\"},\"inLanguage\":\"vi\",\"potentialAction\":[{\"@type\":\"ReadAction\",\"target\":[\"https:\/\/october.azdigi.shop\/index.php\/san-pham\/spring-melody-bouquet\/\"]}]},{\"@type\":\"ImageObject\",\"inLanguage\":\"vi\",\"@id\":\"https:\/\/october.azdigi.shop\/index.php\/san-pham\/spring-melody-bouquet\/#primaryimage\",\"url\":\"https:\/\/october.azdigi.shop\/wp-content\/uploads\/2026\/04\/HTY2.jpg\",\"contentUrl\":\"https:\/\/october.azdigi.shop\/wp-content\/uploads\/2026\/04\/HTY2.jpg\",\"width\":736,\"height\":981},{\"@type\":\"BreadcrumbList\",\"@id\":\"https:\/\/october.azdigi.shop\/index.php\/san-pham\/spring-melody-bouquet\/#breadcrumb\",\"itemListElement\":[{\"@type\":\"ListItem\",\"position\":1,\"name\":\"Trang ch\u1ee7\",\"item\":\"https:\/\/october.azdigi.shop\/\"},{\"@type\":\"ListItem\",\"position\":2,\"name\":\"C\u1eeda h\u00e0ng\",\"item\":\"https:\/\/october.azdigi.shop\/index.php\/tai-khoan\/\"},{\"@type\":\"ListItem\",\"position\":3,\"name\":\"Spring Melody Bouquet\"}]},{\"@type\":\"WebSite\",\"@id\":\"https:\/\/october.azdigi.shop\/#website\",\"url\":\"https:\/\/october.azdigi.shop\/\",\"name\":\"OCTOBER FLOWER\",\"description\":\"\",\"potentialAction\":[{\"@type\":\"SearchAction\",\"target\":{\"@type\":\"EntryPoint\",\"urlTemplate\":\"https:\/\/october.azdigi.shop\/?s={search_term_string}\"},\"query-input\":{\"@type\":\"PropertyValueSpecification\",\"valueRequired\":true,\"valueName\":\"search_term_string\"}}],\"inLanguage\":\"vi\"}]}<\/script>\n<!-- \/ Yoast SEO plugin. -->","yoast_head_json":{"title":"Spring Melody Bouquet - OCTOBER FLOWER","robots":{"index":"index","follow":"follow","max-snippet":"max-snippet:-1","max-image-preview":"max-image-preview:large","max-video-preview":"max-video-preview:-1"},"canonical":"https:\/\/october.azdigi.shop\/index.php\/san-pham\/spring-melody-bouquet\/","og_locale":"vi_VN","og_type":"article","og_title":"Spring Melody Bouquet - OCTOBER FLOWER","og_description":"SPRING MELODY BOUQUET: V\u1eba \u0110\u1eb8P TRONG TR\u1ebaO V\u00c0 NG\u1eccT NG\u00c0O Trong th\u1ebf gi\u1edbi c\u1ee7a nh\u1eefng lo\u00e0i hoa, m\u00e0u h\u1ed3ng ph\u1ea5n lu\u00f4n l\u00e0 bi\u1ec3u t\u01b0\u1ee3ng c\u1ee7a m\u1ed9t t\u00ecnh y\u00eau m\u1edbi ch\u1edbm \u2013 nh\u1eb9 nh\u00e0ng, ch\u00e2n th\u00e0nh v\u00e0 \u0111\u1ea7y m\u1ed9ng m\u01a1. Spring Melody Bouquet t\u1ea1i October Flower \u0111\u01b0\u1ee3c ra \u0111\u1eddi \u0111\u1ec3 g\u00f3i tr\u1ecdn nh\u1eefng c\u1ea3m x\u00fac thanh [...]","og_url":"https:\/\/october.azdigi.shop\/index.php\/san-pham\/spring-melody-bouquet\/","og_site_name":"OCTOBER FLOWER","article_modified_time":"2026-04-05T05:31:06+00:00","og_image":[{"width":736,"height":981,"url":"https:\/\/october.azdigi.shop\/wp-content\/uploads\/2026\/04\/HTY2.jpg","type":"image\/jpeg"}],"twitter_card":"summary_large_image","twitter_misc":{"\u01af\u1edbc t\u00ednh th\u1eddi gian \u0111\u1ecdc":"2 ph\u00fat"},"schema":{"@context":"https:\/\/schema.org","@graph":[{"@type":"WebPage","@id":"https:\/\/october.azdigi.shop\/index.php\/san-pham\/spring-melody-bouquet\/","url":"https:\/\/october.azdigi.shop\/index.php\/san-pham\/spring-melody-bouquet\/","name":"Spring Melody Bouquet - OCTOBER FLOWER","isPartOf":{"@id":"https:\/\/october.azdigi.shop\/#website"},"primaryImageOfPage":{"@id":"https:\/\/october.azdigi.shop\/index.php\/san-pham\/spring-melody-bouquet\/#primaryimage"},"image":{"@id":"https:\/\/october.azdigi.shop\/index.php\/san-pham\/spring-melody-bouquet\/#primaryimage"},"thumbnailUrl":"https:\/\/october.azdigi.shop\/wp-content\/uploads\/2026\/04\/HTY2.jpg","datePublished":"2026-04-04T19:44:33+00:00","dateModified":"2026-04-05T05:31:06+00:00","breadcrumb":{"@id":"https:\/\/october.azdigi.shop\/index.php\/san-pham\/spring-melody-bouquet\/#breadcrumb"},"inLanguage":"vi","potentialAction":[{"@type":"ReadAction","target":["https:\/\/october.azdigi.shop\/index.php\/san-pham\/spring-melody-bouquet\/"]}]},{"@type":"ImageObject","inLanguage":"vi","@id":"https:\/\/october.azdigi.shop\/index.php\/san-pham\/spring-melody-bouquet\/#primaryimage","url":"https:\/\/october.azdigi.shop\/wp-content\/uploads\/2026\/04\/HTY2.jpg","contentUrl":"https:\/\/october.azdigi.shop\/wp-content\/uploads\/2026\/04\/HTY2.jpg","width":736,"height":981},{"@type":"BreadcrumbList","@id":"https:\/\/october.azdigi.shop\/index.php\/san-pham\/spring-melody-bouquet\/#breadcrumb","itemListElement":[{"@type":"ListItem","position":1,"name":"Trang ch\u1ee7","item":"https:\/\/october.azdigi.shop\/"},{"@type":"ListItem","position":2,"name":"C\u1eeda h\u00e0ng","item":"https:\/\/october.azdigi.shop\/index.php\/tai-khoan\/"},{"@type":"ListItem","position":3,"name":"Spring Melody Bouquet"}]},{"@type":"WebSite","@id":"https:\/\/october.azdigi.shop\/#website","url":"https:\/\/october.azdigi.shop\/","name":"OCTOBER FLOWER","description":"","potentialAction":[{"@type":"SearchAction","target":{"@type":"EntryPoint","urlTemplate":"https:\/\/october.azdigi.shop\/?s={search_term_string}"},"query-input":{"@type":"PropertyValueSpecification","valueRequired":true,"valueName":"search_term_string"}}],"inLanguage":"vi"}]}},"_links":{"self":[{"href":"https:\/\/october.azdigi.shop\/index.php\/wp-json\/wp\/v2\/product\/165","targetHints":{"allow":["GET"]}}],"collection":[{"href":"https:\/\/october.azdigi.shop\/index.php\/wp-json\/wp\/v2\/product"}],"about":[{"href":"https:\/\/october.azdigi.shop\/index.php\/wp-json\/wp\/v2\/types\/product"}],"replies":[{"embeddable":true,"href":"https:\/\/october.azdigi.shop\/index.php\/wp-json\/wp\/v2\/comments?post=165"}],"wp:featuredmedia":[{"embeddable":true,"href":"https:\/\/october.azdigi.shop\/index.php\/wp-json\/wp\/v2\/media\/166"}],"wp:attachment":[{"href":"https:\/\/october.azdigi.shop\/index.php\/wp-json\/wp\/v2\/media?parent=165"}],"wp:term":[{"taxonomy":"product_brand","embeddable":true,"href":"https:\/\/october.azdigi.shop\/index.php\/wp-json\/wp\/v2\/product_brand?post=165"},{"taxonomy":"product_cat","embeddable":true,"href":"https:\/\/october.azdigi.shop\/index.php\/wp-json\/wp\/v2\/product_cat?post=165"},{"taxonomy":"product_tag","embeddable":true,"href":"https:\/\/october.azdigi.shop\/index.php\/wp-json\/wp\/v2\/product_tag?post=165"}],"curies":[{"name":"wp","href":"https:\/\/api.w.org\/{rel}","templated":true}]}}