{"id":167,"date":"2026-04-04T19:46:26","date_gmt":"2026-04-04T19:46:26","guid":{"rendered":"https:\/\/october.azdigi.shop\/?post_type=product&#038;p=167"},"modified":"2026-04-10T21:08:58","modified_gmt":"2026-04-10T21:08:58","slug":"sweet-dream-bouquet","status":"publish","type":"product","link":"https:\/\/october.azdigi.shop\/index.php\/san-pham\/sweet-dream-bouquet\/","title":{"rendered":"Sweet Dream Bouquet"},"content":{"rendered":"<h3 data-path-to-node=\"9\">SWEET DREAM BOUQUET: G\u00d3I TR\u1eccN V\u1eba \u0110\u1eb8P K\u1eb8O NG\u1eccT V\u00c0 TRONG TR\u1ebaO<\/h3>\n<p data-path-to-node=\"10\">Trong nh\u1eefng d\u1ecbp \u0111\u1eb7c bi\u1ec7t, \u0111\u00f4i khi m\u1ed9t m\u00f3n qu\u00e0 \u0111\u01a1n gi\u1ea3n nh\u01b0ng tinh t\u1ebf l\u1ea1i c\u00f3 s\u1ee9c m\u1ea1nh g\u1eafn k\u1ebft k\u1ef3 di\u1ec7u. <b data-path-to-node=\"10\" data-index-in-node=\"102\">Sweet Dream Bouquet<\/b> t\u1ea1i <b data-path-to-node=\"10\" data-index-in-node=\"126\">October Flower<\/b> ch\u00ednh l\u00e0 m\u1ed9t t\u00e1c ph\u1ea9m nh\u01b0 th\u1ebf \u2013 m\u1ed9t b\u1ea3n giao h\u01b0\u1edfng nh\u1eb9 nh\u00e0ng gi\u1eefa s\u1eafc h\u1ed3ng l\u00e3ng m\u1ea1n v\u00e0 \u00e1nh xanh thanh khi\u1ebft, mang \u0111\u1ebfn c\u1ea3m gi\u00e1c y\u00ean b\u00ecnh v\u00e0 h\u1ea1nh ph\u00fac ngay t\u1eeb c\u00e1i nh\u00ecn \u0111\u1ea7u ti\u00ean.<\/p>\n<p data-path-to-node=\"11\">S\u1ee9c h\u00fat c\u1ee7a <b data-path-to-node=\"11\" data-index-in-node=\"12\">Sweet Dream Bouquet<\/b> n\u1eb1m \u1edf s\u1ef1 ph\u1ed1i h\u1ee3p m\u00e0u s\u1eafc v\u00f4 c\u00f9ng n\u1ecbnh m\u1eaft. Nh\u1eefng \u0111\u00f3a h\u1ed3ng Ohara mang s\u1eafc h\u1ed3ng pastel ch\u1ee7 \u0111\u1ea1o, t\u01b0\u1ee3ng tr\u01b0ng cho t\u00ecnh y\u00eau thu\u1ea7n khi\u1ebft v\u00e0 s\u1ef1 tr\u00e2n tr\u1ecdng. \u0110i\u1ec3m xuy\u1ebft trong &#8220;khu v\u01b0\u1eddn nh\u1ecf&#8221; \u1ea5y l\u00e0 nh\u1eefng \u0111\u00f3a hoa Tweedia xanh d\u01b0\u01a1ng h\u00ecnh ng\u00f4i sao v\u00e0 c\u00fac Tana tr\u1eafng nh\u1ee5y v\u00e0ng li ti. T\u1ea5t c\u1ea3 h\u00f2a quy quy\u1ec7n c\u00f9ng nhau t\u1ea1o n\u00ean m\u1ed9t thi\u1ebft k\u1ebf v\u1eeba bay b\u1ed5ng, v\u1eeba <b data-path-to-node=\"11\" data-index-in-node=\"372\">thi\u1ebft k\u1ebf tinh t\u1ebf<\/b>, c\u1ef1c k\u1ef3 ph\u00f9 h\u1ee3p v\u1edbi nh\u1eefng c\u00f4 n\u00e0ng y\u00eau th\u00edch phong c\u00e1ch ti\u1ec3u th\u01b0, nh\u1eb9 nh\u00e0ng.<\/p>\n<p data-path-to-node=\"12\">T\u1ea1i sao b\u1ea1n n\u00ean tin t\u01b0\u1edfng l\u1ef1a ch\u1ecdn <b data-path-to-node=\"12\" data-index-in-node=\"35\">Sweet Dream Bouquet<\/b>?<\/p>\n<ul data-path-to-node=\"13\">\n<li>\n<p data-path-to-node=\"13,0,0\"><b data-path-to-node=\"13,0,0\" data-index-in-node=\"0\">Hoa t\u01b0\u01a1i m\u1ed7i ng\u00e0y:<\/b> October Flower lu\u00f4n ch\u1ecdn l\u1ecdc nh\u1eefng b\u00f4ng hoa nh\u1eadp m\u1edbi nh\u1ea5t, \u0111\u1ea3m b\u1ea3o c\u00e1nh hoa d\u00e0y, t\u01b0\u01a1i t\u1eafn v\u00e0 gi\u1eef \u0111\u1ed9 b\u1ec1n l\u00e2u nh\u1ea5t c\u00f3 th\u1ec3.<\/p>\n<\/li>\n<li>\n<p data-path-to-node=\"13,1,0\"><b data-path-to-node=\"13,1,0\" data-index-in-node=\"0\">Thi\u1ebft k\u1ebf hi\u1ec7n \u0111\u1ea1i:<\/b> Ch\u00fang m\u00ecnh lu\u00f4n c\u1eadp nh\u1eadt xu h\u01b0\u1edbng c\u1eafm hoa m\u1edbi nh\u1ea5t, ch\u00fa tr\u1ecdng v\u00e0o s\u1ef1 t\u1ef1 nhi\u00ean v\u00e0 c\u1ea3m x\u00fac c\u1ee7a ng\u01b0\u1eddi nh\u1eadn.<\/p>\n<\/li>\n<li>\n<p data-path-to-node=\"13,2,0\"><b data-path-to-node=\"13,2,0\" data-index-in-node=\"0\">M\u00f3n qu\u00e0 ho\u00e0n h\u1ea3o:<\/b> D\u00f9 l\u00e0 t\u1eb7ng sinh nh\u1eadt, k\u1ef7 ni\u1ec7m ng\u00e0y y\u00eau hay qu\u00e0 t\u1eb7ng b\u1ea1n b\u00e8, b\u00f3 hoa n\u00e0y lu\u00f4n ho\u00e0n th\u00e0nh xu\u1ea5t s\u1eafc vai tr\u00f2 truy\u1ec1n t\u1ea3i l\u1eddi ch\u00fac t\u1ed1t \u0111\u1eb9p.<\/p>\n<\/li>\n<\/ul>\n<p data-path-to-node=\"14\">H\u00e3y \u0111\u1ec3 <b data-path-to-node=\"14\" data-index-in-node=\"7\">Sweet Dream Bouquet<\/b> \u0111\u1ed3ng h\u00e0nh c\u00f9ng b\u1ea1n vi\u1ebft n\u00ean nh\u1eefng trang k\u1ef7 ni\u1ec7m \u0111\u1eb9p nh\u1ea5t. T\u1eebng \u0111\u00f3a hoa r\u1ea1ng r\u1ee1 s\u1ebd l\u00e0 minh ch\u1ee9ng cho t\u00ecnh c\u1ea3m ch\u00e2n th\u00e0nh m\u00e0 b\u1ea1n d\u00e0nh trao.<\/p>\n<p data-path-to-node=\"15\"><b data-path-to-node=\"15\" data-index-in-node=\"0\">October Flower \u2013 L\u01b0u gi\u1eef kho\u1ea3nh kh\u1eafc \u0111\u00e1ng nh\u1edb b\u1eb1ng s\u1eafc hoa.<\/b><\/p>\n","protected":false},"excerpt":{"rendered":"<p>SWEET DREAM BOUQUET: G\u00d3I TR\u1eccN V\u1eba \u0110\u1eb8P K\u1eb8O NG\u1eccT V\u00c0 TRONG TR\u1ebaO Trong nh\u1eefng d\u1ecbp \u0111\u1eb7c bi\u1ec7t, \u0111\u00f4i khi m\u1ed9t m\u00f3n qu\u00e0 \u0111\u01a1n gi\u1ea3n nh\u01b0ng tinh t\u1ebf l\u1ea1i c\u00f3 s\u1ee9c m\u1ea1nh g\u1eafn k\u1ebft k\u1ef3 di\u1ec7u. Sweet Dream Bouquet t\u1ea1i October Flower ch\u00ednh l\u00e0 m\u1ed9t t\u00e1c ph\u1ea9m nh\u01b0 th\u1ebf \u2013 m\u1ed9t b\u1ea3n giao h\u01b0\u1edfng nh\u1eb9 nh\u00e0ng [&#8230;]\n","protected":false},"featured_media":168,"comment_status":"open","ping_status":"closed","template":"","meta":[],"product_brand":[],"product_cat":[32,22,18],"product_tag":[],"class_list":{"0":"post-167","1":"product","2":"type-product","3":"status-publish","4":"has-post-thumbnail","6":"product_cat-hoa-ban-chay","7":"product_cat-hoa-bo","8":"product_cat-hoa-sinh-nhat","10":"first","11":"instock","12":"sale","13":"shipping-taxable","14":"purchasable","15":"product-type-simple"},"yoast_head":"<!-- This site is optimized with the Yoast SEO plugin v27.2 - https:\/\/yoast.com\/product\/yoast-seo-wordpress\/ -->\n<title>Sweet Dream Bouquet - OCTOBER FLOWER<\/title>\n<meta name=\"robots\" content=\"index, follow, max-snippet:-1, max-image-preview:large, max-video-preview:-1\" \/>\n<link rel=\"canonical\" href=\"https:\/\/october.azdigi.shop\/index.php\/san-pham\/sweet-dream-bouquet\/\" \/>\n<meta property=\"og:locale\" content=\"vi_VN\" \/>\n<meta property=\"og:type\" content=\"article\" \/>\n<meta property=\"og:title\" content=\"Sweet Dream Bouquet - OCTOBER FLOWER\" \/>\n<meta property=\"og:description\" content=\"SWEET DREAM BOUQUET: G\u00d3I TR\u1eccN V\u1eba \u0110\u1eb8P K\u1eb8O NG\u1eccT V\u00c0 TRONG TR\u1ebaO Trong nh\u1eefng d\u1ecbp \u0111\u1eb7c bi\u1ec7t, \u0111\u00f4i khi m\u1ed9t m\u00f3n qu\u00e0 \u0111\u01a1n gi\u1ea3n nh\u01b0ng tinh t\u1ebf l\u1ea1i c\u00f3 s\u1ee9c m\u1ea1nh g\u1eafn k\u1ebft k\u1ef3 di\u1ec7u. Sweet Dream Bouquet t\u1ea1i October Flower ch\u00ednh l\u00e0 m\u1ed9t t\u00e1c ph\u1ea9m nh\u01b0 th\u1ebf \u2013 m\u1ed9t b\u1ea3n giao h\u01b0\u1edfng nh\u1eb9 nh\u00e0ng [...]\" \/>\n<meta property=\"og:url\" content=\"https:\/\/october.azdigi.shop\/index.php\/san-pham\/sweet-dream-bouquet\/\" \/>\n<meta property=\"og:site_name\" content=\"OCTOBER FLOWER\" \/>\n<meta property=\"article:modified_time\" content=\"2026-04-10T21:08:58+00:00\" \/>\n<meta property=\"og:image\" content=\"https:\/\/october.azdigi.shop\/wp-content\/uploads\/2026\/04\/HTY1.jpg\" \/>\n\t<meta property=\"og:image:width\" content=\"736\" \/>\n\t<meta property=\"og:image:height\" content=\"981\" \/>\n\t<meta property=\"og:image:type\" content=\"image\/jpeg\" \/>\n<meta name=\"twitter:card\" content=\"summary_large_image\" \/>\n<meta name=\"twitter:label1\" content=\"\u01af\u1edbc t\u00ednh th\u1eddi gian \u0111\u1ecdc\" \/>\n\t<meta name=\"twitter:data1\" content=\"2 ph\u00fat\" \/>\n<script type=\"application\/ld+json\" class=\"yoast-schema-graph\">{\"@context\":\"https:\/\/schema.org\",\"@graph\":[{\"@type\":\"WebPage\",\"@id\":\"https:\/\/october.azdigi.shop\/index.php\/san-pham\/sweet-dream-bouquet\/\",\"url\":\"https:\/\/october.azdigi.shop\/index.php\/san-pham\/sweet-dream-bouquet\/\",\"name\":\"Sweet Dream Bouquet - OCTOBER FLOWER\",\"isPartOf\":{\"@id\":\"https:\/\/october.azdigi.shop\/#website\"},\"primaryImageOfPage\":{\"@id\":\"https:\/\/october.azdigi.shop\/index.php\/san-pham\/sweet-dream-bouquet\/#primaryimage\"},\"image\":{\"@id\":\"https:\/\/october.azdigi.shop\/index.php\/san-pham\/sweet-dream-bouquet\/#primaryimage\"},\"thumbnailUrl\":\"https:\/\/october.azdigi.shop\/wp-content\/uploads\/2026\/04\/HTY1.jpg\",\"datePublished\":\"2026-04-04T19:46:26+00:00\",\"dateModified\":\"2026-04-10T21:08:58+00:00\",\"breadcrumb\":{\"@id\":\"https:\/\/october.azdigi.shop\/index.php\/san-pham\/sweet-dream-bouquet\/#breadcrumb\"},\"inLanguage\":\"vi\",\"potentialAction\":[{\"@type\":\"ReadAction\",\"target\":[\"https:\/\/october.azdigi.shop\/index.php\/san-pham\/sweet-dream-bouquet\/\"]}]},{\"@type\":\"ImageObject\",\"inLanguage\":\"vi\",\"@id\":\"https:\/\/october.azdigi.shop\/index.php\/san-pham\/sweet-dream-bouquet\/#primaryimage\",\"url\":\"https:\/\/october.azdigi.shop\/wp-content\/uploads\/2026\/04\/HTY1.jpg\",\"contentUrl\":\"https:\/\/october.azdigi.shop\/wp-content\/uploads\/2026\/04\/HTY1.jpg\",\"width\":736,\"height\":981},{\"@type\":\"BreadcrumbList\",\"@id\":\"https:\/\/october.azdigi.shop\/index.php\/san-pham\/sweet-dream-bouquet\/#breadcrumb\",\"itemListElement\":[{\"@type\":\"ListItem\",\"position\":1,\"name\":\"Trang ch\u1ee7\",\"item\":\"https:\/\/october.azdigi.shop\/\"},{\"@type\":\"ListItem\",\"position\":2,\"name\":\"C\u1eeda h\u00e0ng\",\"item\":\"https:\/\/october.azdigi.shop\/index.php\/tai-khoan\/\"},{\"@type\":\"ListItem\",\"position\":3,\"name\":\"Sweet Dream Bouquet\"}]},{\"@type\":\"WebSite\",\"@id\":\"https:\/\/october.azdigi.shop\/#website\",\"url\":\"https:\/\/october.azdigi.shop\/\",\"name\":\"OCTOBER FLOWER\",\"description\":\"\",\"potentialAction\":[{\"@type\":\"SearchAction\",\"target\":{\"@type\":\"EntryPoint\",\"urlTemplate\":\"https:\/\/october.azdigi.shop\/?s={search_term_string}\"},\"query-input\":{\"@type\":\"PropertyValueSpecification\",\"valueRequired\":true,\"valueName\":\"search_term_string\"}}],\"inLanguage\":\"vi\"}]}<\/script>\n<!-- \/ Yoast SEO plugin. -->","yoast_head_json":{"title":"Sweet Dream Bouquet - OCTOBER FLOWER","robots":{"index":"index","follow":"follow","max-snippet":"max-snippet:-1","max-image-preview":"max-image-preview:large","max-video-preview":"max-video-preview:-1"},"canonical":"https:\/\/october.azdigi.shop\/index.php\/san-pham\/sweet-dream-bouquet\/","og_locale":"vi_VN","og_type":"article","og_title":"Sweet Dream Bouquet - OCTOBER FLOWER","og_description":"SWEET DREAM BOUQUET: G\u00d3I TR\u1eccN V\u1eba \u0110\u1eb8P K\u1eb8O NG\u1eccT V\u00c0 TRONG TR\u1ebaO Trong nh\u1eefng d\u1ecbp \u0111\u1eb7c bi\u1ec7t, \u0111\u00f4i khi m\u1ed9t m\u00f3n qu\u00e0 \u0111\u01a1n gi\u1ea3n nh\u01b0ng tinh t\u1ebf l\u1ea1i c\u00f3 s\u1ee9c m\u1ea1nh g\u1eafn k\u1ebft k\u1ef3 di\u1ec7u. Sweet Dream Bouquet t\u1ea1i October Flower ch\u00ednh l\u00e0 m\u1ed9t t\u00e1c ph\u1ea9m nh\u01b0 th\u1ebf \u2013 m\u1ed9t b\u1ea3n giao h\u01b0\u1edfng nh\u1eb9 nh\u00e0ng [...]","og_url":"https:\/\/october.azdigi.shop\/index.php\/san-pham\/sweet-dream-bouquet\/","og_site_name":"OCTOBER FLOWER","article_modified_time":"2026-04-10T21:08:58+00:00","og_image":[{"width":736,"height":981,"url":"https:\/\/october.azdigi.shop\/wp-content\/uploads\/2026\/04\/HTY1.jpg","type":"image\/jpeg"}],"twitter_card":"summary_large_image","twitter_misc":{"\u01af\u1edbc t\u00ednh th\u1eddi gian \u0111\u1ecdc":"2 ph\u00fat"},"schema":{"@context":"https:\/\/schema.org","@graph":[{"@type":"WebPage","@id":"https:\/\/october.azdigi.shop\/index.php\/san-pham\/sweet-dream-bouquet\/","url":"https:\/\/october.azdigi.shop\/index.php\/san-pham\/sweet-dream-bouquet\/","name":"Sweet Dream Bouquet - OCTOBER FLOWER","isPartOf":{"@id":"https:\/\/october.azdigi.shop\/#website"},"primaryImageOfPage":{"@id":"https:\/\/october.azdigi.shop\/index.php\/san-pham\/sweet-dream-bouquet\/#primaryimage"},"image":{"@id":"https:\/\/october.azdigi.shop\/index.php\/san-pham\/sweet-dream-bouquet\/#primaryimage"},"thumbnailUrl":"https:\/\/october.azdigi.shop\/wp-content\/uploads\/2026\/04\/HTY1.jpg","datePublished":"2026-04-04T19:46:26+00:00","dateModified":"2026-04-10T21:08:58+00:00","breadcrumb":{"@id":"https:\/\/october.azdigi.shop\/index.php\/san-pham\/sweet-dream-bouquet\/#breadcrumb"},"inLanguage":"vi","potentialAction":[{"@type":"ReadAction","target":["https:\/\/october.azdigi.shop\/index.php\/san-pham\/sweet-dream-bouquet\/"]}]},{"@type":"ImageObject","inLanguage":"vi","@id":"https:\/\/october.azdigi.shop\/index.php\/san-pham\/sweet-dream-bouquet\/#primaryimage","url":"https:\/\/october.azdigi.shop\/wp-content\/uploads\/2026\/04\/HTY1.jpg","contentUrl":"https:\/\/october.azdigi.shop\/wp-content\/uploads\/2026\/04\/HTY1.jpg","width":736,"height":981},{"@type":"BreadcrumbList","@id":"https:\/\/october.azdigi.shop\/index.php\/san-pham\/sweet-dream-bouquet\/#breadcrumb","itemListElement":[{"@type":"ListItem","position":1,"name":"Trang ch\u1ee7","item":"https:\/\/october.azdigi.shop\/"},{"@type":"ListItem","position":2,"name":"C\u1eeda h\u00e0ng","item":"https:\/\/october.azdigi.shop\/index.php\/tai-khoan\/"},{"@type":"ListItem","position":3,"name":"Sweet Dream Bouquet"}]},{"@type":"WebSite","@id":"https:\/\/october.azdigi.shop\/#website","url":"https:\/\/october.azdigi.shop\/","name":"OCTOBER FLOWER","description":"","potentialAction":[{"@type":"SearchAction","target":{"@type":"EntryPoint","urlTemplate":"https:\/\/october.azdigi.shop\/?s={search_term_string}"},"query-input":{"@type":"PropertyValueSpecification","valueRequired":true,"valueName":"search_term_string"}}],"inLanguage":"vi"}]}},"_links":{"self":[{"href":"https:\/\/october.azdigi.shop\/index.php\/wp-json\/wp\/v2\/product\/167","targetHints":{"allow":["GET"]}}],"collection":[{"href":"https:\/\/october.azdigi.shop\/index.php\/wp-json\/wp\/v2\/product"}],"about":[{"href":"https:\/\/october.azdigi.shop\/index.php\/wp-json\/wp\/v2\/types\/product"}],"replies":[{"embeddable":true,"href":"https:\/\/october.azdigi.shop\/index.php\/wp-json\/wp\/v2\/comments?post=167"}],"wp:featuredmedia":[{"embeddable":true,"href":"https:\/\/october.azdigi.shop\/index.php\/wp-json\/wp\/v2\/media\/168"}],"wp:attachment":[{"href":"https:\/\/october.azdigi.shop\/index.php\/wp-json\/wp\/v2\/media?parent=167"}],"wp:term":[{"taxonomy":"product_brand","embeddable":true,"href":"https:\/\/october.azdigi.shop\/index.php\/wp-json\/wp\/v2\/product_brand?post=167"},{"taxonomy":"product_cat","embeddable":true,"href":"https:\/\/october.azdigi.shop\/index.php\/wp-json\/wp\/v2\/product_cat?post=167"},{"taxonomy":"product_tag","embeddable":true,"href":"https:\/\/october.azdigi.shop\/index.php\/wp-json\/wp\/v2\/product_tag?post=167"}],"curies":[{"name":"wp","href":"https:\/\/api.w.org\/{rel}","templated":true}]}}