{"id":169,"date":"2026-04-04T19:48:18","date_gmt":"2026-04-04T19:48:18","guid":{"rendered":"https:\/\/october.azdigi.shop\/?post_type=product&#038;p=169"},"modified":"2026-04-05T05:31:35","modified_gmt":"2026-04-05T05:31:35","slug":"crystal-sunshine","status":"publish","type":"product","link":"https:\/\/october.azdigi.shop\/index.php\/san-pham\/crystal-sunshine\/","title":{"rendered":"Crystal Sunshine"},"content":{"rendered":"<h3 data-path-to-node=\"2\">CRYSTAL SUNSHINE: G\u00d3I TR\u1eccN \u00c1NH N\u1eaeNG TRONG T\u1eeaNG C\u00c1NH HOA<\/h3>\n<p data-path-to-node=\"3\">C\u00f3 nh\u1eefng \u0111\u00f3a hoa kh\u00f4ng ch\u1ec9 \u0111\u1ec3 ng\u1eafm, m\u00e0 \u0111\u1ec3 c\u1ea3m nh\u1eadn s\u1ef1 t\u1ef1 do v\u00e0 n\u0103ng l\u01b0\u1ee3ng t\u00edch c\u1ef1c tr\u00e0n \u0111\u1ea7y. <b data-path-to-node=\"3\" data-index-in-node=\"93\">Crystal Sunshine<\/b> t\u1ea1i <b data-path-to-node=\"3\" data-index-in-node=\"114\">October Flower<\/b> ch\u00ednh l\u00e0 m\u1ed9t thi\u1ebft k\u1ebf nh\u01b0 th\u1ebf \u2013 m\u1ed9t b\u1ea3n giao h\u01b0\u1edfng r\u1ef1c r\u1ee1 mang h\u01a1i th\u1edf c\u1ee7a m\u1ed9t bu\u1ed5i s\u1edbm mai trong l\u00e0nh, n\u01a1i nh\u1eefng tia n\u1eafng \u0111\u1ea7u ti\u00ean xuy\u00ean qua k\u1ebd l\u00e1, \u0111\u1ecdng l\u1ea1i tr\u00ean nh\u1eefng c\u00e1nh hoa c\u00f2n v\u01b0\u01a1ng ch\u00fat s\u01b0\u01a1ng \u0111\u00eam.<\/p>\n<p data-path-to-node=\"4\">S\u1ee9c h\u00fat kh\u00e1c bi\u1ec7t c\u1ee7a <b data-path-to-node=\"4\" data-index-in-node=\"22\">Crystal Sunshine<\/b> n\u1eb1m \u1edf phong c\u00e1ch c\u1eafm hoa d\u00e1ng cao, x\u00f2e r\u1ed9ng \u0111\u1ea7y ph\u00f3ng kho\u00e1ng. T\u00e2m \u0111i\u1ec3m c\u1ee7a b\u00f3 hoa l\u00e0 nh\u1eefng \u0111\u00f3a h\u1ed3ng Juliet cam \u1ea5m \u00e1p h\u00f2a quy\u1ec7n c\u00f9ng s\u1eafc xanh thanh khi\u1ebft c\u1ee7a hoa Delphinium (Phi Y\u1ebfn). S\u1ef1 \u0111an xen gi\u1eefa c\u00e1c t\u1ea7ng hoa l\u00e1 ph\u1ee5 m\u1ea3nh mai t\u1ea1o n\u00ean m\u1ed9t c\u1ea5u tr\u00fac <b data-path-to-node=\"4\" data-index-in-node=\"288\">thi\u1ebft k\u1ebf tinh t\u1ebf<\/b>, bay b\u1ed5ng, gi\u00fap b\u00f3 hoa tho\u00e1t kh\u1ecfi nh\u1eefng khu\u00f4n m\u1eabu g\u00f2 b\u00f3 th\u00f4ng th\u01b0\u1eddng. T\u1eebng nh\u00e0nh hoa nh\u01b0 \u0111ang nh\u1ea3y m\u00faa, mang \u0111\u1ebfn m\u1ed9t v\u1ebb \u0111\u1eb9p v\u1eeba hoang d\u1ea1i, v\u1eeba sang tr\u1ecdng cho kh\u00f4ng gian c\u1ee7a b\u1ea1n.<\/p>\n<p data-path-to-node=\"5\">T\u1ea1i sao <b data-path-to-node=\"5\" data-index-in-node=\"8\">Crystal Sunshine<\/b> l\u00e0 l\u1ef1a ch\u1ecdn kh\u00f4ng th\u1ec3 b\u1ecf qua t\u1ea1i October Flower?<\/p>\n<ul data-path-to-node=\"6\">\n<li>\n<p data-path-to-node=\"6,0,0\"><b data-path-to-node=\"6,0,0\" data-index-in-node=\"0\">V\u1ebb \u0111\u1eb9p \u0111\u1ed9c b\u1ea3n:<\/b> M\u1ed7i b\u00f3 hoa \u0111\u1ec1u \u0111\u01b0\u1ee3c ngh\u1ec7 nh\u00e2n t\u1ea1i October Flower ch\u0103m ch\u00fat, \u0111\u1ea3m b\u1ea3o gi\u1eef \u0111\u01b0\u1ee3c n\u00e9t t\u1ef1 nhi\u00ean v\u00e0 c\u00e1 t\u00ednh ri\u00eang bi\u1ec7t c\u1ee7a d\u00f2ng hoa \u0111\u1ed3ng n\u1ed9i.<\/p>\n<\/li>\n<li>\n<p data-path-to-node=\"6,1,0\"><b data-path-to-node=\"6,1,0\" data-index-in-node=\"0\">Hoa t\u01b0\u01a1i m\u1ed7i ng\u00e0y:<\/b> Ch\u00fang m\u00ecnh tuy\u1ec3n ch\u1ecdn nh\u1eefng c\u00e0nh hoa \u0111\u1ea1t \u0111\u1ed9 t\u01b0\u01a1i m\u1edbi nh\u1ea5t, gi\u00fap s\u1eafc cam v\u00e0 xanh lu\u00f4n r\u1ea1ng r\u1ee1, b\u1ec1n m\u00e0u trong su\u1ed1t th\u1eddi gian tr\u01b0ng b\u00e0y.<\/p>\n<\/li>\n<li>\n<p data-path-to-node=\"6,2,0\"><b data-path-to-node=\"6,2,0\" data-index-in-node=\"0\">M\u00f3n qu\u00e0 c\u1ee7a ni\u1ec1m vui:<\/b> V\u1edbi s\u1eafc m\u00e0u t\u01b0\u01a1i s\u00e1ng, \u0111\u00e2y l\u00e0 l\u1ef1a ch\u1ecdn tuy\u1ec7t v\u1eddi \u0111\u1ec3 t\u1eb7ng sinh nh\u1eadt, ch\u00fac m\u1eebng khai tr\u01b0\u01a1ng ho\u1eb7c \u0111\u01a1n gi\u1ea3n l\u00e0 \u0111\u1ec3 l\u00e0m m\u1edbi t\u00e2m tr\u1ea1ng cho m\u1ed9t ng\u00e0y b\u00ecnh th\u01b0\u1eddng.<\/p>\n<\/li>\n<\/ul>\n<p data-path-to-node=\"7\">H\u00e3y \u0111\u1ec3 <b data-path-to-node=\"7\" data-index-in-node=\"7\">Crystal Sunshine<\/b> mang \u00e1nh n\u1eafng v\u00e0 s\u1ef1 y\u00eau \u0111\u1eddi \u0111\u1ebfn v\u1edbi ng\u01b0\u1eddi m\u00e0 b\u1ea1n tr\u00e2n qu\u00fd. M\u1ed9t b\u00f3 hoa \u0111\u1eb9p \u0111\u00f4i khi ch\u00ednh l\u00e0 li\u1ec1u thu\u1ed1c ch\u1eefa l\u00e0nh tuy\u1ec7t v\u1eddi nh\u1ea5t cho t\u00e2m h\u1ed3n.<\/p>\n<p data-path-to-node=\"8\"><b data-path-to-node=\"8\" data-index-in-node=\"0\">October Flower \u2013 N\u01a1i t\u00ecnh y\u00eau \u0111\u01b0\u1ee3c g\u1eedi g\u1eafm qua t\u1eebng c\u00e1nh hoa.<\/b><\/p>\n","protected":false},"excerpt":{"rendered":"<p>CRYSTAL SUNSHINE: G\u00d3I TR\u1eccN \u00c1NH N\u1eaeNG TRONG T\u1eeaNG C\u00c1NH HOA C\u00f3 nh\u1eefng \u0111\u00f3a hoa kh\u00f4ng ch\u1ec9 \u0111\u1ec3 ng\u1eafm, m\u00e0 \u0111\u1ec3 c\u1ea3m nh\u1eadn s\u1ef1 t\u1ef1 do v\u00e0 n\u0103ng l\u01b0\u1ee3ng t\u00edch c\u1ef1c tr\u00e0n \u0111\u1ea7y. Crystal Sunshine t\u1ea1i October Flower ch\u00ednh l\u00e0 m\u1ed9t thi\u1ebft k\u1ebf nh\u01b0 th\u1ebf \u2013 m\u1ed9t b\u1ea3n giao h\u01b0\u1edfng r\u1ef1c r\u1ee1 mang h\u01a1i th\u1edf c\u1ee7a [&#8230;]\n","protected":false},"featured_media":170,"comment_status":"open","ping_status":"closed","template":"","meta":[],"product_brand":[],"product_cat":[22],"product_tag":[],"class_list":{"0":"post-169","1":"product","2":"type-product","3":"status-publish","4":"has-post-thumbnail","6":"product_cat-hoa-bo","8":"first","9":"instock","10":"sale","11":"shipping-taxable","12":"purchasable","13":"product-type-simple"},"yoast_head":"<!-- This site is optimized with the Yoast SEO plugin v27.2 - https:\/\/yoast.com\/product\/yoast-seo-wordpress\/ -->\n<title>Crystal Sunshine - OCTOBER FLOWER<\/title>\n<meta name=\"robots\" content=\"index, follow, max-snippet:-1, max-image-preview:large, max-video-preview:-1\" \/>\n<link rel=\"canonical\" href=\"https:\/\/october.azdigi.shop\/index.php\/san-pham\/crystal-sunshine\/\" \/>\n<meta property=\"og:locale\" content=\"vi_VN\" \/>\n<meta property=\"og:type\" content=\"article\" \/>\n<meta property=\"og:title\" content=\"Crystal Sunshine - OCTOBER FLOWER\" \/>\n<meta property=\"og:description\" content=\"CRYSTAL SUNSHINE: G\u00d3I TR\u1eccN \u00c1NH N\u1eaeNG TRONG T\u1eeaNG C\u00c1NH HOA C\u00f3 nh\u1eefng \u0111\u00f3a hoa kh\u00f4ng ch\u1ec9 \u0111\u1ec3 ng\u1eafm, m\u00e0 \u0111\u1ec3 c\u1ea3m nh\u1eadn s\u1ef1 t\u1ef1 do v\u00e0 n\u0103ng l\u01b0\u1ee3ng t\u00edch c\u1ef1c tr\u00e0n \u0111\u1ea7y. Crystal Sunshine t\u1ea1i October Flower ch\u00ednh l\u00e0 m\u1ed9t thi\u1ebft k\u1ebf nh\u01b0 th\u1ebf \u2013 m\u1ed9t b\u1ea3n giao h\u01b0\u1edfng r\u1ef1c r\u1ee1 mang h\u01a1i th\u1edf c\u1ee7a [...]\" \/>\n<meta property=\"og:url\" content=\"https:\/\/october.azdigi.shop\/index.php\/san-pham\/crystal-sunshine\/\" \/>\n<meta property=\"og:site_name\" content=\"OCTOBER FLOWER\" \/>\n<meta property=\"article:modified_time\" content=\"2026-04-05T05:31:35+00:00\" \/>\n<meta property=\"og:image\" content=\"https:\/\/october.azdigi.shop\/wp-content\/uploads\/2026\/04\/HSNN3.jpg\" \/>\n\t<meta property=\"og:image:width\" content=\"736\" \/>\n\t<meta property=\"og:image:height\" content=\"981\" \/>\n\t<meta property=\"og:image:type\" content=\"image\/jpeg\" \/>\n<meta name=\"twitter:card\" content=\"summary_large_image\" \/>\n<meta name=\"twitter:label1\" content=\"\u01af\u1edbc t\u00ednh th\u1eddi gian \u0111\u1ecdc\" \/>\n\t<meta name=\"twitter:data1\" content=\"3 ph\u00fat\" \/>\n<script type=\"application\/ld+json\" class=\"yoast-schema-graph\">{\"@context\":\"https:\/\/schema.org\",\"@graph\":[{\"@type\":\"WebPage\",\"@id\":\"https:\/\/october.azdigi.shop\/index.php\/san-pham\/crystal-sunshine\/\",\"url\":\"https:\/\/october.azdigi.shop\/index.php\/san-pham\/crystal-sunshine\/\",\"name\":\"Crystal Sunshine - OCTOBER FLOWER\",\"isPartOf\":{\"@id\":\"https:\/\/october.azdigi.shop\/#website\"},\"primaryImageOfPage\":{\"@id\":\"https:\/\/october.azdigi.shop\/index.php\/san-pham\/crystal-sunshine\/#primaryimage\"},\"image\":{\"@id\":\"https:\/\/october.azdigi.shop\/index.php\/san-pham\/crystal-sunshine\/#primaryimage\"},\"thumbnailUrl\":\"https:\/\/october.azdigi.shop\/wp-content\/uploads\/2026\/04\/HSNN3.jpg\",\"datePublished\":\"2026-04-04T19:48:18+00:00\",\"dateModified\":\"2026-04-05T05:31:35+00:00\",\"breadcrumb\":{\"@id\":\"https:\/\/october.azdigi.shop\/index.php\/san-pham\/crystal-sunshine\/#breadcrumb\"},\"inLanguage\":\"vi\",\"potentialAction\":[{\"@type\":\"ReadAction\",\"target\":[\"https:\/\/october.azdigi.shop\/index.php\/san-pham\/crystal-sunshine\/\"]}]},{\"@type\":\"ImageObject\",\"inLanguage\":\"vi\",\"@id\":\"https:\/\/october.azdigi.shop\/index.php\/san-pham\/crystal-sunshine\/#primaryimage\",\"url\":\"https:\/\/october.azdigi.shop\/wp-content\/uploads\/2026\/04\/HSNN3.jpg\",\"contentUrl\":\"https:\/\/october.azdigi.shop\/wp-content\/uploads\/2026\/04\/HSNN3.jpg\",\"width\":736,\"height\":981},{\"@type\":\"BreadcrumbList\",\"@id\":\"https:\/\/october.azdigi.shop\/index.php\/san-pham\/crystal-sunshine\/#breadcrumb\",\"itemListElement\":[{\"@type\":\"ListItem\",\"position\":1,\"name\":\"Trang ch\u1ee7\",\"item\":\"https:\/\/october.azdigi.shop\/\"},{\"@type\":\"ListItem\",\"position\":2,\"name\":\"C\u1eeda h\u00e0ng\",\"item\":\"https:\/\/october.azdigi.shop\/index.php\/tai-khoan\/\"},{\"@type\":\"ListItem\",\"position\":3,\"name\":\"Crystal Sunshine\"}]},{\"@type\":\"WebSite\",\"@id\":\"https:\/\/october.azdigi.shop\/#website\",\"url\":\"https:\/\/october.azdigi.shop\/\",\"name\":\"OCTOBER FLOWER\",\"description\":\"\",\"potentialAction\":[{\"@type\":\"SearchAction\",\"target\":{\"@type\":\"EntryPoint\",\"urlTemplate\":\"https:\/\/october.azdigi.shop\/?s={search_term_string}\"},\"query-input\":{\"@type\":\"PropertyValueSpecification\",\"valueRequired\":true,\"valueName\":\"search_term_string\"}}],\"inLanguage\":\"vi\"}]}<\/script>\n<!-- \/ Yoast SEO plugin. -->","yoast_head_json":{"title":"Crystal Sunshine - OCTOBER FLOWER","robots":{"index":"index","follow":"follow","max-snippet":"max-snippet:-1","max-image-preview":"max-image-preview:large","max-video-preview":"max-video-preview:-1"},"canonical":"https:\/\/october.azdigi.shop\/index.php\/san-pham\/crystal-sunshine\/","og_locale":"vi_VN","og_type":"article","og_title":"Crystal Sunshine - OCTOBER FLOWER","og_description":"CRYSTAL SUNSHINE: G\u00d3I TR\u1eccN \u00c1NH N\u1eaeNG TRONG T\u1eeaNG C\u00c1NH HOA C\u00f3 nh\u1eefng \u0111\u00f3a hoa kh\u00f4ng ch\u1ec9 \u0111\u1ec3 ng\u1eafm, m\u00e0 \u0111\u1ec3 c\u1ea3m nh\u1eadn s\u1ef1 t\u1ef1 do v\u00e0 n\u0103ng l\u01b0\u1ee3ng t\u00edch c\u1ef1c tr\u00e0n \u0111\u1ea7y. Crystal Sunshine t\u1ea1i October Flower ch\u00ednh l\u00e0 m\u1ed9t thi\u1ebft k\u1ebf nh\u01b0 th\u1ebf \u2013 m\u1ed9t b\u1ea3n giao h\u01b0\u1edfng r\u1ef1c r\u1ee1 mang h\u01a1i th\u1edf c\u1ee7a [...]","og_url":"https:\/\/october.azdigi.shop\/index.php\/san-pham\/crystal-sunshine\/","og_site_name":"OCTOBER FLOWER","article_modified_time":"2026-04-05T05:31:35+00:00","og_image":[{"width":736,"height":981,"url":"https:\/\/october.azdigi.shop\/wp-content\/uploads\/2026\/04\/HSNN3.jpg","type":"image\/jpeg"}],"twitter_card":"summary_large_image","twitter_misc":{"\u01af\u1edbc t\u00ednh th\u1eddi gian \u0111\u1ecdc":"3 ph\u00fat"},"schema":{"@context":"https:\/\/schema.org","@graph":[{"@type":"WebPage","@id":"https:\/\/october.azdigi.shop\/index.php\/san-pham\/crystal-sunshine\/","url":"https:\/\/october.azdigi.shop\/index.php\/san-pham\/crystal-sunshine\/","name":"Crystal Sunshine - OCTOBER FLOWER","isPartOf":{"@id":"https:\/\/october.azdigi.shop\/#website"},"primaryImageOfPage":{"@id":"https:\/\/october.azdigi.shop\/index.php\/san-pham\/crystal-sunshine\/#primaryimage"},"image":{"@id":"https:\/\/october.azdigi.shop\/index.php\/san-pham\/crystal-sunshine\/#primaryimage"},"thumbnailUrl":"https:\/\/october.azdigi.shop\/wp-content\/uploads\/2026\/04\/HSNN3.jpg","datePublished":"2026-04-04T19:48:18+00:00","dateModified":"2026-04-05T05:31:35+00:00","breadcrumb":{"@id":"https:\/\/october.azdigi.shop\/index.php\/san-pham\/crystal-sunshine\/#breadcrumb"},"inLanguage":"vi","potentialAction":[{"@type":"ReadAction","target":["https:\/\/october.azdigi.shop\/index.php\/san-pham\/crystal-sunshine\/"]}]},{"@type":"ImageObject","inLanguage":"vi","@id":"https:\/\/october.azdigi.shop\/index.php\/san-pham\/crystal-sunshine\/#primaryimage","url":"https:\/\/october.azdigi.shop\/wp-content\/uploads\/2026\/04\/HSNN3.jpg","contentUrl":"https:\/\/october.azdigi.shop\/wp-content\/uploads\/2026\/04\/HSNN3.jpg","width":736,"height":981},{"@type":"BreadcrumbList","@id":"https:\/\/october.azdigi.shop\/index.php\/san-pham\/crystal-sunshine\/#breadcrumb","itemListElement":[{"@type":"ListItem","position":1,"name":"Trang ch\u1ee7","item":"https:\/\/october.azdigi.shop\/"},{"@type":"ListItem","position":2,"name":"C\u1eeda h\u00e0ng","item":"https:\/\/october.azdigi.shop\/index.php\/tai-khoan\/"},{"@type":"ListItem","position":3,"name":"Crystal Sunshine"}]},{"@type":"WebSite","@id":"https:\/\/october.azdigi.shop\/#website","url":"https:\/\/october.azdigi.shop\/","name":"OCTOBER FLOWER","description":"","potentialAction":[{"@type":"SearchAction","target":{"@type":"EntryPoint","urlTemplate":"https:\/\/october.azdigi.shop\/?s={search_term_string}"},"query-input":{"@type":"PropertyValueSpecification","valueRequired":true,"valueName":"search_term_string"}}],"inLanguage":"vi"}]}},"_links":{"self":[{"href":"https:\/\/october.azdigi.shop\/index.php\/wp-json\/wp\/v2\/product\/169","targetHints":{"allow":["GET"]}}],"collection":[{"href":"https:\/\/october.azdigi.shop\/index.php\/wp-json\/wp\/v2\/product"}],"about":[{"href":"https:\/\/october.azdigi.shop\/index.php\/wp-json\/wp\/v2\/types\/product"}],"replies":[{"embeddable":true,"href":"https:\/\/october.azdigi.shop\/index.php\/wp-json\/wp\/v2\/comments?post=169"}],"wp:featuredmedia":[{"embeddable":true,"href":"https:\/\/october.azdigi.shop\/index.php\/wp-json\/wp\/v2\/media\/170"}],"wp:attachment":[{"href":"https:\/\/october.azdigi.shop\/index.php\/wp-json\/wp\/v2\/media?parent=169"}],"wp:term":[{"taxonomy":"product_brand","embeddable":true,"href":"https:\/\/october.azdigi.shop\/index.php\/wp-json\/wp\/v2\/product_brand?post=169"},{"taxonomy":"product_cat","embeddable":true,"href":"https:\/\/october.azdigi.shop\/index.php\/wp-json\/wp\/v2\/product_cat?post=169"},{"taxonomy":"product_tag","embeddable":true,"href":"https:\/\/october.azdigi.shop\/index.php\/wp-json\/wp\/v2\/product_tag?post=169"}],"curies":[{"name":"wp","href":"https:\/\/api.w.org\/{rel}","templated":true}]}}