{"id":173,"date":"2026-04-04T19:57:52","date_gmt":"2026-04-04T19:57:52","guid":{"rendered":"https:\/\/october.azdigi.shop\/?post_type=product&#038;p=173"},"modified":"2026-04-05T05:33:29","modified_gmt":"2026-04-05T05:33:29","slug":"elegant-grace-bouquet","status":"publish","type":"product","link":"https:\/\/october.azdigi.shop\/index.php\/san-pham\/elegant-grace-bouquet\/","title":{"rendered":"Elegant Grace Bouquet"},"content":{"rendered":"<h3 data-path-to-node=\"10\">ELEGANT GRACE BOUQUET: BI\u1ec2U T\u01af\u1ee2NG C\u1ee6A S\u1ef0 TH\u00c0NH \u0110\u1ea0T V\u00c0 KI\u00caU SA<\/h3>\n<p data-path-to-node=\"11\">Trong nh\u1eefng d\u1ecbp tr\u1ecdng \u0111\u1ea1i nh\u01b0 khai tr\u01b0\u01a1ng, k\u1ef7 ni\u1ec7m hay s\u1ef1 ki\u1ec7n cao c\u1ea5p, m\u1ed9t m\u00f3n qu\u00e0 \u0111\u1eb3ng c\u1ea5p kh\u00f4ng ch\u1ec9 n\u1eb1m \u1edf gi\u00e1 tr\u1ecb v\u1eadt ch\u1ea5t m\u00e0 c\u00f2n \u1edf th\u00f4ng \u0111i\u1ec7p m\u00e0 n\u00f3 truy\u1ec1n t\u1ea3i. <b data-path-to-node=\"11\" data-index-in-node=\"164\">Elegant Grace Bouquet<\/b> t\u1ea1i <b data-path-to-node=\"11\" data-index-in-node=\"190\">October Flower<\/b> \u0111\u01b0\u1ee3c thi\u1ebft k\u1ebf \u0111\u1ec3 tr\u1edf th\u00e0nh t\u00e2m \u0111i\u1ec3m c\u1ee7a m\u1ecdi \u00e1nh nh\u00ecn, mang \u0111\u1ebfn s\u1ef1 sang tr\u1ecdng tuy\u1ec7t \u0111\u1ed1i v\u00e0 l\u1eddi ch\u00fac h\u1ed3ng ph\u00e1t \u0111\u1ea7y \u00fd ngh\u0129a.<\/p>\n<p data-path-to-node=\"12\">S\u1ee9c h\u00fat c\u1ee7a <b data-path-to-node=\"12\" data-index-in-node=\"12\">Elegant Grace Bouquet<\/b> n\u1eb1m \u1edf v\u00f3c d\u00e1ng cao l\u1edbn, uy nghi nh\u01b0ng kh\u00f4ng k\u00e9m ph\u1ea7n m\u1ec1m m\u1ea1i. S\u1ef1 k\u1ebft h\u1ee3p gi\u1eefa \u0111\u00f3a C\u1ea9m T\u00fa C\u1ea7u h\u1ed3ng b\u1ed3ng b\u1ec1nh c\u00f9ng nh\u1eefng nh\u00e0nh M\u00f5m S\u00f3i v\u01b0\u01a1n cao t\u1ea1o n\u00ean m\u1ed9t c\u1ea5u tr\u00fac <b data-path-to-node=\"12\" data-index-in-node=\"197\">thi\u1ebft k\u1ebf tinh t\u1ebf<\/b>, v\u1eefng ch\u00e3i. Tone m\u00e0u h\u1ed3ng &#8211; b\u1ea1c ch\u1ee7 \u0111\u1ea1o t\u1eeb gi\u1ea5y g\u00f3i l\u1ee5a cao c\u1ea5p kh\u00f4ng ch\u1ec9 l\u00e0m t\u00f4n l\u00ean s\u1eafc hoa m\u00e0 c\u00f2n th\u1ec3 hi\u1ec7n gu th\u1ea9m m\u1ef9 hi\u1ec7n \u0111\u1ea1i, tinh t\u1ebf c\u1ee7a ng\u01b0\u1eddi t\u1eb7ng. \u0110\u00e2y l\u00e0 m\u1ed9t t\u00e1c ph\u1ea9m ngh\u1ec7 thu\u1eadt hoa t\u01b0\u01a1i \u0111\u01b0\u1ee3c ch\u0103m ch\u00fat t\u1ec9 m\u1ec9 \u0111\u1ebfn t\u1eebng n\u1ebfp gi\u1ea5y.<\/p>\n<p data-path-to-node=\"13\">T\u1ea1i sao <b data-path-to-node=\"13\" data-index-in-node=\"8\">Elegant Grace Bouquet<\/b> l\u1ea1i \u0111\u01b0\u1ee3c \u01b0u \u00e1i trong c\u00e1c s\u1ef1 ki\u1ec7n l\u1edbn?<\/p>\n<ul data-path-to-node=\"14\">\n<li>\n<p data-path-to-node=\"14,0,0\"><b data-path-to-node=\"14,0,0\" data-index-in-node=\"0\">V\u00f3c d\u00e1ng \u1ea5n t\u01b0\u1ee3ng:<\/b> V\u1edbi chi\u1ec1u cao n\u1ed5i b\u1eadt v\u00e0 c\u00e1ch x\u1ebfp gi\u1ea5y 3D \u0111a t\u1ea7ng, b\u00f3 hoa t\u1ea1o n\u00ean s\u1ef1 trang tr\u1ecdng v\u00e0 b\u1ec1 th\u1ebf cho m\u1ecdi kh\u00f4ng gian s\u1ef1 ki\u1ec7n.<\/p>\n<\/li>\n<li>\n<p data-path-to-node=\"14,1,0\"><b data-path-to-node=\"14,1,0\" data-index-in-node=\"0\">Hoa t\u01b0\u01a1i m\u1ed7i ng\u00e0y:<\/b> October Flower cam k\u1ebft ngu\u1ed3n hoa nh\u1eadp m\u1edbi, \u0111\u1ea3m b\u1ea3o c\u00e1nh hoa d\u00e0y, t\u01b0\u01a1i t\u1eafn v\u00e0 gi\u1eef \u0111\u1ed9 b\u1ec1n tuy\u1ec7t v\u1eddi trong su\u1ed1t bu\u1ed5i l\u1ec5.<\/p>\n<\/li>\n<li>\n<p data-path-to-node=\"14,2,0\"><b data-path-to-node=\"14,2,0\" data-index-in-node=\"0\">Thi\u1ebft k\u1ebf tinh t\u1ebf:<\/b> S\u1ef1 h\u00f2a quy\u1ec7n gi\u1eefa phong c\u00e1ch c\u1eafm hoa ph\u01b0\u01a1ng T\u00e2y v\u00e0 k\u1ef9 thu\u1eadt g\u00f3i gi\u1ea5y hi\u1ec7n \u0111\u1ea1i, gi\u00fap m\u00f3n qu\u00e0 c\u1ee7a b\u1ea1n tr\u1edf n\u00ean \u0111\u1ed9c b\u1ea3n v\u00e0 \u0111\u1eb3ng c\u1ea5p.<\/p>\n<\/li>\n<\/ul>\n<p data-path-to-node=\"15\">H\u00e3y \u0111\u1ec3 <b data-path-to-node=\"15\" data-index-in-node=\"7\">Elegant Grace Bouquet<\/b> \u0111\u1ed3ng h\u00e0nh c\u00f9ng b\u1ea1n ghi d\u1ea5u \u1ea5n trong nh\u1eefng c\u1ed9t m\u1ed1c quan tr\u1ecdng. M\u1ed9t m\u00f3n qu\u00e0 x\u1ee9ng t\u1ea7m s\u1ebd thay v\u1ea1n l\u1eddi ch\u00fac t\u1ed1t \u0111\u1eb9p nh\u1ea5t g\u1eedi \u0111\u1ebfn \u0111\u1ed1i t\u00e1c v\u00e0 nh\u1eefng ng\u01b0\u1eddi th\u00e2n y\u00eau.<\/p>\n<p data-path-to-node=\"16\"><b data-path-to-node=\"16\" data-index-in-node=\"0\">October Flower \u2013 N\u00e2ng t\u1ea7m gi\u00e1 tr\u1ecb qua t\u1eebng \u0111\u00f3a hoa ngh\u1ec7 thu\u1eadt.<\/b><\/p>\n","protected":false},"excerpt":{"rendered":"<p>ELEGANT GRACE BOUQUET: BI\u1ec2U T\u01af\u1ee2NG C\u1ee6A S\u1ef0 TH\u00c0NH \u0110\u1ea0T V\u00c0 KI\u00caU SA Trong nh\u1eefng d\u1ecbp tr\u1ecdng \u0111\u1ea1i nh\u01b0 khai tr\u01b0\u01a1ng, k\u1ef7 ni\u1ec7m hay s\u1ef1 ki\u1ec7n cao c\u1ea5p, m\u1ed9t m\u00f3n qu\u00e0 \u0111\u1eb3ng c\u1ea5p kh\u00f4ng ch\u1ec9 n\u1eb1m \u1edf gi\u00e1 tr\u1ecb v\u1eadt ch\u1ea5t m\u00e0 c\u00f2n \u1edf th\u00f4ng \u0111i\u1ec7p m\u00e0 n\u00f3 truy\u1ec1n t\u1ea3i. Elegant Grace Bouquet t\u1ea1i October Flower [&#8230;]\n","protected":false},"featured_media":106,"comment_status":"open","ping_status":"closed","template":"","meta":[],"product_brand":[],"product_cat":[21],"product_tag":[],"class_list":{"0":"post-173","1":"product","2":"type-product","3":"status-publish","4":"has-post-thumbnail","6":"product_cat-hoa-khai-truong","8":"first","9":"instock","10":"sale","11":"shipping-taxable","12":"purchasable","13":"product-type-simple"},"yoast_head":"<!-- This site is optimized with the Yoast SEO plugin v27.2 - https:\/\/yoast.com\/product\/yoast-seo-wordpress\/ -->\n<title>Elegant Grace Bouquet - OCTOBER FLOWER<\/title>\n<meta name=\"robots\" content=\"index, follow, max-snippet:-1, max-image-preview:large, max-video-preview:-1\" \/>\n<link rel=\"canonical\" href=\"https:\/\/october.azdigi.shop\/index.php\/san-pham\/elegant-grace-bouquet\/\" \/>\n<meta property=\"og:locale\" content=\"vi_VN\" \/>\n<meta property=\"og:type\" content=\"article\" \/>\n<meta property=\"og:title\" content=\"Elegant Grace Bouquet - OCTOBER FLOWER\" \/>\n<meta property=\"og:description\" content=\"ELEGANT GRACE BOUQUET: BI\u1ec2U T\u01af\u1ee2NG C\u1ee6A S\u1ef0 TH\u00c0NH \u0110\u1ea0T V\u00c0 KI\u00caU SA Trong nh\u1eefng d\u1ecbp tr\u1ecdng \u0111\u1ea1i nh\u01b0 khai tr\u01b0\u01a1ng, k\u1ef7 ni\u1ec7m hay s\u1ef1 ki\u1ec7n cao c\u1ea5p, m\u1ed9t m\u00f3n qu\u00e0 \u0111\u1eb3ng c\u1ea5p kh\u00f4ng ch\u1ec9 n\u1eb1m \u1edf gi\u00e1 tr\u1ecb v\u1eadt ch\u1ea5t m\u00e0 c\u00f2n \u1edf th\u00f4ng \u0111i\u1ec7p m\u00e0 n\u00f3 truy\u1ec1n t\u1ea3i. Elegant Grace Bouquet t\u1ea1i October Flower [...]\" \/>\n<meta property=\"og:url\" content=\"https:\/\/october.azdigi.shop\/index.php\/san-pham\/elegant-grace-bouquet\/\" \/>\n<meta property=\"og:site_name\" content=\"OCTOBER FLOWER\" \/>\n<meta property=\"article:modified_time\" content=\"2026-04-05T05:33:29+00:00\" \/>\n<meta property=\"og:image\" content=\"https:\/\/october.azdigi.shop\/wp-content\/uploads\/2026\/03\/HKTT1.jpg\" \/>\n\t<meta property=\"og:image:width\" content=\"736\" \/>\n\t<meta property=\"og:image:height\" content=\"736\" \/>\n\t<meta property=\"og:image:type\" content=\"image\/jpeg\" \/>\n<meta name=\"twitter:card\" content=\"summary_large_image\" \/>\n<meta name=\"twitter:label1\" content=\"\u01af\u1edbc t\u00ednh th\u1eddi gian \u0111\u1ecdc\" \/>\n\t<meta name=\"twitter:data1\" content=\"3 ph\u00fat\" \/>\n<script type=\"application\/ld+json\" class=\"yoast-schema-graph\">{\"@context\":\"https:\/\/schema.org\",\"@graph\":[{\"@type\":\"WebPage\",\"@id\":\"https:\/\/october.azdigi.shop\/index.php\/san-pham\/elegant-grace-bouquet\/\",\"url\":\"https:\/\/october.azdigi.shop\/index.php\/san-pham\/elegant-grace-bouquet\/\",\"name\":\"Elegant Grace Bouquet - OCTOBER FLOWER\",\"isPartOf\":{\"@id\":\"https:\/\/october.azdigi.shop\/#website\"},\"primaryImageOfPage\":{\"@id\":\"https:\/\/october.azdigi.shop\/index.php\/san-pham\/elegant-grace-bouquet\/#primaryimage\"},\"image\":{\"@id\":\"https:\/\/october.azdigi.shop\/index.php\/san-pham\/elegant-grace-bouquet\/#primaryimage\"},\"thumbnailUrl\":\"https:\/\/october.azdigi.shop\/wp-content\/uploads\/2026\/03\/HKTT1.jpg\",\"datePublished\":\"2026-04-04T19:57:52+00:00\",\"dateModified\":\"2026-04-05T05:33:29+00:00\",\"breadcrumb\":{\"@id\":\"https:\/\/october.azdigi.shop\/index.php\/san-pham\/elegant-grace-bouquet\/#breadcrumb\"},\"inLanguage\":\"vi\",\"potentialAction\":[{\"@type\":\"ReadAction\",\"target\":[\"https:\/\/october.azdigi.shop\/index.php\/san-pham\/elegant-grace-bouquet\/\"]}]},{\"@type\":\"ImageObject\",\"inLanguage\":\"vi\",\"@id\":\"https:\/\/october.azdigi.shop\/index.php\/san-pham\/elegant-grace-bouquet\/#primaryimage\",\"url\":\"https:\/\/october.azdigi.shop\/wp-content\/uploads\/2026\/03\/HKTT1.jpg\",\"contentUrl\":\"https:\/\/october.azdigi.shop\/wp-content\/uploads\/2026\/03\/HKTT1.jpg\",\"width\":736,\"height\":736},{\"@type\":\"BreadcrumbList\",\"@id\":\"https:\/\/october.azdigi.shop\/index.php\/san-pham\/elegant-grace-bouquet\/#breadcrumb\",\"itemListElement\":[{\"@type\":\"ListItem\",\"position\":1,\"name\":\"Trang ch\u1ee7\",\"item\":\"https:\/\/october.azdigi.shop\/\"},{\"@type\":\"ListItem\",\"position\":2,\"name\":\"C\u1eeda h\u00e0ng\",\"item\":\"https:\/\/october.azdigi.shop\/index.php\/tai-khoan\/\"},{\"@type\":\"ListItem\",\"position\":3,\"name\":\"Elegant Grace Bouquet\"}]},{\"@type\":\"WebSite\",\"@id\":\"https:\/\/october.azdigi.shop\/#website\",\"url\":\"https:\/\/october.azdigi.shop\/\",\"name\":\"OCTOBER FLOWER\",\"description\":\"\",\"potentialAction\":[{\"@type\":\"SearchAction\",\"target\":{\"@type\":\"EntryPoint\",\"urlTemplate\":\"https:\/\/october.azdigi.shop\/?s={search_term_string}\"},\"query-input\":{\"@type\":\"PropertyValueSpecification\",\"valueRequired\":true,\"valueName\":\"search_term_string\"}}],\"inLanguage\":\"vi\"}]}<\/script>\n<!-- \/ Yoast SEO plugin. -->","yoast_head_json":{"title":"Elegant Grace Bouquet - OCTOBER FLOWER","robots":{"index":"index","follow":"follow","max-snippet":"max-snippet:-1","max-image-preview":"max-image-preview:large","max-video-preview":"max-video-preview:-1"},"canonical":"https:\/\/october.azdigi.shop\/index.php\/san-pham\/elegant-grace-bouquet\/","og_locale":"vi_VN","og_type":"article","og_title":"Elegant Grace Bouquet - OCTOBER FLOWER","og_description":"ELEGANT GRACE BOUQUET: BI\u1ec2U T\u01af\u1ee2NG C\u1ee6A S\u1ef0 TH\u00c0NH \u0110\u1ea0T V\u00c0 KI\u00caU SA Trong nh\u1eefng d\u1ecbp tr\u1ecdng \u0111\u1ea1i nh\u01b0 khai tr\u01b0\u01a1ng, k\u1ef7 ni\u1ec7m hay s\u1ef1 ki\u1ec7n cao c\u1ea5p, m\u1ed9t m\u00f3n qu\u00e0 \u0111\u1eb3ng c\u1ea5p kh\u00f4ng ch\u1ec9 n\u1eb1m \u1edf gi\u00e1 tr\u1ecb v\u1eadt ch\u1ea5t m\u00e0 c\u00f2n \u1edf th\u00f4ng \u0111i\u1ec7p m\u00e0 n\u00f3 truy\u1ec1n t\u1ea3i. Elegant Grace Bouquet t\u1ea1i October Flower [...]","og_url":"https:\/\/october.azdigi.shop\/index.php\/san-pham\/elegant-grace-bouquet\/","og_site_name":"OCTOBER FLOWER","article_modified_time":"2026-04-05T05:33:29+00:00","og_image":[{"width":736,"height":736,"url":"https:\/\/october.azdigi.shop\/wp-content\/uploads\/2026\/03\/HKTT1.jpg","type":"image\/jpeg"}],"twitter_card":"summary_large_image","twitter_misc":{"\u01af\u1edbc t\u00ednh th\u1eddi gian \u0111\u1ecdc":"3 ph\u00fat"},"schema":{"@context":"https:\/\/schema.org","@graph":[{"@type":"WebPage","@id":"https:\/\/october.azdigi.shop\/index.php\/san-pham\/elegant-grace-bouquet\/","url":"https:\/\/october.azdigi.shop\/index.php\/san-pham\/elegant-grace-bouquet\/","name":"Elegant Grace Bouquet - OCTOBER FLOWER","isPartOf":{"@id":"https:\/\/october.azdigi.shop\/#website"},"primaryImageOfPage":{"@id":"https:\/\/october.azdigi.shop\/index.php\/san-pham\/elegant-grace-bouquet\/#primaryimage"},"image":{"@id":"https:\/\/october.azdigi.shop\/index.php\/san-pham\/elegant-grace-bouquet\/#primaryimage"},"thumbnailUrl":"https:\/\/october.azdigi.shop\/wp-content\/uploads\/2026\/03\/HKTT1.jpg","datePublished":"2026-04-04T19:57:52+00:00","dateModified":"2026-04-05T05:33:29+00:00","breadcrumb":{"@id":"https:\/\/october.azdigi.shop\/index.php\/san-pham\/elegant-grace-bouquet\/#breadcrumb"},"inLanguage":"vi","potentialAction":[{"@type":"ReadAction","target":["https:\/\/october.azdigi.shop\/index.php\/san-pham\/elegant-grace-bouquet\/"]}]},{"@type":"ImageObject","inLanguage":"vi","@id":"https:\/\/october.azdigi.shop\/index.php\/san-pham\/elegant-grace-bouquet\/#primaryimage","url":"https:\/\/october.azdigi.shop\/wp-content\/uploads\/2026\/03\/HKTT1.jpg","contentUrl":"https:\/\/october.azdigi.shop\/wp-content\/uploads\/2026\/03\/HKTT1.jpg","width":736,"height":736},{"@type":"BreadcrumbList","@id":"https:\/\/october.azdigi.shop\/index.php\/san-pham\/elegant-grace-bouquet\/#breadcrumb","itemListElement":[{"@type":"ListItem","position":1,"name":"Trang ch\u1ee7","item":"https:\/\/october.azdigi.shop\/"},{"@type":"ListItem","position":2,"name":"C\u1eeda h\u00e0ng","item":"https:\/\/october.azdigi.shop\/index.php\/tai-khoan\/"},{"@type":"ListItem","position":3,"name":"Elegant Grace Bouquet"}]},{"@type":"WebSite","@id":"https:\/\/october.azdigi.shop\/#website","url":"https:\/\/october.azdigi.shop\/","name":"OCTOBER FLOWER","description":"","potentialAction":[{"@type":"SearchAction","target":{"@type":"EntryPoint","urlTemplate":"https:\/\/october.azdigi.shop\/?s={search_term_string}"},"query-input":{"@type":"PropertyValueSpecification","valueRequired":true,"valueName":"search_term_string"}}],"inLanguage":"vi"}]}},"_links":{"self":[{"href":"https:\/\/october.azdigi.shop\/index.php\/wp-json\/wp\/v2\/product\/173","targetHints":{"allow":["GET"]}}],"collection":[{"href":"https:\/\/october.azdigi.shop\/index.php\/wp-json\/wp\/v2\/product"}],"about":[{"href":"https:\/\/october.azdigi.shop\/index.php\/wp-json\/wp\/v2\/types\/product"}],"replies":[{"embeddable":true,"href":"https:\/\/october.azdigi.shop\/index.php\/wp-json\/wp\/v2\/comments?post=173"}],"wp:featuredmedia":[{"embeddable":true,"href":"https:\/\/october.azdigi.shop\/index.php\/wp-json\/wp\/v2\/media\/106"}],"wp:attachment":[{"href":"https:\/\/october.azdigi.shop\/index.php\/wp-json\/wp\/v2\/media?parent=173"}],"wp:term":[{"taxonomy":"product_brand","embeddable":true,"href":"https:\/\/october.azdigi.shop\/index.php\/wp-json\/wp\/v2\/product_brand?post=173"},{"taxonomy":"product_cat","embeddable":true,"href":"https:\/\/october.azdigi.shop\/index.php\/wp-json\/wp\/v2\/product_cat?post=173"},{"taxonomy":"product_tag","embeddable":true,"href":"https:\/\/october.azdigi.shop\/index.php\/wp-json\/wp\/v2\/product_tag?post=173"}],"curies":[{"name":"wp","href":"https:\/\/api.w.org\/{rel}","templated":true}]}}