{"id":178,"date":"2026-04-04T20:17:21","date_gmt":"2026-04-04T20:17:21","guid":{"rendered":"https:\/\/october.azdigi.shop\/?post_type=product&#038;p=178"},"modified":"2026-04-05T05:28:49","modified_gmt":"2026-04-05T05:28:49","slug":"super-scholar-graduation-bouquet","status":"publish","type":"product","link":"https:\/\/october.azdigi.shop\/index.php\/san-pham\/super-scholar-graduation-bouquet\/","title":{"rendered":"Super Scholar Graduation Bouquet"},"content":{"rendered":"<p>&nbsp;<\/p>\n<p data-path-to-node=\"6\"><b data-path-to-node=\"6\" data-index-in-node=\"0\">SUPER SCHOLAR GRADUATION BOUQUET: M\u00d3N QU\u00c0 T\u1ed0T NGHI\u1ec6P C\u1ef0C &#8220;KH\u1ee6NG&#8221; D\u00c0NH CHO B\u1ea0N T\u00c2N KHOA<\/b><\/p>\n<p data-path-to-node=\"7\">Khi ng\u00e0y t\u1ed1t nghi\u1ec7p c\u1eadn k\u1ec1, vi\u1ec7c t\u00ecm ki\u1ebfm m\u1ed9t m\u00f3n qu\u00e0 v\u1eeba \u00fd ngh\u0129a v\u1eeba \u1ea5n t\u01b0\u1ee3ng \u0111\u1ec3 ch\u00fac m\u1eebng c\u00e1c t\u00e2n c\u1eed nh\u00e2n lu\u00f4n l\u00e0 \u0111i\u1ec1u khi\u1ebfn nhi\u1ec1u ng\u01b0\u1eddi b\u0103n kho\u0103n. Gi\u1eefa v\u00f4 v\u00e0n l\u1ef1a ch\u1ecdn, <b data-path-to-node=\"7\" data-index-in-node=\"172\">Super Scholar Graduation Bouquet<\/b> t\u1ea1i <b data-path-to-node=\"7\" data-index-in-node=\"209\">October Flower<\/b> n\u1ed5i b\u1eadt nh\u01b0 m\u1ed9t &#8220;th\u1ee7 khoa&#8221; th\u1ef1c th\u1ee5, mang \u0111\u1ebfn s\u1ef1 b\u1ea5t ng\u1edd v\u00e0 ni\u1ec1m vui v\u1ee1 \u00f2a cho ng\u01b0\u1eddi nh\u1eadn nh\u1edd k\u00edch th\u01b0\u1edbc ho\u00e0nh tr\u00e1ng v\u00e0 thi\u1ebft k\u1ebf si\u00eau \u0111\u00e1ng y\u00eau.<\/p>\n<p data-path-to-node=\"8\">Tr\u00e1i tim c\u1ee7a <b data-path-to-node=\"8\" data-index-in-node=\"13\">Super Scholar Graduation Bouquet<\/b> ch\u00ednh l\u00e0 ch\u00fa g\u1ea5u b\u00f4ng t\u1ed1t nghi\u1ec7p &#8220;si\u00eau kute&#8221; m\u1eb7c \u00e1o c\u1eed nh\u00e2n ch\u1ec9nh t\u1ec1, n\u1eb1m g\u1ecdn gi\u1eefa &#8220;v\u0169 tr\u1ee5 hoa&#8221; r\u1ef1c r\u1ee1. S\u1ef1 k\u1ebft h\u1ee3p gi\u1eefa s\u1eafc h\u1ed3ng d\u1ecbu d\u00e0ng c\u1ee7a hoa \u0111\u1ed3ng ti\u1ec1n, hoa h\u1ed3ng v\u00e0 s\u1eafc tr\u1eafng tinh kh\u00f4i c\u1ee7a hoa c\u00fac c\u00f9ng c\u00e1c lo\u1ea1i hoa ph\u1ee5 nh\u1eadp kh\u1ea9u t\u1ea1o n\u00ean m\u1ed9t c\u1ea5u tr\u00fac \u0111a t\u1ea7ng, b\u1ec1 th\u1ebf. L\u1edbp gi\u1ea5y g\u00f3i tone h\u1ed3ng pastel \u0111\u01b0\u1ee3c x\u1ebfp n\u1ebfp t\u1ec9 m\u1ec9, t\u1ea1o hi\u1ec7u \u1ee9ng 3D \u0111\u1ed3 s\u1ed9, th\u1eaft n\u01a1 ruy b\u0103ng m\u1ec1m m\u1ea1i, t\u00f4n vinh tr\u1ecdn v\u1eb9n v\u1ebb \u0111\u1eb9p ho\u00e0nh tr\u00e1ng v\u00e0 ni\u1ec1m vui ng\u00e0y ra tr\u01b0\u1eddng. \u0110\u00e2y l\u00e0 m\u1ed9t <b data-path-to-node=\"8\" data-index-in-node=\"492\">thi\u1ebft k\u1ebf tinh t\u1ebf<\/b> \u0111\u01b0\u1ee3c ch\u0103m ch\u00fat t\u1ec9 m\u1ec9 \u0111\u1ec3 t\u1ea1o n\u00ean d\u1ea5u \u1ea5n kh\u00f3 qu\u00ean.<\/p>\n<p data-path-to-node=\"9\">V\u00ec sao b\u1ea1n n\u00ean ch\u1ecdn <b data-path-to-node=\"9\" data-index-in-node=\"20\">Super Scholar Graduation Bouquet<\/b> l\u00e0m qu\u00e0 t\u1eb7ng t\u1ed1t nghi\u1ec7p?<\/p>\n<ul data-path-to-node=\"10\">\n<li>\n<p data-path-to-node=\"10,0,0\"><b data-path-to-node=\"10,0,0\" data-index-in-node=\"0\">Thi\u1ebft k\u1ebf tinh t\u1ebf v\u00e0 \u1ea5n t\u01b0\u1ee3ng:<\/b> M\u1ed7i b\u00f3 hoa \u0111\u1ec1u \u0111\u01b0\u1ee3c ngh\u1ec7 nh\u00e2n t\u1ea1i October Flower thi\u1ebft k\u1ebf \u0111\u1ed9c b\u1ea3n, t\u1ea1o h\u00ecnh linh v\u1eadt s\u1ed1ng \u0111\u1ed9ng, mang \u0111\u1eadm d\u1ea5u \u1ea5n c\u00e1 nh\u00e2n.<\/p>\n<\/li>\n<li>\n<p data-path-to-node=\"10,1,0\"><b data-path-to-node=\"10,1,0\" data-index-in-node=\"0\">K\u00edch th\u01b0\u1edbc &#8220;kh\u1ee7ng&#8221; &#8211; G\u1ea5p \u0111\u00f4i ni\u1ec1m vui:<\/b> B\u00f3 hoa &#8220;si\u00eau to kh\u1ed5ng l\u1ed3&#8221; kh\u00f4ng ch\u1ec9 t\u1ea1o hi\u1ec7u \u1ee9ng h\u00ecnh \u1ea3nh c\u1ef1c t\u1ed1t khi ch\u1ee5p h\u00ecnh k\u1ef7 ni\u1ec7m m\u00e0 c\u00f2n th\u1ec3 hi\u1ec7n t\u00ecnh c\u1ea3m \u0111ong \u0111\u1ea7y m\u00e0 b\u1ea1n d\u00e0nh trao.<\/p>\n<\/li>\n<li>\n<p data-path-to-node=\"10,2,0\"><b data-path-to-node=\"10,2,0\" data-index-in-node=\"0\">Hoa t\u01b0\u01a1i m\u1ed7i ng\u00e0y:<\/b> Ch\u00fang m\u00ecnh cam k\u1ebft s\u1eed d\u1ee5ng ngu\u1ed3n hoa t\u01b0\u01a1i m\u1edbi nh\u1ea5t, gi\u00fap b\u00f3 hoa lu\u00f4n gi\u1eef \u0111\u01b0\u1ee3c \u0111\u1ed9 r\u1ea1ng r\u1ee1 trong su\u1ed1t bu\u1ed5i l\u1ec5.<\/p>\n<\/li>\n<\/ul>\n<p data-path-to-node=\"11\">H\u00e3y \u0111\u1ec3 <b data-path-to-node=\"11\" data-index-in-node=\"7\">October Flower<\/b> \u0111\u1ed3ng h\u00e0nh c\u00f9ng b\u1ea1n trao g\u1eedi s\u1ef1 t\u1ef1 h\u00e0o v\u00e0 l\u1eddi ch\u00fac th\u00e0nh c\u00f4ng \u0111\u1ebfn nh\u1eefng &#8220;si\u00eau c\u1eed nh\u00e2n&#8221; trong ng\u00e0y l\u1ec5 tr\u1ecdng \u0111\u1ea1i n\u00e0y.<\/p>\n","protected":false},"excerpt":{"rendered":"<p>&nbsp; SUPER SCHOLAR GRADUATION BOUQUET: M\u00d3N QU\u00c0 T\u1ed0T NGHI\u1ec6P C\u1ef0C &#8220;KH\u1ee6NG&#8221; D\u00c0NH CHO B\u1ea0N T\u00c2N KHOA Khi ng\u00e0y t\u1ed1t nghi\u1ec7p c\u1eadn k\u1ec1, vi\u1ec7c t\u00ecm ki\u1ebfm m\u1ed9t m\u00f3n qu\u00e0 v\u1eeba \u00fd ngh\u0129a v\u1eeba \u1ea5n t\u01b0\u1ee3ng \u0111\u1ec3 ch\u00fac m\u1eebng c\u00e1c t\u00e2n c\u1eed nh\u00e2n lu\u00f4n l\u00e0 \u0111i\u1ec1u khi\u1ebfn nhi\u1ec1u ng\u01b0\u1eddi b\u0103n kho\u0103n. Gi\u1eefa v\u00f4 v\u00e0n l\u1ef1a ch\u1ecdn, Super [&#8230;]\n","protected":false},"featured_media":47,"comment_status":"open","ping_status":"closed","template":"","meta":[],"product_brand":[],"product_cat":[17],"product_tag":[],"class_list":{"0":"post-178","1":"product","2":"type-product","3":"status-publish","4":"has-post-thumbnail","6":"product_cat-hoa-tot-nghiep","8":"first","9":"instock","10":"sale","11":"shipping-taxable","12":"purchasable","13":"product-type-simple"},"yoast_head":"<!-- This site is optimized with the Yoast SEO plugin v27.2 - https:\/\/yoast.com\/product\/yoast-seo-wordpress\/ -->\n<title>Super Scholar Graduation Bouquet - OCTOBER FLOWER<\/title>\n<meta name=\"robots\" content=\"index, follow, max-snippet:-1, max-image-preview:large, max-video-preview:-1\" \/>\n<link rel=\"canonical\" href=\"https:\/\/october.azdigi.shop\/index.php\/san-pham\/super-scholar-graduation-bouquet\/\" \/>\n<meta property=\"og:locale\" content=\"vi_VN\" \/>\n<meta property=\"og:type\" content=\"article\" \/>\n<meta property=\"og:title\" content=\"Super Scholar Graduation Bouquet - OCTOBER FLOWER\" \/>\n<meta property=\"og:description\" content=\"&nbsp; SUPER SCHOLAR GRADUATION BOUQUET: M\u00d3N QU\u00c0 T\u1ed0T NGHI\u1ec6P C\u1ef0C &#8220;KH\u1ee6NG&#8221; D\u00c0NH CHO B\u1ea0N T\u00c2N KHOA Khi ng\u00e0y t\u1ed1t nghi\u1ec7p c\u1eadn k\u1ec1, vi\u1ec7c t\u00ecm ki\u1ebfm m\u1ed9t m\u00f3n qu\u00e0 v\u1eeba \u00fd ngh\u0129a v\u1eeba \u1ea5n t\u01b0\u1ee3ng \u0111\u1ec3 ch\u00fac m\u1eebng c\u00e1c t\u00e2n c\u1eed nh\u00e2n lu\u00f4n l\u00e0 \u0111i\u1ec1u khi\u1ebfn nhi\u1ec1u ng\u01b0\u1eddi b\u0103n kho\u0103n. Gi\u1eefa v\u00f4 v\u00e0n l\u1ef1a ch\u1ecdn, Super [...]\" \/>\n<meta property=\"og:url\" content=\"https:\/\/october.azdigi.shop\/index.php\/san-pham\/super-scholar-graduation-bouquet\/\" \/>\n<meta property=\"og:site_name\" content=\"OCTOBER FLOWER\" \/>\n<meta property=\"article:modified_time\" content=\"2026-04-05T05:28:49+00:00\" \/>\n<meta property=\"og:image\" content=\"https:\/\/october.azdigi.shop\/wp-content\/uploads\/2026\/03\/htn1.jpg\" \/>\n\t<meta property=\"og:image:width\" content=\"716\" \/>\n\t<meta property=\"og:image:height\" content=\"824\" \/>\n\t<meta property=\"og:image:type\" content=\"image\/jpeg\" \/>\n<meta name=\"twitter:card\" content=\"summary_large_image\" \/>\n<meta name=\"twitter:label1\" content=\"\u01af\u1edbc t\u00ednh th\u1eddi gian \u0111\u1ecdc\" \/>\n\t<meta name=\"twitter:data1\" content=\"3 ph\u00fat\" \/>\n<script type=\"application\/ld+json\" class=\"yoast-schema-graph\">{\"@context\":\"https:\/\/schema.org\",\"@graph\":[{\"@type\":\"WebPage\",\"@id\":\"https:\/\/october.azdigi.shop\/index.php\/san-pham\/super-scholar-graduation-bouquet\/\",\"url\":\"https:\/\/october.azdigi.shop\/index.php\/san-pham\/super-scholar-graduation-bouquet\/\",\"name\":\"Super Scholar Graduation Bouquet - OCTOBER FLOWER\",\"isPartOf\":{\"@id\":\"https:\/\/october.azdigi.shop\/#website\"},\"primaryImageOfPage\":{\"@id\":\"https:\/\/october.azdigi.shop\/index.php\/san-pham\/super-scholar-graduation-bouquet\/#primaryimage\"},\"image\":{\"@id\":\"https:\/\/october.azdigi.shop\/index.php\/san-pham\/super-scholar-graduation-bouquet\/#primaryimage\"},\"thumbnailUrl\":\"https:\/\/october.azdigi.shop\/wp-content\/uploads\/2026\/03\/htn1.jpg\",\"datePublished\":\"2026-04-04T20:17:21+00:00\",\"dateModified\":\"2026-04-05T05:28:49+00:00\",\"breadcrumb\":{\"@id\":\"https:\/\/october.azdigi.shop\/index.php\/san-pham\/super-scholar-graduation-bouquet\/#breadcrumb\"},\"inLanguage\":\"vi\",\"potentialAction\":[{\"@type\":\"ReadAction\",\"target\":[\"https:\/\/october.azdigi.shop\/index.php\/san-pham\/super-scholar-graduation-bouquet\/\"]}]},{\"@type\":\"ImageObject\",\"inLanguage\":\"vi\",\"@id\":\"https:\/\/october.azdigi.shop\/index.php\/san-pham\/super-scholar-graduation-bouquet\/#primaryimage\",\"url\":\"https:\/\/october.azdigi.shop\/wp-content\/uploads\/2026\/03\/htn1.jpg\",\"contentUrl\":\"https:\/\/october.azdigi.shop\/wp-content\/uploads\/2026\/03\/htn1.jpg\",\"width\":716,\"height\":824},{\"@type\":\"BreadcrumbList\",\"@id\":\"https:\/\/october.azdigi.shop\/index.php\/san-pham\/super-scholar-graduation-bouquet\/#breadcrumb\",\"itemListElement\":[{\"@type\":\"ListItem\",\"position\":1,\"name\":\"Trang ch\u1ee7\",\"item\":\"https:\/\/october.azdigi.shop\/\"},{\"@type\":\"ListItem\",\"position\":2,\"name\":\"C\u1eeda h\u00e0ng\",\"item\":\"https:\/\/october.azdigi.shop\/index.php\/tai-khoan\/\"},{\"@type\":\"ListItem\",\"position\":3,\"name\":\"Super Scholar Graduation Bouquet\"}]},{\"@type\":\"WebSite\",\"@id\":\"https:\/\/october.azdigi.shop\/#website\",\"url\":\"https:\/\/october.azdigi.shop\/\",\"name\":\"OCTOBER FLOWER\",\"description\":\"\",\"potentialAction\":[{\"@type\":\"SearchAction\",\"target\":{\"@type\":\"EntryPoint\",\"urlTemplate\":\"https:\/\/october.azdigi.shop\/?s={search_term_string}\"},\"query-input\":{\"@type\":\"PropertyValueSpecification\",\"valueRequired\":true,\"valueName\":\"search_term_string\"}}],\"inLanguage\":\"vi\"}]}<\/script>\n<!-- \/ Yoast SEO plugin. -->","yoast_head_json":{"title":"Super Scholar Graduation Bouquet - OCTOBER FLOWER","robots":{"index":"index","follow":"follow","max-snippet":"max-snippet:-1","max-image-preview":"max-image-preview:large","max-video-preview":"max-video-preview:-1"},"canonical":"https:\/\/october.azdigi.shop\/index.php\/san-pham\/super-scholar-graduation-bouquet\/","og_locale":"vi_VN","og_type":"article","og_title":"Super Scholar Graduation Bouquet - OCTOBER FLOWER","og_description":"&nbsp; SUPER SCHOLAR GRADUATION BOUQUET: M\u00d3N QU\u00c0 T\u1ed0T NGHI\u1ec6P C\u1ef0C &#8220;KH\u1ee6NG&#8221; D\u00c0NH CHO B\u1ea0N T\u00c2N KHOA Khi ng\u00e0y t\u1ed1t nghi\u1ec7p c\u1eadn k\u1ec1, vi\u1ec7c t\u00ecm ki\u1ebfm m\u1ed9t m\u00f3n qu\u00e0 v\u1eeba \u00fd ngh\u0129a v\u1eeba \u1ea5n t\u01b0\u1ee3ng \u0111\u1ec3 ch\u00fac m\u1eebng c\u00e1c t\u00e2n c\u1eed nh\u00e2n lu\u00f4n l\u00e0 \u0111i\u1ec1u khi\u1ebfn nhi\u1ec1u ng\u01b0\u1eddi b\u0103n kho\u0103n. Gi\u1eefa v\u00f4 v\u00e0n l\u1ef1a ch\u1ecdn, Super [...]","og_url":"https:\/\/october.azdigi.shop\/index.php\/san-pham\/super-scholar-graduation-bouquet\/","og_site_name":"OCTOBER FLOWER","article_modified_time":"2026-04-05T05:28:49+00:00","og_image":[{"width":716,"height":824,"url":"https:\/\/october.azdigi.shop\/wp-content\/uploads\/2026\/03\/htn1.jpg","type":"image\/jpeg"}],"twitter_card":"summary_large_image","twitter_misc":{"\u01af\u1edbc t\u00ednh th\u1eddi gian \u0111\u1ecdc":"3 ph\u00fat"},"schema":{"@context":"https:\/\/schema.org","@graph":[{"@type":"WebPage","@id":"https:\/\/october.azdigi.shop\/index.php\/san-pham\/super-scholar-graduation-bouquet\/","url":"https:\/\/october.azdigi.shop\/index.php\/san-pham\/super-scholar-graduation-bouquet\/","name":"Super Scholar Graduation Bouquet - OCTOBER FLOWER","isPartOf":{"@id":"https:\/\/october.azdigi.shop\/#website"},"primaryImageOfPage":{"@id":"https:\/\/october.azdigi.shop\/index.php\/san-pham\/super-scholar-graduation-bouquet\/#primaryimage"},"image":{"@id":"https:\/\/october.azdigi.shop\/index.php\/san-pham\/super-scholar-graduation-bouquet\/#primaryimage"},"thumbnailUrl":"https:\/\/october.azdigi.shop\/wp-content\/uploads\/2026\/03\/htn1.jpg","datePublished":"2026-04-04T20:17:21+00:00","dateModified":"2026-04-05T05:28:49+00:00","breadcrumb":{"@id":"https:\/\/october.azdigi.shop\/index.php\/san-pham\/super-scholar-graduation-bouquet\/#breadcrumb"},"inLanguage":"vi","potentialAction":[{"@type":"ReadAction","target":["https:\/\/october.azdigi.shop\/index.php\/san-pham\/super-scholar-graduation-bouquet\/"]}]},{"@type":"ImageObject","inLanguage":"vi","@id":"https:\/\/october.azdigi.shop\/index.php\/san-pham\/super-scholar-graduation-bouquet\/#primaryimage","url":"https:\/\/october.azdigi.shop\/wp-content\/uploads\/2026\/03\/htn1.jpg","contentUrl":"https:\/\/october.azdigi.shop\/wp-content\/uploads\/2026\/03\/htn1.jpg","width":716,"height":824},{"@type":"BreadcrumbList","@id":"https:\/\/october.azdigi.shop\/index.php\/san-pham\/super-scholar-graduation-bouquet\/#breadcrumb","itemListElement":[{"@type":"ListItem","position":1,"name":"Trang ch\u1ee7","item":"https:\/\/october.azdigi.shop\/"},{"@type":"ListItem","position":2,"name":"C\u1eeda h\u00e0ng","item":"https:\/\/october.azdigi.shop\/index.php\/tai-khoan\/"},{"@type":"ListItem","position":3,"name":"Super Scholar Graduation Bouquet"}]},{"@type":"WebSite","@id":"https:\/\/october.azdigi.shop\/#website","url":"https:\/\/october.azdigi.shop\/","name":"OCTOBER FLOWER","description":"","potentialAction":[{"@type":"SearchAction","target":{"@type":"EntryPoint","urlTemplate":"https:\/\/october.azdigi.shop\/?s={search_term_string}"},"query-input":{"@type":"PropertyValueSpecification","valueRequired":true,"valueName":"search_term_string"}}],"inLanguage":"vi"}]}},"_links":{"self":[{"href":"https:\/\/october.azdigi.shop\/index.php\/wp-json\/wp\/v2\/product\/178","targetHints":{"allow":["GET"]}}],"collection":[{"href":"https:\/\/october.azdigi.shop\/index.php\/wp-json\/wp\/v2\/product"}],"about":[{"href":"https:\/\/october.azdigi.shop\/index.php\/wp-json\/wp\/v2\/types\/product"}],"replies":[{"embeddable":true,"href":"https:\/\/october.azdigi.shop\/index.php\/wp-json\/wp\/v2\/comments?post=178"}],"wp:featuredmedia":[{"embeddable":true,"href":"https:\/\/october.azdigi.shop\/index.php\/wp-json\/wp\/v2\/media\/47"}],"wp:attachment":[{"href":"https:\/\/october.azdigi.shop\/index.php\/wp-json\/wp\/v2\/media?parent=178"}],"wp:term":[{"taxonomy":"product_brand","embeddable":true,"href":"https:\/\/october.azdigi.shop\/index.php\/wp-json\/wp\/v2\/product_brand?post=178"},{"taxonomy":"product_cat","embeddable":true,"href":"https:\/\/october.azdigi.shop\/index.php\/wp-json\/wp\/v2\/product_cat?post=178"},{"taxonomy":"product_tag","embeddable":true,"href":"https:\/\/october.azdigi.shop\/index.php\/wp-json\/wp\/v2\/product_tag?post=178"}],"curies":[{"name":"wp","href":"https:\/\/api.w.org\/{rel}","templated":true}]}}