{"id":182,"date":"2026-04-04T20:23:57","date_gmt":"2026-04-04T20:23:57","guid":{"rendered":"https:\/\/october.azdigi.shop\/?post_type=product&#038;p=182"},"modified":"2026-04-10T21:00:32","modified_gmt":"2026-04-10T21:00:32","slug":"sweet-wishes-birthday-bouquet","status":"publish","type":"product","link":"https:\/\/october.azdigi.shop\/index.php\/san-pham\/sweet-wishes-birthday-bouquet\/","title":{"rendered":"Sweet Wishes Birthday Bouquet"},"content":{"rendered":"<p data-path-to-node=\"6\"><b data-path-to-node=\"6\" data-index-in-node=\"0\">SWEET WISHES BIRTHDAY BOUQUET: M\u00d3N QU\u00c0 SINH NH\u1eacT \u0110\u1eacM CH\u1ea4T TH\u01a0<\/b><\/p>\n<p data-path-to-node=\"7\">M\u1ed7i d\u1ecbp sinh nh\u1eadt l\u00e0 m\u1ed9t ch\u01b0\u01a1ng m\u1edbi \u0111\u1ea7y m\u00e0u s\u1eafc trong cu\u1ed9c \u0111\u1eddi, v\u00e0 kh\u00f4ng g\u00ec tuy\u1ec7t v\u1eddi h\u01a1n khi b\u1eaft \u0111\u1ea7u h\u00e0nh tr\u00ecnh \u0111\u00f3 b\u1eb1ng m\u1ed9t b\u00f3 hoa r\u1ef1c r\u1ee1. <b data-path-to-node=\"7\" data-index-in-node=\"140\">Sweet Wishes Birthday Bouquet<\/b> t\u1ea1i <b data-path-to-node=\"7\" data-index-in-node=\"174\">October Flower<\/b> \u0111\u01b0\u1ee3c ra \u0111\u1eddi \u0111\u1ec3 bi\u1ebfn nh\u1eefng l\u1eddi ch\u00fac t\u1ed1t \u0111\u1eb9p nh\u1ea5t th\u00e0nh hi\u1ec7n th\u1ef1c qua v\u1ebb \u0111\u1eb9p c\u1ee7a nh\u1eefng \u0111\u00f3a hoa t\u01b0\u01a1i th\u1eafm.<\/p>\n<p data-path-to-node=\"8\">S\u1ee9c h\u1ea5p d\u1eabn c\u1ee7a <b data-path-to-node=\"8\" data-index-in-node=\"16\">Sweet Wishes Birthday Bouquet<\/b> n\u1eb1m \u1edf b\u1ea3ng ph\u1ed1i m\u00e0u \u0111a s\u1eafc nh\u01b0ng v\u00f4 c\u00f9ng h\u00e0i h\u00f2a. S\u1ef1 k\u1ebft h\u1ee3p gi\u1eefa s\u1eafc t\u00edm m\u1ed9ng m\u01a1 c\u1ee7a hoa Violet, s\u1eafc v\u00e0ng t\u01b0\u01a1i t\u1eafn c\u1ee7a hoa h\u1ed3ng v\u00e0 nh\u1eefng \u0111\u00f3a Gerbera h\u1ed3ng nh\u1ea1t t\u1ea1o n\u00ean m\u1ed9t t\u1ed5ng th\u1ec3 s\u1ed1ng \u0111\u1ed9ng nh\u01b0 m\u1ed9t khu v\u01b0\u1eddn xu\u00e2n thu nh\u1ecf. \u0110\u1eb7c bi\u1ec7t, b\u00f3 hoa \u0111\u01b0\u1ee3c bao b\u1ecdc b\u1edfi l\u1edbp gi\u1ea5y g\u00f3i tr\u1eafng d\u1eadp v\u00e2n ren th\u1ee7 c\u00f4ng tinh x\u1ea3o, \u0111i k\u00e8m v\u1edbi thi\u1ec7p ch\u00fac m\u1eebng h\u00ecnh b\u00e1nh kem 3D v\u00f4 c\u00f9ng \u0111\u00e1ng y\u00eau. \u0110\u00e2y ch\u00ednh l\u00e0 m\u1ed9t <b data-path-to-node=\"8\" data-index-in-node=\"431\">thi\u1ebft k\u1ebf tinh t\u1ebf<\/b> d\u00e0nh ri\u00eang cho nh\u1eefng t\u00e2m h\u1ed3n y\u00eau th\u00edch s\u1ef1 l\u00e3ng m\u1ea1n v\u00e0 ng\u1ecdt ng\u00e0o.<\/p>\n<p data-path-to-node=\"9\">T\u1ea1i sao <b data-path-to-node=\"9\" data-index-in-node=\"8\">Sweet Wishes Birthday Bouquet<\/b> l\u00e0 l\u1ef1a ch\u1ecdn h\u00e0ng \u0111\u1ea7u t\u1ea1i October Flower?<\/p>\n<ul data-path-to-node=\"10\">\n<li>\n<p data-path-to-node=\"10,0,0\"><b data-path-to-node=\"10,0,0\" data-index-in-node=\"0\">Thi\u1ebft k\u1ebf tinh t\u1ebf:<\/b> T\u1eebng nh\u00e0nh hoa \u0111\u01b0\u1ee3c s\u1eafp \u0111\u1eb7t t\u1ec9 m\u1ec9 \u0111\u1ec3 t\u1ea1o \u0111\u1ed9 x\u00f2e t\u1ef1 nhi\u00ean, mang l\u1ea1i c\u1ea3m gi\u00e1c b\u1ec1 th\u1ebf v\u00e0 sang tr\u1ecdng khi c\u1ea7m tr\u00ean tay.<\/p>\n<\/li>\n<li>\n<p data-path-to-node=\"10,1,0\"><b data-path-to-node=\"10,1,0\" data-index-in-node=\"0\">Hoa t\u01b0\u01a1i m\u1ed7i ng\u00e0y:<\/b> Ch\u00fang m\u00ecnh cam k\u1ebft tuy\u1ec3n ch\u1ecdn hoa m\u1edbi t\u1eeb v\u01b0\u1eddn m\u1ed7i bu\u1ed5i s\u00e1ng, \u0111\u1ea3m b\u1ea3o t\u1eebng c\u00e1nh hoa lu\u00f4n gi\u1eef \u0111\u01b0\u1ee3c \u0111\u1ed9 m\u1ecdng n\u01b0\u1edbc v\u00e0 m\u00e0u s\u1eafc t\u01b0\u01a1i t\u1eafn nh\u1ea5t.<\/p>\n<\/li>\n<li>\n<p data-path-to-node=\"10,2,0\"><b data-path-to-node=\"10,2,0\" data-index-in-node=\"0\">Ph\u1ee5 ki\u1ec7n \u0111\u1ed9c \u0111\u00e1o:<\/b> S\u1ef1 k\u1ebft h\u1ee3p gi\u1eefa hoa t\u01b0\u01a1i v\u00e0 thi\u1ec7p 3D gi\u00fap m\u00f3n qu\u00e0 c\u1ee7a b\u1ea1n tr\u1edf n\u00ean n\u1ed5i b\u1eadt v\u00e0 ghi d\u1ea5u \u1ea5n s\u00e2u \u0111\u1eadm trong l\u00f2ng ng\u01b0\u1eddi nh\u1eadn.<\/p>\n<\/li>\n<\/ul>\n<p data-path-to-node=\"11\">H\u00e3y \u0111\u1ec3 <b data-path-to-node=\"11\" data-index-in-node=\"7\">October Flower<\/b> gi\u00fap b\u1ea1n g\u1eedi trao tr\u1ecdn v\u1eb9n t\u00ecnh c\u1ea3m qua b\u00f3 hoa <b data-path-to-node=\"11\" data-index-in-node=\"69\">Sweet Wishes<\/b> tuy\u1ec7t \u0111\u1eb9p n\u00e0y nh\u00e9!<\/p>\n","protected":false},"excerpt":{"rendered":"<p>SWEET WISHES BIRTHDAY BOUQUET: M\u00d3N QU\u00c0 SINH NH\u1eacT \u0110\u1eacM CH\u1ea4T TH\u01a0 M\u1ed7i d\u1ecbp sinh nh\u1eadt l\u00e0 m\u1ed9t ch\u01b0\u01a1ng m\u1edbi \u0111\u1ea7y m\u00e0u s\u1eafc trong cu\u1ed9c \u0111\u1eddi, v\u00e0 kh\u00f4ng g\u00ec tuy\u1ec7t v\u1eddi h\u01a1n khi b\u1eaft \u0111\u1ea7u h\u00e0nh tr\u00ecnh \u0111\u00f3 b\u1eb1ng m\u1ed9t b\u00f3 hoa r\u1ef1c r\u1ee1. Sweet Wishes Birthday Bouquet t\u1ea1i October Flower \u0111\u01b0\u1ee3c ra \u0111\u1eddi \u0111\u1ec3 bi\u1ebfn [&#8230;]\n","protected":false},"featured_media":183,"comment_status":"open","ping_status":"closed","template":"","meta":[],"product_brand":[],"product_cat":[32,18],"product_tag":[],"class_list":{"0":"post-182","1":"product","2":"type-product","3":"status-publish","4":"has-post-thumbnail","6":"product_cat-hoa-ban-chay","7":"product_cat-hoa-sinh-nhat","9":"first","10":"instock","11":"sale","12":"shipping-taxable","13":"purchasable","14":"product-type-simple"},"yoast_head":"<!-- This site is optimized with the Yoast SEO plugin v27.2 - https:\/\/yoast.com\/product\/yoast-seo-wordpress\/ -->\n<title>Sweet Wishes Birthday Bouquet - OCTOBER FLOWER<\/title>\n<meta name=\"robots\" content=\"index, follow, max-snippet:-1, max-image-preview:large, max-video-preview:-1\" \/>\n<link rel=\"canonical\" href=\"https:\/\/october.azdigi.shop\/index.php\/san-pham\/sweet-wishes-birthday-bouquet\/\" \/>\n<meta property=\"og:locale\" content=\"vi_VN\" \/>\n<meta property=\"og:type\" content=\"article\" \/>\n<meta property=\"og:title\" content=\"Sweet Wishes Birthday Bouquet - OCTOBER FLOWER\" \/>\n<meta property=\"og:description\" content=\"SWEET WISHES BIRTHDAY BOUQUET: M\u00d3N QU\u00c0 SINH NH\u1eacT \u0110\u1eacM CH\u1ea4T TH\u01a0 M\u1ed7i d\u1ecbp sinh nh\u1eadt l\u00e0 m\u1ed9t ch\u01b0\u01a1ng m\u1edbi \u0111\u1ea7y m\u00e0u s\u1eafc trong cu\u1ed9c \u0111\u1eddi, v\u00e0 kh\u00f4ng g\u00ec tuy\u1ec7t v\u1eddi h\u01a1n khi b\u1eaft \u0111\u1ea7u h\u00e0nh tr\u00ecnh \u0111\u00f3 b\u1eb1ng m\u1ed9t b\u00f3 hoa r\u1ef1c r\u1ee1. Sweet Wishes Birthday Bouquet t\u1ea1i October Flower \u0111\u01b0\u1ee3c ra \u0111\u1eddi \u0111\u1ec3 bi\u1ebfn [...]\" \/>\n<meta property=\"og:url\" content=\"https:\/\/october.azdigi.shop\/index.php\/san-pham\/sweet-wishes-birthday-bouquet\/\" \/>\n<meta property=\"og:site_name\" content=\"OCTOBER FLOWER\" \/>\n<meta property=\"article:modified_time\" content=\"2026-04-10T21:00:32+00:00\" \/>\n<meta property=\"og:image\" content=\"https:\/\/october.azdigi.shop\/wp-content\/uploads\/2026\/04\/3.jpg\" \/>\n\t<meta property=\"og:image:width\" content=\"736\" \/>\n\t<meta property=\"og:image:height\" content=\"981\" \/>\n\t<meta property=\"og:image:type\" content=\"image\/jpeg\" \/>\n<meta name=\"twitter:card\" content=\"summary_large_image\" \/>\n<meta name=\"twitter:label1\" content=\"\u01af\u1edbc t\u00ednh th\u1eddi gian \u0111\u1ecdc\" \/>\n\t<meta name=\"twitter:data1\" content=\"2 ph\u00fat\" \/>\n<script type=\"application\/ld+json\" class=\"yoast-schema-graph\">{\"@context\":\"https:\/\/schema.org\",\"@graph\":[{\"@type\":\"WebPage\",\"@id\":\"https:\/\/october.azdigi.shop\/index.php\/san-pham\/sweet-wishes-birthday-bouquet\/\",\"url\":\"https:\/\/october.azdigi.shop\/index.php\/san-pham\/sweet-wishes-birthday-bouquet\/\",\"name\":\"Sweet Wishes Birthday Bouquet - OCTOBER FLOWER\",\"isPartOf\":{\"@id\":\"https:\/\/october.azdigi.shop\/#website\"},\"primaryImageOfPage\":{\"@id\":\"https:\/\/october.azdigi.shop\/index.php\/san-pham\/sweet-wishes-birthday-bouquet\/#primaryimage\"},\"image\":{\"@id\":\"https:\/\/october.azdigi.shop\/index.php\/san-pham\/sweet-wishes-birthday-bouquet\/#primaryimage\"},\"thumbnailUrl\":\"https:\/\/october.azdigi.shop\/wp-content\/uploads\/2026\/04\/3.jpg\",\"datePublished\":\"2026-04-04T20:23:57+00:00\",\"dateModified\":\"2026-04-10T21:00:32+00:00\",\"breadcrumb\":{\"@id\":\"https:\/\/october.azdigi.shop\/index.php\/san-pham\/sweet-wishes-birthday-bouquet\/#breadcrumb\"},\"inLanguage\":\"vi\",\"potentialAction\":[{\"@type\":\"ReadAction\",\"target\":[\"https:\/\/october.azdigi.shop\/index.php\/san-pham\/sweet-wishes-birthday-bouquet\/\"]}]},{\"@type\":\"ImageObject\",\"inLanguage\":\"vi\",\"@id\":\"https:\/\/october.azdigi.shop\/index.php\/san-pham\/sweet-wishes-birthday-bouquet\/#primaryimage\",\"url\":\"https:\/\/october.azdigi.shop\/wp-content\/uploads\/2026\/04\/3.jpg\",\"contentUrl\":\"https:\/\/october.azdigi.shop\/wp-content\/uploads\/2026\/04\/3.jpg\",\"width\":736,\"height\":981},{\"@type\":\"BreadcrumbList\",\"@id\":\"https:\/\/october.azdigi.shop\/index.php\/san-pham\/sweet-wishes-birthday-bouquet\/#breadcrumb\",\"itemListElement\":[{\"@type\":\"ListItem\",\"position\":1,\"name\":\"Trang ch\u1ee7\",\"item\":\"https:\/\/october.azdigi.shop\/\"},{\"@type\":\"ListItem\",\"position\":2,\"name\":\"C\u1eeda h\u00e0ng\",\"item\":\"https:\/\/october.azdigi.shop\/index.php\/tai-khoan\/\"},{\"@type\":\"ListItem\",\"position\":3,\"name\":\"Sweet Wishes Birthday Bouquet\"}]},{\"@type\":\"WebSite\",\"@id\":\"https:\/\/october.azdigi.shop\/#website\",\"url\":\"https:\/\/october.azdigi.shop\/\",\"name\":\"OCTOBER FLOWER\",\"description\":\"\",\"potentialAction\":[{\"@type\":\"SearchAction\",\"target\":{\"@type\":\"EntryPoint\",\"urlTemplate\":\"https:\/\/october.azdigi.shop\/?s={search_term_string}\"},\"query-input\":{\"@type\":\"PropertyValueSpecification\",\"valueRequired\":true,\"valueName\":\"search_term_string\"}}],\"inLanguage\":\"vi\"}]}<\/script>\n<!-- \/ Yoast SEO plugin. -->","yoast_head_json":{"title":"Sweet Wishes Birthday Bouquet - OCTOBER FLOWER","robots":{"index":"index","follow":"follow","max-snippet":"max-snippet:-1","max-image-preview":"max-image-preview:large","max-video-preview":"max-video-preview:-1"},"canonical":"https:\/\/october.azdigi.shop\/index.php\/san-pham\/sweet-wishes-birthday-bouquet\/","og_locale":"vi_VN","og_type":"article","og_title":"Sweet Wishes Birthday Bouquet - OCTOBER FLOWER","og_description":"SWEET WISHES BIRTHDAY BOUQUET: M\u00d3N QU\u00c0 SINH NH\u1eacT \u0110\u1eacM CH\u1ea4T TH\u01a0 M\u1ed7i d\u1ecbp sinh nh\u1eadt l\u00e0 m\u1ed9t ch\u01b0\u01a1ng m\u1edbi \u0111\u1ea7y m\u00e0u s\u1eafc trong cu\u1ed9c \u0111\u1eddi, v\u00e0 kh\u00f4ng g\u00ec tuy\u1ec7t v\u1eddi h\u01a1n khi b\u1eaft \u0111\u1ea7u h\u00e0nh tr\u00ecnh \u0111\u00f3 b\u1eb1ng m\u1ed9t b\u00f3 hoa r\u1ef1c r\u1ee1. Sweet Wishes Birthday Bouquet t\u1ea1i October Flower \u0111\u01b0\u1ee3c ra \u0111\u1eddi \u0111\u1ec3 bi\u1ebfn [...]","og_url":"https:\/\/october.azdigi.shop\/index.php\/san-pham\/sweet-wishes-birthday-bouquet\/","og_site_name":"OCTOBER FLOWER","article_modified_time":"2026-04-10T21:00:32+00:00","og_image":[{"width":736,"height":981,"url":"https:\/\/october.azdigi.shop\/wp-content\/uploads\/2026\/04\/3.jpg","type":"image\/jpeg"}],"twitter_card":"summary_large_image","twitter_misc":{"\u01af\u1edbc t\u00ednh th\u1eddi gian \u0111\u1ecdc":"2 ph\u00fat"},"schema":{"@context":"https:\/\/schema.org","@graph":[{"@type":"WebPage","@id":"https:\/\/october.azdigi.shop\/index.php\/san-pham\/sweet-wishes-birthday-bouquet\/","url":"https:\/\/october.azdigi.shop\/index.php\/san-pham\/sweet-wishes-birthday-bouquet\/","name":"Sweet Wishes Birthday Bouquet - OCTOBER FLOWER","isPartOf":{"@id":"https:\/\/october.azdigi.shop\/#website"},"primaryImageOfPage":{"@id":"https:\/\/october.azdigi.shop\/index.php\/san-pham\/sweet-wishes-birthday-bouquet\/#primaryimage"},"image":{"@id":"https:\/\/october.azdigi.shop\/index.php\/san-pham\/sweet-wishes-birthday-bouquet\/#primaryimage"},"thumbnailUrl":"https:\/\/october.azdigi.shop\/wp-content\/uploads\/2026\/04\/3.jpg","datePublished":"2026-04-04T20:23:57+00:00","dateModified":"2026-04-10T21:00:32+00:00","breadcrumb":{"@id":"https:\/\/october.azdigi.shop\/index.php\/san-pham\/sweet-wishes-birthday-bouquet\/#breadcrumb"},"inLanguage":"vi","potentialAction":[{"@type":"ReadAction","target":["https:\/\/october.azdigi.shop\/index.php\/san-pham\/sweet-wishes-birthday-bouquet\/"]}]},{"@type":"ImageObject","inLanguage":"vi","@id":"https:\/\/october.azdigi.shop\/index.php\/san-pham\/sweet-wishes-birthday-bouquet\/#primaryimage","url":"https:\/\/october.azdigi.shop\/wp-content\/uploads\/2026\/04\/3.jpg","contentUrl":"https:\/\/october.azdigi.shop\/wp-content\/uploads\/2026\/04\/3.jpg","width":736,"height":981},{"@type":"BreadcrumbList","@id":"https:\/\/october.azdigi.shop\/index.php\/san-pham\/sweet-wishes-birthday-bouquet\/#breadcrumb","itemListElement":[{"@type":"ListItem","position":1,"name":"Trang ch\u1ee7","item":"https:\/\/october.azdigi.shop\/"},{"@type":"ListItem","position":2,"name":"C\u1eeda h\u00e0ng","item":"https:\/\/october.azdigi.shop\/index.php\/tai-khoan\/"},{"@type":"ListItem","position":3,"name":"Sweet Wishes Birthday Bouquet"}]},{"@type":"WebSite","@id":"https:\/\/october.azdigi.shop\/#website","url":"https:\/\/october.azdigi.shop\/","name":"OCTOBER FLOWER","description":"","potentialAction":[{"@type":"SearchAction","target":{"@type":"EntryPoint","urlTemplate":"https:\/\/october.azdigi.shop\/?s={search_term_string}"},"query-input":{"@type":"PropertyValueSpecification","valueRequired":true,"valueName":"search_term_string"}}],"inLanguage":"vi"}]}},"_links":{"self":[{"href":"https:\/\/october.azdigi.shop\/index.php\/wp-json\/wp\/v2\/product\/182","targetHints":{"allow":["GET"]}}],"collection":[{"href":"https:\/\/october.azdigi.shop\/index.php\/wp-json\/wp\/v2\/product"}],"about":[{"href":"https:\/\/october.azdigi.shop\/index.php\/wp-json\/wp\/v2\/types\/product"}],"replies":[{"embeddable":true,"href":"https:\/\/october.azdigi.shop\/index.php\/wp-json\/wp\/v2\/comments?post=182"}],"wp:featuredmedia":[{"embeddable":true,"href":"https:\/\/october.azdigi.shop\/index.php\/wp-json\/wp\/v2\/media\/183"}],"wp:attachment":[{"href":"https:\/\/october.azdigi.shop\/index.php\/wp-json\/wp\/v2\/media?parent=182"}],"wp:term":[{"taxonomy":"product_brand","embeddable":true,"href":"https:\/\/october.azdigi.shop\/index.php\/wp-json\/wp\/v2\/product_brand?post=182"},{"taxonomy":"product_cat","embeddable":true,"href":"https:\/\/october.azdigi.shop\/index.php\/wp-json\/wp\/v2\/product_cat?post=182"},{"taxonomy":"product_tag","embeddable":true,"href":"https:\/\/october.azdigi.shop\/index.php\/wp-json\/wp\/v2\/product_tag?post=182"}],"curies":[{"name":"wp","href":"https:\/\/api.w.org\/{rel}","templated":true}]}}