{"id":184,"date":"2026-04-04T20:27:58","date_gmt":"2026-04-04T20:27:58","guid":{"rendered":"https:\/\/october.azdigi.shop\/?post_type=product&#038;p=184"},"modified":"2026-04-05T05:25:16","modified_gmt":"2026-04-05T05:25:16","slug":"pastel-stock-elegance","status":"publish","type":"product","link":"https:\/\/october.azdigi.shop\/index.php\/san-pham\/pastel-stock-elegance\/","title":{"rendered":"Pastel Stock Elegance"},"content":{"rendered":"<h2 data-path-to-node=\"2\">PASTEL STOCK ELEGANCE: V\u1eba \u0110\u1eb8P THANH TAO N\u00c2NG T\u1ea6M KH\u00d4NG GIAN S\u1ed0NG<\/h2>\n<p data-path-to-node=\"3\">Kh\u01a1i ngu\u1ed3n c\u1ea3m h\u1ee9ng cho ng\u00f4i nh\u00e0 c\u1ee7a b\u1ea1n v\u1edbi <b data-path-to-node=\"3\" data-index-in-node=\"45\">Pastel Stock Elegance<\/b>, m\u1ed9t t\u00e1c ph\u1ea9m ngh\u1ec7 thu\u1eadt mang \u0111\u1eadm h\u01a1i th\u1edf c\u1ee7a s\u1ef1 tinh kh\u00f4i v\u00e0 sang tr\u1ecdng. T\u1ea1i <b data-path-to-node=\"3\" data-index-in-node=\"145\">October Flower<\/b>, ch\u00fang m\u00ecnh tin r\u1eb1ng m\u1ed9t b\u00ecnh hoa \u0111\u1eb9p kh\u00f4ng ch\u1ec9 d\u1eebng l\u1ea1i \u1edf m\u00e0u s\u1eafc, m\u00e0 c\u00f2n n\u1eb1m \u1edf kh\u1ea3 n\u0103ng kh\u01a1i g\u1ee3i c\u1ea3m x\u00fac v\u00e0 l\u00e0m b\u1eebng s\u00e1ng m\u1ecdi g\u00f3c nh\u1ecf trong kh\u00f4ng gian s\u1ed1ng c\u1ee7a b\u1ea1n.<\/p>\n<h3 data-path-to-node=\"4\">S\u1ef1 k\u1ebft h\u1ee3p ho\u00e0n h\u1ea3o c\u1ee7a s\u1eafc m\u00e0u v\u00e0 ch\u1ea5t li\u1ec7u<\/h3>\n<p data-path-to-node=\"5\"><b data-path-to-node=\"5\" data-index-in-node=\"0\">Pastel Stock Elegance<\/b> s\u1eed d\u1ee5ng ch\u1ee7 \u0111\u1ea1o d\u00f2ng hoa M\u00f5m S\u00f3i (Stock) \u2013 lo\u00e0i hoa v\u1ed1n n\u1ed5i ti\u1ebfng v\u1edbi d\u00e1ng v\u1ebb v\u01b0\u01a1n cao ki\u00eau h\u00e3nh v\u00e0 h\u01b0\u01a1ng th\u01a1m d\u1ecbu nh\u1eb9. V\u1edbi c\u00e1c s\u1eafc \u0111\u1ed9 pastel chuy\u1ec3n m\u00ecnh m\u01b0\u1ee3t m\u00e0 t\u1eeb tr\u1eafng tinh kh\u00f4i \u0111\u1ebfn h\u1ed3ng ph\u1ea5n d\u1ecbu d\u00e0ng, b\u00ecnh hoa t\u1ea1o n\u00ean m\u1ed9t t\u1ed5ng th\u1ec3 b\u1ec1 th\u1ebf nh\u01b0ng v\u1eabn gi\u1eef \u0111\u01b0\u1ee3c n\u00e9t nh\u00e3 nh\u1eb7n, thanh tho\u00e1t.<\/p>\n<p data-path-to-node=\"6\">\u0110i\u1ec3m nh\u1ea5n l\u00e0m n\u00ean \u0111\u1eb3ng c\u1ea5p c\u1ee7a m\u1eabu <b data-path-to-node=\"6\" data-index-in-node=\"35\">thi\u1ebft k\u1ebf tinh t\u1ebf<\/b> n\u00e0y ch\u00ednh l\u00e0 chi\u1ebfc b\u00ecnh g\u1ed1m xanh ng\u1ecdc v\u1edbi h\u1ecda ti\u1ebft ch\u1ea1m n\u1ed5i c\u1ed5 \u0111i\u1ec3n. S\u1ef1 k\u1ebft h\u1ee3p gi\u1eefa v\u1ebb m\u1ec1m m\u1ea1i c\u1ee7a hoa t\u01b0\u01a1i v\u00e0 n\u00e9t c\u1ee9ng c\u00e1p, sang tr\u1ecdng c\u1ee7a g\u1ed1m s\u1ee9 t\u1ea1o n\u00ean m\u1ed9t \u0111i\u1ec3m d\u1eebng th\u1ecb gi\u00e1c \u1ea5n t\u01b0\u1ee3ng cho b\u1ea5t k\u1ef3 ai b\u01b0\u1edbc v\u00e0o ph\u00f2ng.<\/p>\n<h3 data-path-to-node=\"7\">T\u1ea1i sao b\u1ea1n n\u00ean ch\u1ecdn Pastel Stock Elegance?<\/h3>\n<ul data-path-to-node=\"8\">\n<li>\n<p data-path-to-node=\"8,0,0\"><b data-path-to-node=\"8,0,0\" data-index-in-node=\"0\">Thi\u1ebft k\u1ebf tinh t\u1ebf<\/b>: C\u1ea5u tr\u00fac hoa \u0111\u01b0\u1ee3c c\u1eafm theo h\u01b0\u1edbng v\u01b0\u01a1n t\u1ecfa t\u1ef1 nhi\u00ean, ph\u00f9 h\u1ee3p \u0111\u1ec3 \u0111\u1eb7t t\u1ea1i ph\u00f2ng kh\u00e1ch, s\u1ea3nh ch\u1edd ho\u1eb7c kh\u00f4ng gian l\u00e0m vi\u1ec7c cao c\u1ea5p.<\/p>\n<\/li>\n<li>\n<p data-path-to-node=\"8,1,0\"><b data-path-to-node=\"8,1,0\" data-index-in-node=\"0\">Hoa t\u01b0\u01a1i m\u1ed7i ng\u00e0y<\/b>: Ch\u00fang m\u00ecnh cam k\u1ebft tuy\u1ec3n ch\u1ecdn nh\u1eefng c\u00e0nh hoa M\u00f5m S\u00f3i t\u01b0\u01a1i m\u1edbi nh\u1ea5t, \u0111\u1ea3m b\u1ea3o \u0111\u1ed9 b\u1ec1n v\u00e0 s\u1eafc m\u00e0u r\u1ea1ng r\u1ee1 l\u00e2u d\u00e0i.<\/p>\n<\/li>\n<li>\n<p data-path-to-node=\"8,2,0\"><b data-path-to-node=\"8,2,0\" data-index-in-node=\"0\">Qu\u00e0 t\u1eb7ng t\u00e2n gia l\u00fd t\u01b0\u1edfng<\/b>: V\u1edbi v\u1ebb ngo\u00e0i b\u1ec1 th\u1ebf v\u00e0 m\u00e0u s\u1eafc trang nh\u00e3, \u0111\u00e2y l\u00e0 m\u00f3n qu\u00e0 thay cho l\u1eddi ch\u00fac v\u1ec1 m\u1ed9t kh\u1edfi \u0111\u1ea7u m\u1edbi b\u00ecnh an v\u00e0 thu\u1eadn l\u1ee3i.<\/p>\n<\/li>\n<\/ul>\n<p data-path-to-node=\"9\">H\u00e3y \u0111\u1ec3 <b data-path-to-node=\"9\" data-index-in-node=\"7\">October Flower<\/b> mang ngh\u1ec7 thu\u1eadt hoa t\u01b0\u01a1i v\u00e0o ng\u00f4i nh\u00e0 c\u1ee7a b\u1ea1n v\u1edbi <b data-path-to-node=\"9\" data-index-in-node=\"72\">Pastel Stock Elegance<\/b>.<\/p>\n","protected":false},"excerpt":{"rendered":"<p>PASTEL STOCK ELEGANCE: V\u1eba \u0110\u1eb8P THANH TAO N\u00c2NG T\u1ea6M KH\u00d4NG GIAN S\u1ed0NG Kh\u01a1i ngu\u1ed3n c\u1ea3m h\u1ee9ng cho ng\u00f4i nh\u00e0 c\u1ee7a b\u1ea1n v\u1edbi Pastel Stock Elegance, m\u1ed9t t\u00e1c ph\u1ea9m ngh\u1ec7 thu\u1eadt mang \u0111\u1eadm h\u01a1i th\u1edf c\u1ee7a s\u1ef1 tinh kh\u00f4i v\u00e0 sang tr\u1ecdng. T\u1ea1i October Flower, ch\u00fang m\u00ecnh tin r\u1eb1ng m\u1ed9t b\u00ecnh hoa \u0111\u1eb9p kh\u00f4ng ch\u1ec9 d\u1eebng [&#8230;]\n","protected":false},"featured_media":185,"comment_status":"open","ping_status":"closed","template":"","meta":[],"product_brand":[],"product_cat":[20],"product_tag":[],"class_list":{"0":"post-184","1":"product","2":"type-product","3":"status-publish","4":"has-post-thumbnail","6":"product_cat-hoa-trang-tri","8":"first","9":"instock","10":"sale","11":"shipping-taxable","12":"purchasable","13":"product-type-simple"},"yoast_head":"<!-- This site is optimized with the Yoast SEO plugin v27.2 - https:\/\/yoast.com\/product\/yoast-seo-wordpress\/ -->\n<title>Pastel Stock Elegance - OCTOBER FLOWER<\/title>\n<meta name=\"robots\" content=\"index, follow, max-snippet:-1, max-image-preview:large, max-video-preview:-1\" \/>\n<link rel=\"canonical\" href=\"https:\/\/october.azdigi.shop\/index.php\/san-pham\/pastel-stock-elegance\/\" \/>\n<meta property=\"og:locale\" content=\"vi_VN\" \/>\n<meta property=\"og:type\" content=\"article\" \/>\n<meta property=\"og:title\" content=\"Pastel Stock Elegance - OCTOBER FLOWER\" \/>\n<meta property=\"og:description\" content=\"PASTEL STOCK ELEGANCE: V\u1eba \u0110\u1eb8P THANH TAO N\u00c2NG T\u1ea6M KH\u00d4NG GIAN S\u1ed0NG Kh\u01a1i ngu\u1ed3n c\u1ea3m h\u1ee9ng cho ng\u00f4i nh\u00e0 c\u1ee7a b\u1ea1n v\u1edbi Pastel Stock Elegance, m\u1ed9t t\u00e1c ph\u1ea9m ngh\u1ec7 thu\u1eadt mang \u0111\u1eadm h\u01a1i th\u1edf c\u1ee7a s\u1ef1 tinh kh\u00f4i v\u00e0 sang tr\u1ecdng. T\u1ea1i October Flower, ch\u00fang m\u00ecnh tin r\u1eb1ng m\u1ed9t b\u00ecnh hoa \u0111\u1eb9p kh\u00f4ng ch\u1ec9 d\u1eebng [...]\" \/>\n<meta property=\"og:url\" content=\"https:\/\/october.azdigi.shop\/index.php\/san-pham\/pastel-stock-elegance\/\" \/>\n<meta property=\"og:site_name\" content=\"OCTOBER FLOWER\" \/>\n<meta property=\"article:modified_time\" content=\"2026-04-05T05:25:16+00:00\" \/>\n<meta property=\"og:image\" content=\"https:\/\/october.azdigi.shop\/wp-content\/uploads\/2026\/04\/1.jpg\" \/>\n\t<meta property=\"og:image:width\" content=\"1200\" \/>\n\t<meta property=\"og:image:height\" content=\"1600\" \/>\n\t<meta property=\"og:image:type\" content=\"image\/jpeg\" \/>\n<meta name=\"twitter:card\" content=\"summary_large_image\" \/>\n<meta name=\"twitter:label1\" content=\"\u01af\u1edbc t\u00ednh th\u1eddi gian \u0111\u1ecdc\" \/>\n\t<meta name=\"twitter:data1\" content=\"3 ph\u00fat\" \/>\n<script type=\"application\/ld+json\" class=\"yoast-schema-graph\">{\"@context\":\"https:\/\/schema.org\",\"@graph\":[{\"@type\":\"WebPage\",\"@id\":\"https:\/\/october.azdigi.shop\/index.php\/san-pham\/pastel-stock-elegance\/\",\"url\":\"https:\/\/october.azdigi.shop\/index.php\/san-pham\/pastel-stock-elegance\/\",\"name\":\"Pastel Stock Elegance - OCTOBER FLOWER\",\"isPartOf\":{\"@id\":\"https:\/\/october.azdigi.shop\/#website\"},\"primaryImageOfPage\":{\"@id\":\"https:\/\/october.azdigi.shop\/index.php\/san-pham\/pastel-stock-elegance\/#primaryimage\"},\"image\":{\"@id\":\"https:\/\/october.azdigi.shop\/index.php\/san-pham\/pastel-stock-elegance\/#primaryimage\"},\"thumbnailUrl\":\"https:\/\/october.azdigi.shop\/wp-content\/uploads\/2026\/04\/1.jpg\",\"datePublished\":\"2026-04-04T20:27:58+00:00\",\"dateModified\":\"2026-04-05T05:25:16+00:00\",\"breadcrumb\":{\"@id\":\"https:\/\/october.azdigi.shop\/index.php\/san-pham\/pastel-stock-elegance\/#breadcrumb\"},\"inLanguage\":\"vi\",\"potentialAction\":[{\"@type\":\"ReadAction\",\"target\":[\"https:\/\/october.azdigi.shop\/index.php\/san-pham\/pastel-stock-elegance\/\"]}]},{\"@type\":\"ImageObject\",\"inLanguage\":\"vi\",\"@id\":\"https:\/\/october.azdigi.shop\/index.php\/san-pham\/pastel-stock-elegance\/#primaryimage\",\"url\":\"https:\/\/october.azdigi.shop\/wp-content\/uploads\/2026\/04\/1.jpg\",\"contentUrl\":\"https:\/\/october.azdigi.shop\/wp-content\/uploads\/2026\/04\/1.jpg\",\"width\":1200,\"height\":1600},{\"@type\":\"BreadcrumbList\",\"@id\":\"https:\/\/october.azdigi.shop\/index.php\/san-pham\/pastel-stock-elegance\/#breadcrumb\",\"itemListElement\":[{\"@type\":\"ListItem\",\"position\":1,\"name\":\"Trang ch\u1ee7\",\"item\":\"https:\/\/october.azdigi.shop\/\"},{\"@type\":\"ListItem\",\"position\":2,\"name\":\"C\u1eeda h\u00e0ng\",\"item\":\"https:\/\/october.azdigi.shop\/index.php\/tai-khoan\/\"},{\"@type\":\"ListItem\",\"position\":3,\"name\":\"Pastel Stock Elegance\"}]},{\"@type\":\"WebSite\",\"@id\":\"https:\/\/october.azdigi.shop\/#website\",\"url\":\"https:\/\/october.azdigi.shop\/\",\"name\":\"OCTOBER FLOWER\",\"description\":\"\",\"potentialAction\":[{\"@type\":\"SearchAction\",\"target\":{\"@type\":\"EntryPoint\",\"urlTemplate\":\"https:\/\/october.azdigi.shop\/?s={search_term_string}\"},\"query-input\":{\"@type\":\"PropertyValueSpecification\",\"valueRequired\":true,\"valueName\":\"search_term_string\"}}],\"inLanguage\":\"vi\"}]}<\/script>\n<!-- \/ Yoast SEO plugin. -->","yoast_head_json":{"title":"Pastel Stock Elegance - OCTOBER FLOWER","robots":{"index":"index","follow":"follow","max-snippet":"max-snippet:-1","max-image-preview":"max-image-preview:large","max-video-preview":"max-video-preview:-1"},"canonical":"https:\/\/october.azdigi.shop\/index.php\/san-pham\/pastel-stock-elegance\/","og_locale":"vi_VN","og_type":"article","og_title":"Pastel Stock Elegance - OCTOBER FLOWER","og_description":"PASTEL STOCK ELEGANCE: V\u1eba \u0110\u1eb8P THANH TAO N\u00c2NG T\u1ea6M KH\u00d4NG GIAN S\u1ed0NG Kh\u01a1i ngu\u1ed3n c\u1ea3m h\u1ee9ng cho ng\u00f4i nh\u00e0 c\u1ee7a b\u1ea1n v\u1edbi Pastel Stock Elegance, m\u1ed9t t\u00e1c ph\u1ea9m ngh\u1ec7 thu\u1eadt mang \u0111\u1eadm h\u01a1i th\u1edf c\u1ee7a s\u1ef1 tinh kh\u00f4i v\u00e0 sang tr\u1ecdng. T\u1ea1i October Flower, ch\u00fang m\u00ecnh tin r\u1eb1ng m\u1ed9t b\u00ecnh hoa \u0111\u1eb9p kh\u00f4ng ch\u1ec9 d\u1eebng [...]","og_url":"https:\/\/october.azdigi.shop\/index.php\/san-pham\/pastel-stock-elegance\/","og_site_name":"OCTOBER FLOWER","article_modified_time":"2026-04-05T05:25:16+00:00","og_image":[{"width":1200,"height":1600,"url":"https:\/\/october.azdigi.shop\/wp-content\/uploads\/2026\/04\/1.jpg","type":"image\/jpeg"}],"twitter_card":"summary_large_image","twitter_misc":{"\u01af\u1edbc t\u00ednh th\u1eddi gian \u0111\u1ecdc":"3 ph\u00fat"},"schema":{"@context":"https:\/\/schema.org","@graph":[{"@type":"WebPage","@id":"https:\/\/october.azdigi.shop\/index.php\/san-pham\/pastel-stock-elegance\/","url":"https:\/\/october.azdigi.shop\/index.php\/san-pham\/pastel-stock-elegance\/","name":"Pastel Stock Elegance - OCTOBER FLOWER","isPartOf":{"@id":"https:\/\/october.azdigi.shop\/#website"},"primaryImageOfPage":{"@id":"https:\/\/october.azdigi.shop\/index.php\/san-pham\/pastel-stock-elegance\/#primaryimage"},"image":{"@id":"https:\/\/october.azdigi.shop\/index.php\/san-pham\/pastel-stock-elegance\/#primaryimage"},"thumbnailUrl":"https:\/\/october.azdigi.shop\/wp-content\/uploads\/2026\/04\/1.jpg","datePublished":"2026-04-04T20:27:58+00:00","dateModified":"2026-04-05T05:25:16+00:00","breadcrumb":{"@id":"https:\/\/october.azdigi.shop\/index.php\/san-pham\/pastel-stock-elegance\/#breadcrumb"},"inLanguage":"vi","potentialAction":[{"@type":"ReadAction","target":["https:\/\/october.azdigi.shop\/index.php\/san-pham\/pastel-stock-elegance\/"]}]},{"@type":"ImageObject","inLanguage":"vi","@id":"https:\/\/october.azdigi.shop\/index.php\/san-pham\/pastel-stock-elegance\/#primaryimage","url":"https:\/\/october.azdigi.shop\/wp-content\/uploads\/2026\/04\/1.jpg","contentUrl":"https:\/\/october.azdigi.shop\/wp-content\/uploads\/2026\/04\/1.jpg","width":1200,"height":1600},{"@type":"BreadcrumbList","@id":"https:\/\/october.azdigi.shop\/index.php\/san-pham\/pastel-stock-elegance\/#breadcrumb","itemListElement":[{"@type":"ListItem","position":1,"name":"Trang ch\u1ee7","item":"https:\/\/october.azdigi.shop\/"},{"@type":"ListItem","position":2,"name":"C\u1eeda h\u00e0ng","item":"https:\/\/october.azdigi.shop\/index.php\/tai-khoan\/"},{"@type":"ListItem","position":3,"name":"Pastel Stock Elegance"}]},{"@type":"WebSite","@id":"https:\/\/october.azdigi.shop\/#website","url":"https:\/\/october.azdigi.shop\/","name":"OCTOBER FLOWER","description":"","potentialAction":[{"@type":"SearchAction","target":{"@type":"EntryPoint","urlTemplate":"https:\/\/october.azdigi.shop\/?s={search_term_string}"},"query-input":{"@type":"PropertyValueSpecification","valueRequired":true,"valueName":"search_term_string"}}],"inLanguage":"vi"}]}},"_links":{"self":[{"href":"https:\/\/october.azdigi.shop\/index.php\/wp-json\/wp\/v2\/product\/184","targetHints":{"allow":["GET"]}}],"collection":[{"href":"https:\/\/october.azdigi.shop\/index.php\/wp-json\/wp\/v2\/product"}],"about":[{"href":"https:\/\/october.azdigi.shop\/index.php\/wp-json\/wp\/v2\/types\/product"}],"replies":[{"embeddable":true,"href":"https:\/\/october.azdigi.shop\/index.php\/wp-json\/wp\/v2\/comments?post=184"}],"wp:featuredmedia":[{"embeddable":true,"href":"https:\/\/october.azdigi.shop\/index.php\/wp-json\/wp\/v2\/media\/185"}],"wp:attachment":[{"href":"https:\/\/october.azdigi.shop\/index.php\/wp-json\/wp\/v2\/media?parent=184"}],"wp:term":[{"taxonomy":"product_brand","embeddable":true,"href":"https:\/\/october.azdigi.shop\/index.php\/wp-json\/wp\/v2\/product_brand?post=184"},{"taxonomy":"product_cat","embeddable":true,"href":"https:\/\/october.azdigi.shop\/index.php\/wp-json\/wp\/v2\/product_cat?post=184"},{"taxonomy":"product_tag","embeddable":true,"href":"https:\/\/october.azdigi.shop\/index.php\/wp-json\/wp\/v2\/product_tag?post=184"}],"curies":[{"name":"wp","href":"https:\/\/api.w.org\/{rel}","templated":true}]}}