{"id":243,"date":"2026-04-10T21:50:43","date_gmt":"2026-04-10T21:50:43","guid":{"rendered":"https:\/\/october.azdigi.shop\/?post_type=product&#038;p=243"},"modified":"2026-04-15T08:03:43","modified_gmt":"2026-04-15T08:03:43","slug":"graduation-blue-hope","status":"publish","type":"product","link":"https:\/\/october.azdigi.shop\/index.php\/san-pham\/graduation-blue-hope\/","title":{"rendered":"Graduation Blue Hope"},"content":{"rendered":"<p data-path-to-node=\"6\"><b data-path-to-node=\"6\" data-index-in-node=\"0\">GRADUATION BLUE HOPE: B\u00d3 HOA T\u1ed0T NGHI\u1ec6P CHO NAM \u0110\u1eb8P V\u00c0 \u00dd NGH\u0128A<\/b><\/p>\n<p data-path-to-node=\"7\">Ng\u00e0y l\u1ec5 t\u1ed1t nghi\u1ec7p l\u00e0 c\u1ed9t m\u1ed1c quan tr\u1ecdng \u0111\u00e1nh d\u1ea5u s\u1ef1 tr\u01b0\u1edfng th\u00e0nh v\u00e0 m\u1edf ra m\u1ed9t ch\u01b0\u01a1ng m\u1edbi \u0111\u1ea7y h\u1ee9a h\u1eb9n. N\u1ebfu b\u1ea1n \u0111ang t\u00ecm ki\u1ebfm m\u1ed9t m\u00f3n qu\u00e0 v\u1eeba m\u1ea1nh m\u1ebd, v\u1eeba tinh t\u1ebf th\u00ec <b data-path-to-node=\"7\" data-index-in-node=\"166\">b\u00f3 hoa t\u1ed1t nghi\u1ec7p cho nam \u0111\u1eb9p<\/b> tone m\u00e0u xanh d\u01b0\u01a1ng mang t\u00ean &#8220;Graduation Blue Hope&#8221; t\u1eeb October Flower ch\u00ednh l\u00e0 s\u1ef1 l\u1ef1a ch\u1ecdn kh\u00f4ng th\u1ec3 ho\u00e0n h\u1ea3o h\u01a1n. S\u1eafc xanh kh\u00f4ng ch\u1ec9 \u0111\u1ea1i di\u1ec7n cho b\u1ea7u tr\u1eddi bao la m\u00e0 c\u00f2n l\u00e0 bi\u1ec3u t\u01b0\u1ee3ng c\u1ee7a ni\u1ec1m tin, hy v\u1ecdng v\u00e0 s\u1ef1 ki\u00ean \u0111\u1ecbnh tr\u00ean con \u0111\u01b0\u1eddng s\u1ef1 nghi\u1ec7p ph\u00eda tr\u01b0\u1edbc.<\/p>\n<p data-path-to-node=\"8\"><b data-path-to-node=\"8\" data-index-in-node=\"0\">S\u1ef1 k\u1ebft h\u1ee3p m\u00e0u s\u1eafc thanh l\u1ecbch v\u00e0 nam t\u00ednh (H2)<\/b> Kh\u00e1c v\u1edbi nh\u1eefng tone m\u00e0u h\u1ed3ng hay \u0111\u1ecf r\u1ef1c r\u1ee1 th\u01b0\u1eddng th\u1ea5y, m\u1eabu <b data-path-to-node=\"8\" data-index-in-node=\"107\">b\u00f3 hoa t\u1ed1t nghi\u1ec7p cho nam \u0111\u1eb9p<\/b> n\u00e0y s\u1eed d\u1ee5ng hoa C\u1ea9m T\u00fa C\u1ea7u xanh d\u01b0\u01a1ng l\u00e0m ch\u1ee7 \u0111\u1ea1o, t\u1ea1o n\u00ean m\u1ed9t chi\u1ec1u s\u00e2u ngh\u1ec7 thu\u1eadt \u0111\u1ea7y l\u00f4i cu\u1ed1n. \u0110i\u1ec3m xuy\u1ebft tr\u00ean n\u1ec1n xanh \u1ea5y l\u00e0 nh\u1eefng \u0111\u00f3a hoa H\u1ed3ng tr\u1eafng tinh kh\u00f4i v\u00e0 hoa C\u00fac h\u1ecda mi nh\u1ecf xinh, mang l\u1ea1i s\u1ef1 c\u00e2n b\u1eb1ng ho\u00e0n h\u1ea3o. \u0110i\u1ec3m nh\u1ea5n \u0111\u1eb7c bi\u1ec7t nh\u1ea5t ch\u00ednh l\u00e0 ch\u00fa g\u1ea5u b\u00f4ng trong b\u1ed9 l\u1ec5 ph\u1ee5c c\u1eed nh\u00e2n \u0111\u1ed9i m\u0169 \u0111\u1ea1i h\u1ecdc, t\u1ea1o n\u00ean v\u1ebb ngo\u00e0i v\u1eeba tri th\u1ee9c, v\u1eeba \u0111\u00e1ng y\u00eau, ch\u1eafc ch\u1eafn s\u1ebd l\u00e0 ph\u1ee5 ki\u1ec7n tuy\u1ec7t v\u1eddi cho nh\u1eefng b\u1ee9c \u1ea3nh k\u1ef7 ni\u1ec7m ngh\u00ecn like.<\/p>\n<p data-path-to-node=\"9\"><b data-path-to-node=\"9\" data-index-in-node=\"0\">Ch\u1ea5t l\u01b0\u1ee3ng v\u01b0\u1ee3t tr\u1ed9i t\u1eeb October Flower (H2)<\/b> T\u1ea1i c\u1eeda h\u00e0ng, m\u1ed7i <b data-path-to-node=\"9\" data-index-in-node=\"62\">b\u00f3 hoa t\u1ed1t nghi\u1ec7p cho nam \u0111\u1eb9p<\/b> \u0111\u1ec1u \u0111\u01b0\u1ee3c g\u00f3i b\u1eb1ng gi\u1ea5y l\u1ee5a cao c\u1ea5p ch\u1ed1ng th\u1ea5m n\u01b0\u1edbc v\u1edbi tone m\u00e0u xanh ghi hi\u1ec7n \u0111\u1ea1i. Ch\u00fang m\u00ecnh t\u1ec9 m\u1ec9 trong t\u1eebng n\u1ebfp g\u1ea5p v\u00e0 l\u1ef1a ch\u1ecdn nh\u1eefng nh\u00e0nh hoa t\u01b0\u01a1i m\u1edbi nh\u1ea5t t\u1eeb \u0110\u00e0 L\u1ea1t \u0111\u1ec3 \u0111\u1ea3m b\u1ea3o hoa gi\u1eef \u0111\u01b0\u1ee3c \u0111\u1ed9 b\u1ec1n su\u1ed1t c\u1ea3 ng\u00e0y d\u00e0i l\u00e0m l\u1ec5. V\u1edbi d\u1ecbch v\u1ee5 giao hoa t\u1eadn n\u01a1i h\u1ecfa t\u1ed1c t\u1ea1i c\u00e1c tr\u01b0\u1eddng \u0111\u1ea1i h\u1ecdc, b\u1ea1n ho\u00e0n to\u00e0n c\u00f3 th\u1ec3 y\u00ean t\u00e2m v\u1ec1 th\u1eddi gian v\u00e0 ch\u1ea5t l\u01b0\u1ee3ng s\u1ea3n ph\u1ea9m.<\/p>\n<p data-path-to-node=\"10\">H\u00e3y \u0111\u1ec3 October Flower c\u00f9ng b\u1ea1n g\u1eedi g\u1eafm l\u1eddi ch\u00fac &#8220;Ch\u00e2n c\u1ee9ng \u0111\u00e1 m\u1ec1m&#8221; v\u00e0 th\u00e0nh c\u00f4ng r\u1ef1c r\u1ee1 \u0111\u1ebfn nh\u1eefng t\u00e2n c\u1eed nh\u00e2n th\u00f4ng qua b\u00f3 hoa \u0111\u1ea7y t\u00e2m huy\u1ebft n\u00e0y.<\/p>\n","protected":false},"excerpt":{"rendered":"<p>GRADUATION BLUE HOPE: B\u00d3 HOA T\u1ed0T NGHI\u1ec6P CHO NAM \u0110\u1eb8P V\u00c0 \u00dd NGH\u0128A Ng\u00e0y l\u1ec5 t\u1ed1t nghi\u1ec7p l\u00e0 c\u1ed9t m\u1ed1c quan tr\u1ecdng \u0111\u00e1nh d\u1ea5u s\u1ef1 tr\u01b0\u1edfng th\u00e0nh v\u00e0 m\u1edf ra m\u1ed9t ch\u01b0\u01a1ng m\u1edbi \u0111\u1ea7y h\u1ee9a h\u1eb9n. N\u1ebfu b\u1ea1n \u0111ang t\u00ecm ki\u1ebfm m\u1ed9t m\u00f3n qu\u00e0 v\u1eeba m\u1ea1nh m\u1ebd, v\u1eeba tinh t\u1ebf th\u00ec b\u00f3 hoa t\u1ed1t nghi\u1ec7p [&#8230;]\n","protected":false},"featured_media":49,"comment_status":"open","ping_status":"closed","template":"","meta":[],"product_brand":[],"product_cat":[17],"product_tag":[],"class_list":{"0":"post-243","1":"product","2":"type-product","3":"status-publish","4":"has-post-thumbnail","6":"product_cat-hoa-tot-nghiep","8":"first","9":"instock","10":"sale","11":"shipping-taxable","12":"purchasable","13":"product-type-simple"},"yoast_head":"<!-- This site is optimized with the Yoast SEO plugin v27.2 - https:\/\/yoast.com\/product\/yoast-seo-wordpress\/ -->\n<title>Graduation Blue Hope - OCTOBER FLOWER<\/title>\n<meta name=\"robots\" content=\"index, follow, max-snippet:-1, max-image-preview:large, max-video-preview:-1\" \/>\n<link rel=\"canonical\" href=\"https:\/\/october.azdigi.shop\/index.php\/san-pham\/graduation-blue-hope\/\" \/>\n<meta property=\"og:locale\" content=\"vi_VN\" \/>\n<meta property=\"og:type\" content=\"article\" \/>\n<meta property=\"og:title\" content=\"Graduation Blue Hope - OCTOBER FLOWER\" \/>\n<meta property=\"og:description\" content=\"GRADUATION BLUE HOPE: B\u00d3 HOA T\u1ed0T NGHI\u1ec6P CHO NAM \u0110\u1eb8P V\u00c0 \u00dd NGH\u0128A Ng\u00e0y l\u1ec5 t\u1ed1t nghi\u1ec7p l\u00e0 c\u1ed9t m\u1ed1c quan tr\u1ecdng \u0111\u00e1nh d\u1ea5u s\u1ef1 tr\u01b0\u1edfng th\u00e0nh v\u00e0 m\u1edf ra m\u1ed9t ch\u01b0\u01a1ng m\u1edbi \u0111\u1ea7y h\u1ee9a h\u1eb9n. N\u1ebfu b\u1ea1n \u0111ang t\u00ecm ki\u1ebfm m\u1ed9t m\u00f3n qu\u00e0 v\u1eeba m\u1ea1nh m\u1ebd, v\u1eeba tinh t\u1ebf th\u00ec b\u00f3 hoa t\u1ed1t nghi\u1ec7p [...]\" \/>\n<meta property=\"og:url\" content=\"https:\/\/october.azdigi.shop\/index.php\/san-pham\/graduation-blue-hope\/\" \/>\n<meta property=\"og:site_name\" content=\"OCTOBER FLOWER\" \/>\n<meta property=\"article:modified_time\" content=\"2026-04-15T08:03:43+00:00\" \/>\n<meta property=\"og:image\" content=\"https:\/\/october.azdigi.shop\/wp-content\/uploads\/2026\/03\/htn3.jpg\" \/>\n\t<meta property=\"og:image:width\" content=\"736\" \/>\n\t<meta property=\"og:image:height\" content=\"920\" \/>\n\t<meta property=\"og:image:type\" content=\"image\/jpeg\" \/>\n<meta name=\"twitter:card\" content=\"summary_large_image\" \/>\n<meta name=\"twitter:label1\" content=\"\u01af\u1edbc t\u00ednh th\u1eddi gian \u0111\u1ecdc\" \/>\n\t<meta name=\"twitter:data1\" content=\"3 ph\u00fat\" \/>\n<script type=\"application\/ld+json\" class=\"yoast-schema-graph\">{\"@context\":\"https:\/\/schema.org\",\"@graph\":[{\"@type\":\"WebPage\",\"@id\":\"https:\/\/october.azdigi.shop\/index.php\/san-pham\/graduation-blue-hope\/\",\"url\":\"https:\/\/october.azdigi.shop\/index.php\/san-pham\/graduation-blue-hope\/\",\"name\":\"Graduation Blue Hope - OCTOBER FLOWER\",\"isPartOf\":{\"@id\":\"https:\/\/october.azdigi.shop\/#website\"},\"primaryImageOfPage\":{\"@id\":\"https:\/\/october.azdigi.shop\/index.php\/san-pham\/graduation-blue-hope\/#primaryimage\"},\"image\":{\"@id\":\"https:\/\/october.azdigi.shop\/index.php\/san-pham\/graduation-blue-hope\/#primaryimage\"},\"thumbnailUrl\":\"https:\/\/october.azdigi.shop\/wp-content\/uploads\/2026\/03\/htn3.jpg\",\"datePublished\":\"2026-04-10T21:50:43+00:00\",\"dateModified\":\"2026-04-15T08:03:43+00:00\",\"breadcrumb\":{\"@id\":\"https:\/\/october.azdigi.shop\/index.php\/san-pham\/graduation-blue-hope\/#breadcrumb\"},\"inLanguage\":\"vi\",\"potentialAction\":[{\"@type\":\"ReadAction\",\"target\":[\"https:\/\/october.azdigi.shop\/index.php\/san-pham\/graduation-blue-hope\/\"]}]},{\"@type\":\"ImageObject\",\"inLanguage\":\"vi\",\"@id\":\"https:\/\/october.azdigi.shop\/index.php\/san-pham\/graduation-blue-hope\/#primaryimage\",\"url\":\"https:\/\/october.azdigi.shop\/wp-content\/uploads\/2026\/03\/htn3.jpg\",\"contentUrl\":\"https:\/\/october.azdigi.shop\/wp-content\/uploads\/2026\/03\/htn3.jpg\",\"width\":736,\"height\":920},{\"@type\":\"BreadcrumbList\",\"@id\":\"https:\/\/october.azdigi.shop\/index.php\/san-pham\/graduation-blue-hope\/#breadcrumb\",\"itemListElement\":[{\"@type\":\"ListItem\",\"position\":1,\"name\":\"Trang ch\u1ee7\",\"item\":\"https:\/\/october.azdigi.shop\/\"},{\"@type\":\"ListItem\",\"position\":2,\"name\":\"C\u1eeda h\u00e0ng\",\"item\":\"https:\/\/october.azdigi.shop\/index.php\/tai-khoan\/\"},{\"@type\":\"ListItem\",\"position\":3,\"name\":\"Graduation Blue Hope\"}]},{\"@type\":\"WebSite\",\"@id\":\"https:\/\/october.azdigi.shop\/#website\",\"url\":\"https:\/\/october.azdigi.shop\/\",\"name\":\"OCTOBER FLOWER\",\"description\":\"\",\"potentialAction\":[{\"@type\":\"SearchAction\",\"target\":{\"@type\":\"EntryPoint\",\"urlTemplate\":\"https:\/\/october.azdigi.shop\/?s={search_term_string}\"},\"query-input\":{\"@type\":\"PropertyValueSpecification\",\"valueRequired\":true,\"valueName\":\"search_term_string\"}}],\"inLanguage\":\"vi\"}]}<\/script>\n<!-- \/ Yoast SEO plugin. -->","yoast_head_json":{"title":"Graduation Blue Hope - OCTOBER FLOWER","robots":{"index":"index","follow":"follow","max-snippet":"max-snippet:-1","max-image-preview":"max-image-preview:large","max-video-preview":"max-video-preview:-1"},"canonical":"https:\/\/october.azdigi.shop\/index.php\/san-pham\/graduation-blue-hope\/","og_locale":"vi_VN","og_type":"article","og_title":"Graduation Blue Hope - OCTOBER FLOWER","og_description":"GRADUATION BLUE HOPE: B\u00d3 HOA T\u1ed0T NGHI\u1ec6P CHO NAM \u0110\u1eb8P V\u00c0 \u00dd NGH\u0128A Ng\u00e0y l\u1ec5 t\u1ed1t nghi\u1ec7p l\u00e0 c\u1ed9t m\u1ed1c quan tr\u1ecdng \u0111\u00e1nh d\u1ea5u s\u1ef1 tr\u01b0\u1edfng th\u00e0nh v\u00e0 m\u1edf ra m\u1ed9t ch\u01b0\u01a1ng m\u1edbi \u0111\u1ea7y h\u1ee9a h\u1eb9n. N\u1ebfu b\u1ea1n \u0111ang t\u00ecm ki\u1ebfm m\u1ed9t m\u00f3n qu\u00e0 v\u1eeba m\u1ea1nh m\u1ebd, v\u1eeba tinh t\u1ebf th\u00ec b\u00f3 hoa t\u1ed1t nghi\u1ec7p [...]","og_url":"https:\/\/october.azdigi.shop\/index.php\/san-pham\/graduation-blue-hope\/","og_site_name":"OCTOBER FLOWER","article_modified_time":"2026-04-15T08:03:43+00:00","og_image":[{"width":736,"height":920,"url":"https:\/\/october.azdigi.shop\/wp-content\/uploads\/2026\/03\/htn3.jpg","type":"image\/jpeg"}],"twitter_card":"summary_large_image","twitter_misc":{"\u01af\u1edbc t\u00ednh th\u1eddi gian \u0111\u1ecdc":"3 ph\u00fat"},"schema":{"@context":"https:\/\/schema.org","@graph":[{"@type":"WebPage","@id":"https:\/\/october.azdigi.shop\/index.php\/san-pham\/graduation-blue-hope\/","url":"https:\/\/october.azdigi.shop\/index.php\/san-pham\/graduation-blue-hope\/","name":"Graduation Blue Hope - OCTOBER FLOWER","isPartOf":{"@id":"https:\/\/october.azdigi.shop\/#website"},"primaryImageOfPage":{"@id":"https:\/\/october.azdigi.shop\/index.php\/san-pham\/graduation-blue-hope\/#primaryimage"},"image":{"@id":"https:\/\/october.azdigi.shop\/index.php\/san-pham\/graduation-blue-hope\/#primaryimage"},"thumbnailUrl":"https:\/\/october.azdigi.shop\/wp-content\/uploads\/2026\/03\/htn3.jpg","datePublished":"2026-04-10T21:50:43+00:00","dateModified":"2026-04-15T08:03:43+00:00","breadcrumb":{"@id":"https:\/\/october.azdigi.shop\/index.php\/san-pham\/graduation-blue-hope\/#breadcrumb"},"inLanguage":"vi","potentialAction":[{"@type":"ReadAction","target":["https:\/\/october.azdigi.shop\/index.php\/san-pham\/graduation-blue-hope\/"]}]},{"@type":"ImageObject","inLanguage":"vi","@id":"https:\/\/october.azdigi.shop\/index.php\/san-pham\/graduation-blue-hope\/#primaryimage","url":"https:\/\/october.azdigi.shop\/wp-content\/uploads\/2026\/03\/htn3.jpg","contentUrl":"https:\/\/october.azdigi.shop\/wp-content\/uploads\/2026\/03\/htn3.jpg","width":736,"height":920},{"@type":"BreadcrumbList","@id":"https:\/\/october.azdigi.shop\/index.php\/san-pham\/graduation-blue-hope\/#breadcrumb","itemListElement":[{"@type":"ListItem","position":1,"name":"Trang ch\u1ee7","item":"https:\/\/october.azdigi.shop\/"},{"@type":"ListItem","position":2,"name":"C\u1eeda h\u00e0ng","item":"https:\/\/october.azdigi.shop\/index.php\/tai-khoan\/"},{"@type":"ListItem","position":3,"name":"Graduation Blue Hope"}]},{"@type":"WebSite","@id":"https:\/\/october.azdigi.shop\/#website","url":"https:\/\/october.azdigi.shop\/","name":"OCTOBER FLOWER","description":"","potentialAction":[{"@type":"SearchAction","target":{"@type":"EntryPoint","urlTemplate":"https:\/\/october.azdigi.shop\/?s={search_term_string}"},"query-input":{"@type":"PropertyValueSpecification","valueRequired":true,"valueName":"search_term_string"}}],"inLanguage":"vi"}]}},"_links":{"self":[{"href":"https:\/\/october.azdigi.shop\/index.php\/wp-json\/wp\/v2\/product\/243","targetHints":{"allow":["GET"]}}],"collection":[{"href":"https:\/\/october.azdigi.shop\/index.php\/wp-json\/wp\/v2\/product"}],"about":[{"href":"https:\/\/october.azdigi.shop\/index.php\/wp-json\/wp\/v2\/types\/product"}],"replies":[{"embeddable":true,"href":"https:\/\/october.azdigi.shop\/index.php\/wp-json\/wp\/v2\/comments?post=243"}],"wp:featuredmedia":[{"embeddable":true,"href":"https:\/\/october.azdigi.shop\/index.php\/wp-json\/wp\/v2\/media\/49"}],"wp:attachment":[{"href":"https:\/\/october.azdigi.shop\/index.php\/wp-json\/wp\/v2\/media?parent=243"}],"wp:term":[{"taxonomy":"product_brand","embeddable":true,"href":"https:\/\/october.azdigi.shop\/index.php\/wp-json\/wp\/v2\/product_brand?post=243"},{"taxonomy":"product_cat","embeddable":true,"href":"https:\/\/october.azdigi.shop\/index.php\/wp-json\/wp\/v2\/product_cat?post=243"},{"taxonomy":"product_tag","embeddable":true,"href":"https:\/\/october.azdigi.shop\/index.php\/wp-json\/wp\/v2\/product_tag?post=243"}],"curies":[{"name":"wp","href":"https:\/\/api.w.org\/{rel}","templated":true}]}}