{"id":284,"date":"2026-04-15T08:24:32","date_gmt":"2026-04-15T08:24:32","guid":{"rendered":"https:\/\/october.azdigi.shop\/?post_type=product&#038;p=284"},"modified":"2026-04-15T08:24:32","modified_gmt":"2026-04-15T08:24:32","slug":"elegant-rose-symphony","status":"publish","type":"product","link":"https:\/\/october.azdigi.shop\/index.php\/san-pham\/elegant-rose-symphony\/","title":{"rendered":"Elegant Rose Symphony\u00a0"},"content":{"rendered":"<h2 data-path-to-node=\"4\">ELEGANT ROSE SYMPHONY: K\u1ec6 HOA KHAI TR\u01af\u01a0NG M\u00c0U H\u1ed2NG PH\u1ea4N THANH L\u1ecaCH V\u00c0 \u0110\u1eb2NG C\u1ea4P<\/h2>\n<p data-path-to-node=\"5\">Trong kh\u00f4ng gian r\u1ef1c r\u1ee1 c\u1ee7a l\u1ec5 khai tr\u01b0\u01a1ng, m\u1ed9t k\u1ec7 hoa ch\u00fac m\u1eebng kh\u00f4ng ch\u1ec9 \u0111\u01a1n thu\u1ea7n l\u00e0 m\u00f3n qu\u00e0, m\u00e0 c\u00f2n l\u00e0 l\u1eddi ch\u00fac \u00fd ngh\u0129a v\u1ec1 s\u1ef1 th\u1ecbnh v\u01b0\u1ee3ng v\u00e0 h\u1ea1nh ph\u00fac. <b data-path-to-node=\"5\" data-index-in-node=\"156\">October Flower<\/b> t\u1ef1 h\u00e0o gi\u1edbi thi\u1ec7u m\u1eabu k\u1ec7 hoa <b data-path-to-node=\"5\" data-index-in-node=\"200\">Elegant Rose Symphony<\/b>\u00a0 \u2013 m\u1ed9t t\u00e1c ph\u1ea9m ngh\u1ec7 thu\u1eadt tinh t\u1ebf, k\u1ebft h\u1ee3p ho\u00e0n h\u1ea3o gi\u1eefa s\u1eafc h\u1ed3ng ph\u1ea5n d\u1ecbu d\u00e0ng v\u00e0 v\u1ebb cao qu\u00fd c\u1ee7a hoa nh\u1eadp kh\u1ea9u, h\u1ee9a h\u1eb9n s\u1ebd l\u00e0m b\u1eebng s\u00e1ng bu\u1ed5i l\u1ec5 v\u00e0 t\u1ea1o \u1ea5n t\u01b0\u1ee3ng m\u1ea1nh m\u1ebd v\u1edbi m\u1ecdi v\u1ecb kh\u00e1ch.<\/p>\n<h3 data-path-to-node=\"6\">N\u00e9t \u0111\u1eb9p thanh l\u1ecbch \u0111\u1ebfn t\u1eeb s\u1ef1 k\u1ebft h\u1ee3p ho\u00e0n h\u1ea3o<\/h3>\n<p data-path-to-node=\"7\">\u0110i\u1ec3m nh\u1ea5n thu h\u00fat nh\u1ea5t c\u1ee7a k\u1ec7 hoa khai tr\u01b0\u01a1ng m\u00e0u h\u1ed3ng ph\u1ea5n n\u00e0y ch\u00ednh l\u00e0 s\u1ef1 chuy\u1ec3n m\u00e0u m\u01b0\u1ee3t m\u00e0, t\u1ea1o n\u00ean m\u1ed9t &#8220;b\u1ea3n giao h\u01b0\u1edfng&#8221; \u0111\u1ea7y c\u1ea3m x\u00fac.<\/p>\n<ul data-path-to-node=\"8\">\n<li>\n<p data-path-to-node=\"8,0,0\"><b data-path-to-node=\"8,0,0\" data-index-in-node=\"0\">S\u1eafc h\u1ed3ng ph\u1ea5n ch\u1ee7 \u0111\u1ea1o:<\/b> M\u00e0u h\u1ed3ng v\u1ed1n t\u01b0\u1ee3ng tr\u01b0ng cho s\u1ef1 thanh l\u1ecbch, d\u1ecbu d\u00e0ng v\u00e0 m\u1ed9t kh\u1edfi \u0111\u1ea7u \u0111\u1ea7y hy v\u1ecdng. S\u1ef1 k\u1ebft h\u1ee3p gi\u1eefa nhi\u1ec1u lo\u1ea1i hoa nh\u01b0 Hoa H\u1ed3ng Ohara, Hoa C\u1ea9m Ch\u01b0\u1edbng v\u00e0 Hoa \u0110\u1ed3ng Ti\u1ec1n v\u1edbi c\u00e1c s\u1eafc \u0111\u1ed9 h\u1ed3ng t\u1eeb pastel nh\u1eb9 nh\u00e0ng \u0111\u1ebfn h\u1ed3ng c\u00e1nh sen n\u1ed3ng n\u00e0n t\u1ea1o n\u00ean chi\u1ec1u s\u00e2u v\u00e0 s\u1ef1 b\u1ed3ng b\u1ec1nh, quy\u1ebfn r\u0169 cho t\u00e1c ph\u1ea9m.<\/p>\n<\/li>\n<li>\n<p data-path-to-node=\"8,1,0\"><b data-path-to-node=\"8,1,0\" data-index-in-node=\"0\">V\u1ebb cao qu\u00fd c\u1ee7a Lan H\u1ed3 \u0110i\u1ec7p tr\u1eafng:<\/b> Nh\u1eefng \u0111\u00f3a Lan H\u1ed3 \u0110i\u1ec7p tr\u1eafng mu\u1ed1t, ki\u00eau sa \u0111\u01b0\u1ee3c s\u1eafp \u0111\u1eb7t kh\u00e9o l\u00e9o \u1edf v\u1ecb tr\u00ed trung t\u00e2m, nh\u01b0 nh\u1eefng &#8220;n\u00e0ng th\u01a1&#8221; \u0111ang v\u01b0\u01a1n m\u00ecnh, kh\u00f4ng ch\u1ec9 l\u00e0m n\u1ed5i b\u1eadt s\u1eafc h\u1ed3ng m\u00e0 c\u00f2n mang \u00fd ngh\u0129a v\u1ec1 s\u1ef1 tinh kh\u00f4i, sang tr\u1ecdng v\u00e0 th\u00e0nh c\u00f4ng tr\u1ecdn v\u1eb9n.<\/p>\n<\/li>\n<li>\n<p data-path-to-node=\"8,2,0\"><b data-path-to-node=\"8,2,0\" data-index-in-node=\"0\">Thi\u1ebft k\u1ebf ch\u00e2n g\u1ed7 hi\u1ec7n \u0111\u1ea1i:<\/b> Thay v\u00ec ch\u00e2n s\u1eaft truy\u1ec1n th\u1ed1ng, k\u1ec7 hoa s\u1eed d\u1ee5ng ch\u00e2n g\u1ed7 t\u1ef1 nhi\u00ean m\u00e0u m\u1ed9c, t\u1ea1o c\u1ea3m gi\u00e1c \u1ea5m \u00e1p, g\u1ea7n g\u0169i nh\u01b0ng c\u0169ng r\u1ea5t hi\u1ec7n \u0111\u1ea1i v\u00e0 ch\u1eafc ch\u1eafn, ph\u00f9 h\u1ee3p v\u1edbi c\u00e1c kh\u00f4ng gian spa, th\u1ea9m m\u1ef9 vi\u1ec7n ho\u1eb7c shop th\u1eddi trang cao c\u1ea5p.<\/p>\n<\/li>\n<\/ul>\n<h3 data-path-to-node=\"9\">\u00dd ngh\u0129a s\u00e2u s\u1eafc \u0111\u1eb1ng sau k\u1ec7 hoa khai tr\u01b0\u01a1ng m\u00e0u h\u1ed3ng ph\u1ea5n<\/h3>\n<p data-path-to-node=\"10\">T\u1ea1i <b data-path-to-node=\"10\" data-index-in-node=\"4\">October Flower<\/b>, m\u1ed7i t\u00e1c ph\u1ea9m \u0111\u1ec1u \u0111\u01b0\u1ee3c g\u1eedi g\u1eafm nh\u1eefng th\u00f4ng \u0111i\u1ec7p t\u1ed1t \u0111\u1eb9p nh\u1ea5t.<\/p>\n<ul data-path-to-node=\"11\">\n<li>\n<p data-path-to-node=\"11,0,0\"><b data-path-to-node=\"11,0,0\" data-index-in-node=\"0\">Ch\u00fac kh\u1edfi \u0111\u1ea7u thu\u1eadn l\u1ee3i v\u00e0 h\u1ea1nh ph\u00fac:<\/b> M\u00e0u h\u1ed3ng mang l\u1ea1i c\u1ea3m gi\u00e1c \u1ea5m \u00e1p v\u00e0 ni\u1ec1m vui, nh\u01b0 m\u1ed9t l\u1eddi ch\u00fac cho gia ch\u1ee7 c\u00f3 m\u1ed9t s\u1ef1 nghi\u1ec7p thu\u1eadn bu\u1ed3m xu\u00f4i gi\u00f3 v\u00e0 lu\u00f4n gi\u1eef \u0111\u01b0\u1ee3c ng\u1ecdn l\u1eeda \u0111am m\u00ea.<\/p>\n<\/li>\n<li>\n<p data-path-to-node=\"11,1,0\"><b data-path-to-node=\"11,1,0\" data-index-in-node=\"0\">Bi\u1ec3u t\u01b0\u1ee3ng c\u1ee7a s\u1ef1 ph\u1ed3n vinh:<\/b> Lan H\u1ed3 \u0110i\u1ec7p tr\u1eafng l\u00e0 lo\u00e0i hoa c\u1ee7a ho\u00e0ng gia, t\u01b0\u1ee3ng tr\u01b0ng cho s\u1ef1 gi\u00e0u sang, ph\u00fa qu\u00fd v\u00e0 \u0111\u1eb3ng c\u1ea5p c\u1ee7a ng\u01b0\u1eddi s\u1edf h\u1eefu.<\/p>\n<\/li>\n<li>\n<p data-path-to-node=\"11,2,0\"><b data-path-to-node=\"11,2,0\" data-index-in-node=\"0\">G\u1eafn k\u1ebft t\u00ecnh th\u00e2m:<\/b> M\u1ed9t k\u1ec7 hoa \u0111\u1eb9p kh\u00f4ng ch\u1ec9 th\u1ec3 hi\u1ec7n gu th\u1ea9m m\u1ef9 tinh t\u1ebf c\u1ee7a ng\u01b0\u1eddi t\u1eb7ng m\u00e0 c\u00f2n l\u00e0 s\u1ee3i d\u00e2y g\u1eafn k\u1ebft t\u00ecnh c\u1ea3m ch\u00e2n th\u00e0nh gi\u1eefa c\u00e1c \u0111\u1ed1i t\u00e1c kinh doanh.<\/p>\n<\/li>\n<\/ul>\n<h3 data-path-to-node=\"12\">October Flower \u2013 \u0110\u1ecba ch\u1ec9 \u0111\u1eb7t hoa khai tr\u01b0\u01a1ng uy t\u00edn t\u1ea1i G\u00f2 V\u1ea5p<\/h3>\n<p data-path-to-node=\"13\">Ch\u00fang m\u00ecnh hi\u1ec3u r\u1eb1ng b\u1ea1n lu\u00f4n mu\u1ed1n d\u00e0nh nh\u1eefng \u0111i\u1ec1u t\u1ed1t \u0111\u1eb9p nh\u1ea5t cho nh\u1eefng ng\u01b0\u1eddi th\u00e2n y\u00eau v\u00e0 \u0111\u1ed1i t\u00e1c quan tr\u1ecdng.<\/p>\n<ul data-path-to-node=\"14\">\n<li>\n<p data-path-to-node=\"14,0,0\"><b data-path-to-node=\"14,0,0\" data-index-in-node=\"0\">Hoa t\u01b0\u01a1i nh\u1eadp kh\u1ea9u ch\u1ea5t l\u01b0\u1ee3ng:<\/b> 100% hoa \u0111\u01b0\u1ee3c tuy\u1ec3n ch\u1ecdn k\u1ef9 l\u01b0\u1ee1ng m\u1ed7i ng\u00e0y, \u0111\u1ea3m b\u1ea3o \u0111\u1ed9 t\u01b0\u01a1i m\u1edbi v\u00e0 b\u1ec1n l\u00e2u.<\/p>\n<\/li>\n<li>\n<p data-path-to-node=\"14,1,0\"><b data-path-to-node=\"14,1,0\" data-index-in-node=\"0\">Thi\u1ebft k\u1ebf ri\u00eang bi\u1ec7t:<\/b> M\u1ed7i k\u1ec7 hoa \u0111\u1ec1u l\u00e0 m\u1ed9t t\u00e1c ph\u1ea9m ngh\u1ec7 thu\u1eadt \u0111\u1ed9c b\u1ea3n, \u0111\u01b0\u1ee3c ch\u0103m ch\u00fat t\u1ec9 m\u1ec9 b\u1edfi ngh\u1ec7 nh\u00e2n c\u1eafm hoa l\u00e0nh ngh\u1ec1.<\/p>\n<\/li>\n<li>\n<p data-path-to-node=\"14,2,0\"><b data-path-to-node=\"14,2,0\" data-index-in-node=\"0\">Giao nhanh h\u1ecfa t\u1ed1c:<\/b> Mi\u1ec5n ph\u00ed giao hoa khu v\u1ef1c n\u1ed9i th\u00e0nh [ho\u1eb7c nh\u1eadp khu v\u1ef1c c\u1ee5 th\u1ec3 nh\u01b0 G\u00f2 V\u1ea5p], \u0111\u1ea3m b\u1ea3o \u0111\u00fang gi\u1edd tuy\u1ec7t \u0111\u1ed1i.<\/p>\n<\/li>\n<\/ul>\n<p data-path-to-node=\"15\"><b data-path-to-node=\"15\" data-index-in-node=\"0\">\u0110\u1eebng ng\u1ea7n ng\u1ea1i li\u00ean h\u1ec7 v\u1edbi October Flower \u0111\u1ec3 \u0111\u01b0\u1ee3c t\u01b0 v\u1ea5n v\u00e0 thi\u1ebft k\u1ebf nh\u1eefng k\u1ec7 hoa khai tr\u01b0\u01a1ng sang tr\u1ecdng nh\u1ea5t!<\/b><\/p>\n","protected":false},"excerpt":{"rendered":"<p>ELEGANT ROSE SYMPHONY: K\u1ec6 HOA KHAI TR\u01af\u01a0NG M\u00c0U H\u1ed2NG PH\u1ea4N THANH L\u1ecaCH V\u00c0 \u0110\u1eb2NG C\u1ea4P Trong kh\u00f4ng gian r\u1ef1c r\u1ee1 c\u1ee7a l\u1ec5 khai tr\u01b0\u01a1ng, m\u1ed9t k\u1ec7 hoa ch\u00fac m\u1eebng kh\u00f4ng ch\u1ec9 \u0111\u01a1n thu\u1ea7n l\u00e0 m\u00f3n qu\u00e0, m\u00e0 c\u00f2n l\u00e0 l\u1eddi ch\u00fac \u00fd ngh\u0129a v\u1ec1 s\u1ef1 th\u1ecbnh v\u01b0\u1ee3ng v\u00e0 h\u1ea1nh ph\u00fac. October Flower t\u1ef1 h\u00e0o gi\u1edbi [&#8230;]\n","protected":false},"featured_media":285,"comment_status":"open","ping_status":"closed","template":"","meta":[],"product_brand":[],"product_cat":[21],"product_tag":[],"class_list":{"0":"post-284","1":"product","2":"type-product","3":"status-publish","4":"has-post-thumbnail","6":"product_cat-hoa-khai-truong","8":"first","9":"instock","10":"sale","11":"shipping-taxable","12":"purchasable","13":"product-type-simple"},"yoast_head":"<!-- This site is optimized with the Yoast SEO plugin v27.2 - https:\/\/yoast.com\/product\/yoast-seo-wordpress\/ -->\n<title>Elegant Rose Symphony\u00a0 - OCTOBER FLOWER<\/title>\n<meta name=\"robots\" content=\"index, follow, max-snippet:-1, max-image-preview:large, max-video-preview:-1\" \/>\n<link rel=\"canonical\" href=\"https:\/\/october.azdigi.shop\/index.php\/san-pham\/elegant-rose-symphony\/\" \/>\n<meta property=\"og:locale\" content=\"vi_VN\" \/>\n<meta property=\"og:type\" content=\"article\" \/>\n<meta property=\"og:title\" content=\"Elegant Rose Symphony\u00a0 - OCTOBER FLOWER\" \/>\n<meta property=\"og:description\" content=\"ELEGANT ROSE SYMPHONY: K\u1ec6 HOA KHAI TR\u01af\u01a0NG M\u00c0U H\u1ed2NG PH\u1ea4N THANH L\u1ecaCH V\u00c0 \u0110\u1eb2NG C\u1ea4P Trong kh\u00f4ng gian r\u1ef1c r\u1ee1 c\u1ee7a l\u1ec5 khai tr\u01b0\u01a1ng, m\u1ed9t k\u1ec7 hoa ch\u00fac m\u1eebng kh\u00f4ng ch\u1ec9 \u0111\u01a1n thu\u1ea7n l\u00e0 m\u00f3n qu\u00e0, m\u00e0 c\u00f2n l\u00e0 l\u1eddi ch\u00fac \u00fd ngh\u0129a v\u1ec1 s\u1ef1 th\u1ecbnh v\u01b0\u1ee3ng v\u00e0 h\u1ea1nh ph\u00fac. October Flower t\u1ef1 h\u00e0o gi\u1edbi [...]\" \/>\n<meta property=\"og:url\" content=\"https:\/\/october.azdigi.shop\/index.php\/san-pham\/elegant-rose-symphony\/\" \/>\n<meta property=\"og:site_name\" content=\"OCTOBER FLOWER\" \/>\n<meta property=\"og:image\" content=\"https:\/\/october.azdigi.shop\/wp-content\/uploads\/2026\/04\/hkt.jpg\" \/>\n\t<meta property=\"og:image:width\" content=\"720\" \/>\n\t<meta property=\"og:image:height\" content=\"960\" \/>\n\t<meta property=\"og:image:type\" content=\"image\/jpeg\" \/>\n<meta name=\"twitter:card\" content=\"summary_large_image\" \/>\n<meta name=\"twitter:label1\" content=\"\u01af\u1edbc t\u00ednh th\u1eddi gian \u0111\u1ecdc\" \/>\n\t<meta name=\"twitter:data1\" content=\"4 ph\u00fat\" \/>\n<script type=\"application\/ld+json\" class=\"yoast-schema-graph\">{\"@context\":\"https:\/\/schema.org\",\"@graph\":[{\"@type\":\"WebPage\",\"@id\":\"https:\/\/october.azdigi.shop\/index.php\/san-pham\/elegant-rose-symphony\/\",\"url\":\"https:\/\/october.azdigi.shop\/index.php\/san-pham\/elegant-rose-symphony\/\",\"name\":\"Elegant Rose Symphony\u00a0 - OCTOBER FLOWER\",\"isPartOf\":{\"@id\":\"https:\/\/october.azdigi.shop\/#website\"},\"primaryImageOfPage\":{\"@id\":\"https:\/\/october.azdigi.shop\/index.php\/san-pham\/elegant-rose-symphony\/#primaryimage\"},\"image\":{\"@id\":\"https:\/\/october.azdigi.shop\/index.php\/san-pham\/elegant-rose-symphony\/#primaryimage\"},\"thumbnailUrl\":\"https:\/\/october.azdigi.shop\/wp-content\/uploads\/2026\/04\/hkt.jpg\",\"datePublished\":\"2026-04-15T08:24:32+00:00\",\"breadcrumb\":{\"@id\":\"https:\/\/october.azdigi.shop\/index.php\/san-pham\/elegant-rose-symphony\/#breadcrumb\"},\"inLanguage\":\"vi\",\"potentialAction\":[{\"@type\":\"ReadAction\",\"target\":[\"https:\/\/october.azdigi.shop\/index.php\/san-pham\/elegant-rose-symphony\/\"]}]},{\"@type\":\"ImageObject\",\"inLanguage\":\"vi\",\"@id\":\"https:\/\/october.azdigi.shop\/index.php\/san-pham\/elegant-rose-symphony\/#primaryimage\",\"url\":\"https:\/\/october.azdigi.shop\/wp-content\/uploads\/2026\/04\/hkt.jpg\",\"contentUrl\":\"https:\/\/october.azdigi.shop\/wp-content\/uploads\/2026\/04\/hkt.jpg\",\"width\":720,\"height\":960},{\"@type\":\"BreadcrumbList\",\"@id\":\"https:\/\/october.azdigi.shop\/index.php\/san-pham\/elegant-rose-symphony\/#breadcrumb\",\"itemListElement\":[{\"@type\":\"ListItem\",\"position\":1,\"name\":\"Trang ch\u1ee7\",\"item\":\"https:\/\/october.azdigi.shop\/\"},{\"@type\":\"ListItem\",\"position\":2,\"name\":\"C\u1eeda h\u00e0ng\",\"item\":\"https:\/\/october.azdigi.shop\/index.php\/tai-khoan\/\"},{\"@type\":\"ListItem\",\"position\":3,\"name\":\"Elegant Rose Symphony\u00a0\"}]},{\"@type\":\"WebSite\",\"@id\":\"https:\/\/october.azdigi.shop\/#website\",\"url\":\"https:\/\/october.azdigi.shop\/\",\"name\":\"OCTOBER FLOWER\",\"description\":\"\",\"potentialAction\":[{\"@type\":\"SearchAction\",\"target\":{\"@type\":\"EntryPoint\",\"urlTemplate\":\"https:\/\/october.azdigi.shop\/?s={search_term_string}\"},\"query-input\":{\"@type\":\"PropertyValueSpecification\",\"valueRequired\":true,\"valueName\":\"search_term_string\"}}],\"inLanguage\":\"vi\"}]}<\/script>\n<!-- \/ Yoast SEO plugin. -->","yoast_head_json":{"title":"Elegant Rose Symphony\u00a0 - OCTOBER FLOWER","robots":{"index":"index","follow":"follow","max-snippet":"max-snippet:-1","max-image-preview":"max-image-preview:large","max-video-preview":"max-video-preview:-1"},"canonical":"https:\/\/october.azdigi.shop\/index.php\/san-pham\/elegant-rose-symphony\/","og_locale":"vi_VN","og_type":"article","og_title":"Elegant Rose Symphony\u00a0 - OCTOBER FLOWER","og_description":"ELEGANT ROSE SYMPHONY: K\u1ec6 HOA KHAI TR\u01af\u01a0NG M\u00c0U H\u1ed2NG PH\u1ea4N THANH L\u1ecaCH V\u00c0 \u0110\u1eb2NG C\u1ea4P Trong kh\u00f4ng gian r\u1ef1c r\u1ee1 c\u1ee7a l\u1ec5 khai tr\u01b0\u01a1ng, m\u1ed9t k\u1ec7 hoa ch\u00fac m\u1eebng kh\u00f4ng ch\u1ec9 \u0111\u01a1n thu\u1ea7n l\u00e0 m\u00f3n qu\u00e0, m\u00e0 c\u00f2n l\u00e0 l\u1eddi ch\u00fac \u00fd ngh\u0129a v\u1ec1 s\u1ef1 th\u1ecbnh v\u01b0\u1ee3ng v\u00e0 h\u1ea1nh ph\u00fac. October Flower t\u1ef1 h\u00e0o gi\u1edbi [...]","og_url":"https:\/\/october.azdigi.shop\/index.php\/san-pham\/elegant-rose-symphony\/","og_site_name":"OCTOBER FLOWER","og_image":[{"width":720,"height":960,"url":"https:\/\/october.azdigi.shop\/wp-content\/uploads\/2026\/04\/hkt.jpg","type":"image\/jpeg"}],"twitter_card":"summary_large_image","twitter_misc":{"\u01af\u1edbc t\u00ednh th\u1eddi gian \u0111\u1ecdc":"4 ph\u00fat"},"schema":{"@context":"https:\/\/schema.org","@graph":[{"@type":"WebPage","@id":"https:\/\/october.azdigi.shop\/index.php\/san-pham\/elegant-rose-symphony\/","url":"https:\/\/october.azdigi.shop\/index.php\/san-pham\/elegant-rose-symphony\/","name":"Elegant Rose Symphony\u00a0 - OCTOBER FLOWER","isPartOf":{"@id":"https:\/\/october.azdigi.shop\/#website"},"primaryImageOfPage":{"@id":"https:\/\/october.azdigi.shop\/index.php\/san-pham\/elegant-rose-symphony\/#primaryimage"},"image":{"@id":"https:\/\/october.azdigi.shop\/index.php\/san-pham\/elegant-rose-symphony\/#primaryimage"},"thumbnailUrl":"https:\/\/october.azdigi.shop\/wp-content\/uploads\/2026\/04\/hkt.jpg","datePublished":"2026-04-15T08:24:32+00:00","breadcrumb":{"@id":"https:\/\/october.azdigi.shop\/index.php\/san-pham\/elegant-rose-symphony\/#breadcrumb"},"inLanguage":"vi","potentialAction":[{"@type":"ReadAction","target":["https:\/\/october.azdigi.shop\/index.php\/san-pham\/elegant-rose-symphony\/"]}]},{"@type":"ImageObject","inLanguage":"vi","@id":"https:\/\/october.azdigi.shop\/index.php\/san-pham\/elegant-rose-symphony\/#primaryimage","url":"https:\/\/october.azdigi.shop\/wp-content\/uploads\/2026\/04\/hkt.jpg","contentUrl":"https:\/\/october.azdigi.shop\/wp-content\/uploads\/2026\/04\/hkt.jpg","width":720,"height":960},{"@type":"BreadcrumbList","@id":"https:\/\/october.azdigi.shop\/index.php\/san-pham\/elegant-rose-symphony\/#breadcrumb","itemListElement":[{"@type":"ListItem","position":1,"name":"Trang ch\u1ee7","item":"https:\/\/october.azdigi.shop\/"},{"@type":"ListItem","position":2,"name":"C\u1eeda h\u00e0ng","item":"https:\/\/october.azdigi.shop\/index.php\/tai-khoan\/"},{"@type":"ListItem","position":3,"name":"Elegant Rose Symphony\u00a0"}]},{"@type":"WebSite","@id":"https:\/\/october.azdigi.shop\/#website","url":"https:\/\/october.azdigi.shop\/","name":"OCTOBER FLOWER","description":"","potentialAction":[{"@type":"SearchAction","target":{"@type":"EntryPoint","urlTemplate":"https:\/\/october.azdigi.shop\/?s={search_term_string}"},"query-input":{"@type":"PropertyValueSpecification","valueRequired":true,"valueName":"search_term_string"}}],"inLanguage":"vi"}]}},"_links":{"self":[{"href":"https:\/\/october.azdigi.shop\/index.php\/wp-json\/wp\/v2\/product\/284","targetHints":{"allow":["GET"]}}],"collection":[{"href":"https:\/\/october.azdigi.shop\/index.php\/wp-json\/wp\/v2\/product"}],"about":[{"href":"https:\/\/october.azdigi.shop\/index.php\/wp-json\/wp\/v2\/types\/product"}],"replies":[{"embeddable":true,"href":"https:\/\/october.azdigi.shop\/index.php\/wp-json\/wp\/v2\/comments?post=284"}],"wp:featuredmedia":[{"embeddable":true,"href":"https:\/\/october.azdigi.shop\/index.php\/wp-json\/wp\/v2\/media\/285"}],"wp:attachment":[{"href":"https:\/\/october.azdigi.shop\/index.php\/wp-json\/wp\/v2\/media?parent=284"}],"wp:term":[{"taxonomy":"product_brand","embeddable":true,"href":"https:\/\/october.azdigi.shop\/index.php\/wp-json\/wp\/v2\/product_brand?post=284"},{"taxonomy":"product_cat","embeddable":true,"href":"https:\/\/october.azdigi.shop\/index.php\/wp-json\/wp\/v2\/product_cat?post=284"},{"taxonomy":"product_tag","embeddable":true,"href":"https:\/\/october.azdigi.shop\/index.php\/wp-json\/wp\/v2\/product_tag?post=284"}],"curies":[{"name":"wp","href":"https:\/\/api.w.org\/{rel}","templated":true}]}}