{"id":286,"date":"2026-04-15T08:26:05","date_gmt":"2026-04-15T08:26:05","guid":{"rendered":"https:\/\/october.azdigi.shop\/?post_type=product&#038;p=286"},"modified":"2026-04-15T08:28:05","modified_gmt":"2026-04-15T08:28:05","slug":"lavender-dream-2","status":"publish","type":"product","link":"https:\/\/october.azdigi.shop\/index.php\/san-pham\/lavender-dream-2\/","title":{"rendered":"Lavender Dream"},"content":{"rendered":"<p data-path-to-node=\"15\"><b data-path-to-node=\"15\" data-index-in-node=\"0\">LAVENDER DREAM \u2013 KH\u1edeI \u0110\u1ea6U TH\u1ecaNH V\u01af\u1ee2NG V\u1edaI S\u1eaeC T\u00cdM QUY\u1ebeN R\u0168 (H2)<\/b><\/p>\n<p data-path-to-node=\"16\">Trong c\u00e1c bu\u1ed5i l\u1ec5 khai tr\u01b0\u01a1ng, n\u1ebfu s\u1eafc \u0111\u1ecf t\u01b0\u1ee3ng tr\u01b0ng cho may m\u1eafn, s\u1eafc v\u00e0ng l\u00e0 t\u00e0i l\u1ed9c, th\u00ec s\u1eafc h\u1ed3ng t\u00edm l\u1ea1i l\u00e0 bi\u1ec3u t\u01b0\u1ee3ng c\u1ee7a s\u1ef1 <b data-path-to-node=\"16\" data-index-in-node=\"130\">sang tr\u1ecdng, b\u1ec1n v\u1eefng v\u00e0 g\u1eafn k\u1ebft<\/b>. T\u1ea1i <b data-path-to-node=\"16\" data-index-in-node=\"167\">October Flower<\/b>, m\u1eabu k\u1ec7 hoa <b data-path-to-node=\"16\" data-index-in-node=\"194\">Lavender Dream<\/b> \u0111ang tr\u1edf th\u00e0nh xu h\u01b0\u1edbng h\u00e0ng \u0111\u1ea7u cho c\u00e1c doanh nghi\u1ec7p y\u00eau th\u00edch v\u1ebb \u0111\u1eb9p ngh\u1ec7 thu\u1eadt v\u00e0 \u0111\u1eb3ng c\u1ea5p.<\/p>\n<p data-path-to-node=\"17\"><b data-path-to-node=\"17\" data-index-in-node=\"0\">S\u1ef1 k\u1ebft h\u1ee3p tinh t\u1ebf c\u1ee7a nh\u1eefng lo\u00e0i hoa cao c\u1ea5p (H2)<\/b><\/p>\n<p data-path-to-node=\"18\">M\u1eabu k\u1ec7 hoa n\u00e0y l\u00e0 s\u1ef1 giao thoa ho\u00e0n h\u1ea3o gi\u1eefa n\u00e9t hi\u1ec7n \u0111\u1ea1i v\u00e0 c\u1ed5 \u0111i\u1ec3n:<\/p>\n<ul data-path-to-node=\"19\">\n<li>\n<p data-path-to-node=\"19,0,0\"><b data-path-to-node=\"19,0,0\" data-index-in-node=\"0\">Hoa H\u1ed3ng &amp; C\u00fac M\u1eabu \u0110\u01a1n h\u1ed3ng t\u00edm:<\/b> T\u1ea1o n\u00ean t\u1ea7ng t\u1ea7ng l\u1edbp l\u1edbp hoa b\u1ed3ng b\u1ec1nh, t\u01b0\u1ee3ng tr\u01b0ng cho s\u1ef1 ph\u00e1t tri\u1ec3n kh\u00f4ng ng\u1eebng.<\/p>\n<\/li>\n<li>\n<p data-path-to-node=\"19,1,0\"><b data-path-to-node=\"19,1,0\" data-index-in-node=\"0\">Lan H\u1ed3 \u0110i\u1ec7p t\u00edm:<\/b> \u0110i\u1ec3m xuy\u1ebft \u0111\u1ea7y ki\u00eau sa, mang \u00fd ngh\u0129a v\u1ec1 s\u1ef1 gi\u00e0u sang v\u00e0 l\u00f2ng trung th\u00e0nh trong kinh doanh.<\/p>\n<\/li>\n<li>\n<p data-path-to-node=\"19,2,0\"><b data-path-to-node=\"19,2,0\" data-index-in-node=\"0\">Thi\u1ebft k\u1ebf k\u1ec7 g\u1ed7 t\u1ed1i gi\u1ea3n:<\/b> Gi\u00fap t\u00f4n vinh t\u1ed1i \u0111a v\u1ebb \u0111\u1eb9p c\u1ee7a hoa, ph\u00f9 h\u1ee3p v\u1edbi c\u00e1c kh\u00f4ng gian khai tr\u01b0\u01a1ng spa, v\u0103n ph\u00f2ng cao c\u1ea5p ho\u1eb7c studio ngh\u1ec7 thu\u1eadt.<\/p>\n<\/li>\n<\/ul>\n<p data-path-to-node=\"20\"><b data-path-to-node=\"20\" data-index-in-node=\"0\">T\u1ea1i sao n\u00ean ch\u1ecdn Lavender Dream l\u00e0m qu\u00e0 t\u1eb7ng khai tr\u01b0\u01a1ng? (H2)<\/b><\/p>\n<p data-path-to-node=\"21\">Kh\u00e1c v\u1edbi nh\u1eefng m\u1eabu hoa \u0111\u1ea1i tr\u00e0, k\u1ec7 hoa h\u1ed3ng t\u00edm mang l\u1ea1i c\u1ea3m gi\u00e1c d\u1ec5 ch\u1ecbu, th\u01b0 th\u00e1i nh\u01b0ng v\u1eabn v\u00f4 c\u00f9ng n\u1ed5i b\u1eadt. \u0110\u00e2y l\u00e0 l\u1eddi ch\u00fac v\u1ec1 m\u1ed9t s\u1ef1 nghi\u1ec7p kinh doanh <b data-path-to-node=\"21\" data-index-in-node=\"155\">v\u1eefng ch\u00e3i nh\u01b0 n\u00fai, nh\u1eb9 nh\u00e0ng nh\u01b0 m\u00e2y<\/b> nh\u01b0ng lu\u00f4n g\u1eb7t h\u00e1i \u0111\u01b0\u1ee3c nh\u1eefng th\u00e0nh c\u00f4ng r\u1ef1c r\u1ee1.<\/p>\n<p data-path-to-node=\"22\">T\u1ea1i <b data-path-to-node=\"22\" data-index-in-node=\"4\">October Flower<\/b>, ch\u00fang m\u00ecnh cam k\u1ebft:<\/p>\n<ul data-path-to-node=\"23\">\n<li>\n<p data-path-to-node=\"23,0,0\">Hoa t\u01b0\u01a1i nh\u1eadp kh\u1ea9u 100%, gi\u1eef m\u00e0u v\u00e0 \u0111\u1ed9 t\u01b0\u01a1i tr\u00ean 3 ng\u00e0y.<\/p>\n<\/li>\n<li>\n<p data-path-to-node=\"23,1,0\">Thi\u1ebft k\u1ebf m\u1eabu m\u00e3 \u0111\u1ed9c quy\u1ec1n, kh\u00f4ng tr\u00f9ng l\u1eb7p.<\/p>\n<\/li>\n<li>\n<p data-path-to-node=\"23,2,0\">Giao hoa t\u1eadn n\u01a1i h\u1ecfa t\u1ed1c t\u1ea1i G\u00f2 V\u1ea5p v\u00e0 to\u00e0n TP.HCM.<\/p>\n<\/li>\n<\/ul>\n","protected":false},"excerpt":{"rendered":"<p>LAVENDER DREAM \u2013 KH\u1edeI \u0110\u1ea6U TH\u1ecaNH V\u01af\u1ee2NG V\u1edaI S\u1eaeC T\u00cdM QUY\u1ebeN R\u0168 (H2) Trong c\u00e1c bu\u1ed5i l\u1ec5 khai tr\u01b0\u01a1ng, n\u1ebfu s\u1eafc \u0111\u1ecf t\u01b0\u1ee3ng tr\u01b0ng cho may m\u1eafn, s\u1eafc v\u00e0ng l\u00e0 t\u00e0i l\u1ed9c, th\u00ec s\u1eafc h\u1ed3ng t\u00edm l\u1ea1i l\u00e0 bi\u1ec3u t\u01b0\u1ee3ng c\u1ee7a s\u1ef1 sang tr\u1ecdng, b\u1ec1n v\u1eefng v\u00e0 g\u1eafn k\u1ebft. T\u1ea1i October Flower, m\u1eabu k\u1ec7 hoa [&#8230;]\n","protected":false},"featured_media":101,"comment_status":"open","ping_status":"closed","template":"","meta":[],"product_brand":[],"product_cat":[21],"product_tag":[],"class_list":{"0":"post-286","1":"product","2":"type-product","3":"status-publish","4":"has-post-thumbnail","6":"product_cat-hoa-khai-truong","8":"first","9":"instock","10":"sale","11":"shipping-taxable","12":"purchasable","13":"product-type-simple"},"yoast_head":"<!-- This site is optimized with the Yoast SEO plugin v27.2 - https:\/\/yoast.com\/product\/yoast-seo-wordpress\/ -->\n<title>Lavender Dream - OCTOBER FLOWER<\/title>\n<meta name=\"robots\" content=\"index, follow, max-snippet:-1, max-image-preview:large, max-video-preview:-1\" \/>\n<link rel=\"canonical\" href=\"https:\/\/october.azdigi.shop\/index.php\/san-pham\/lavender-dream-2\/\" \/>\n<meta property=\"og:locale\" content=\"vi_VN\" \/>\n<meta property=\"og:type\" content=\"article\" \/>\n<meta property=\"og:title\" content=\"Lavender Dream - OCTOBER FLOWER\" \/>\n<meta property=\"og:description\" content=\"LAVENDER DREAM \u2013 KH\u1edeI \u0110\u1ea6U TH\u1ecaNH V\u01af\u1ee2NG V\u1edaI S\u1eaeC T\u00cdM QUY\u1ebeN R\u0168 (H2) Trong c\u00e1c bu\u1ed5i l\u1ec5 khai tr\u01b0\u01a1ng, n\u1ebfu s\u1eafc \u0111\u1ecf t\u01b0\u1ee3ng tr\u01b0ng cho may m\u1eafn, s\u1eafc v\u00e0ng l\u00e0 t\u00e0i l\u1ed9c, th\u00ec s\u1eafc h\u1ed3ng t\u00edm l\u1ea1i l\u00e0 bi\u1ec3u t\u01b0\u1ee3ng c\u1ee7a s\u1ef1 sang tr\u1ecdng, b\u1ec1n v\u1eefng v\u00e0 g\u1eafn k\u1ebft. T\u1ea1i October Flower, m\u1eabu k\u1ec7 hoa [...]\" \/>\n<meta property=\"og:url\" content=\"https:\/\/october.azdigi.shop\/index.php\/san-pham\/lavender-dream-2\/\" \/>\n<meta property=\"og:site_name\" content=\"OCTOBER FLOWER\" \/>\n<meta property=\"article:modified_time\" content=\"2026-04-15T08:28:05+00:00\" \/>\n<meta property=\"og:image\" content=\"https:\/\/october.azdigi.shop\/wp-content\/uploads\/2026\/03\/hkt1.jpg\" \/>\n\t<meta property=\"og:image:width\" content=\"1200\" \/>\n\t<meta property=\"og:image:height\" content=\"1495\" \/>\n\t<meta property=\"og:image:type\" content=\"image\/jpeg\" \/>\n<meta name=\"twitter:card\" content=\"summary_large_image\" \/>\n<meta name=\"twitter:label1\" content=\"\u01af\u1edbc t\u00ednh th\u1eddi gian \u0111\u1ecdc\" \/>\n\t<meta name=\"twitter:data1\" content=\"2 ph\u00fat\" \/>\n<script type=\"application\/ld+json\" class=\"yoast-schema-graph\">{\"@context\":\"https:\/\/schema.org\",\"@graph\":[{\"@type\":\"WebPage\",\"@id\":\"https:\/\/october.azdigi.shop\/index.php\/san-pham\/lavender-dream-2\/\",\"url\":\"https:\/\/october.azdigi.shop\/index.php\/san-pham\/lavender-dream-2\/\",\"name\":\"Lavender Dream - OCTOBER FLOWER\",\"isPartOf\":{\"@id\":\"https:\/\/october.azdigi.shop\/#website\"},\"primaryImageOfPage\":{\"@id\":\"https:\/\/october.azdigi.shop\/index.php\/san-pham\/lavender-dream-2\/#primaryimage\"},\"image\":{\"@id\":\"https:\/\/october.azdigi.shop\/index.php\/san-pham\/lavender-dream-2\/#primaryimage\"},\"thumbnailUrl\":\"https:\/\/october.azdigi.shop\/wp-content\/uploads\/2026\/03\/hkt1.jpg\",\"datePublished\":\"2026-04-15T08:26:05+00:00\",\"dateModified\":\"2026-04-15T08:28:05+00:00\",\"breadcrumb\":{\"@id\":\"https:\/\/october.azdigi.shop\/index.php\/san-pham\/lavender-dream-2\/#breadcrumb\"},\"inLanguage\":\"vi\",\"potentialAction\":[{\"@type\":\"ReadAction\",\"target\":[\"https:\/\/october.azdigi.shop\/index.php\/san-pham\/lavender-dream-2\/\"]}]},{\"@type\":\"ImageObject\",\"inLanguage\":\"vi\",\"@id\":\"https:\/\/october.azdigi.shop\/index.php\/san-pham\/lavender-dream-2\/#primaryimage\",\"url\":\"https:\/\/october.azdigi.shop\/wp-content\/uploads\/2026\/03\/hkt1.jpg\",\"contentUrl\":\"https:\/\/october.azdigi.shop\/wp-content\/uploads\/2026\/03\/hkt1.jpg\",\"width\":1200,\"height\":1495},{\"@type\":\"BreadcrumbList\",\"@id\":\"https:\/\/october.azdigi.shop\/index.php\/san-pham\/lavender-dream-2\/#breadcrumb\",\"itemListElement\":[{\"@type\":\"ListItem\",\"position\":1,\"name\":\"Trang ch\u1ee7\",\"item\":\"https:\/\/october.azdigi.shop\/\"},{\"@type\":\"ListItem\",\"position\":2,\"name\":\"C\u1eeda h\u00e0ng\",\"item\":\"https:\/\/october.azdigi.shop\/index.php\/tai-khoan\/\"},{\"@type\":\"ListItem\",\"position\":3,\"name\":\"Lavender Dream\"}]},{\"@type\":\"WebSite\",\"@id\":\"https:\/\/october.azdigi.shop\/#website\",\"url\":\"https:\/\/october.azdigi.shop\/\",\"name\":\"OCTOBER FLOWER\",\"description\":\"\",\"potentialAction\":[{\"@type\":\"SearchAction\",\"target\":{\"@type\":\"EntryPoint\",\"urlTemplate\":\"https:\/\/october.azdigi.shop\/?s={search_term_string}\"},\"query-input\":{\"@type\":\"PropertyValueSpecification\",\"valueRequired\":true,\"valueName\":\"search_term_string\"}}],\"inLanguage\":\"vi\"}]}<\/script>\n<!-- \/ Yoast SEO plugin. -->","yoast_head_json":{"title":"Lavender Dream - OCTOBER FLOWER","robots":{"index":"index","follow":"follow","max-snippet":"max-snippet:-1","max-image-preview":"max-image-preview:large","max-video-preview":"max-video-preview:-1"},"canonical":"https:\/\/october.azdigi.shop\/index.php\/san-pham\/lavender-dream-2\/","og_locale":"vi_VN","og_type":"article","og_title":"Lavender Dream - OCTOBER FLOWER","og_description":"LAVENDER DREAM \u2013 KH\u1edeI \u0110\u1ea6U TH\u1ecaNH V\u01af\u1ee2NG V\u1edaI S\u1eaeC T\u00cdM QUY\u1ebeN R\u0168 (H2) Trong c\u00e1c bu\u1ed5i l\u1ec5 khai tr\u01b0\u01a1ng, n\u1ebfu s\u1eafc \u0111\u1ecf t\u01b0\u1ee3ng tr\u01b0ng cho may m\u1eafn, s\u1eafc v\u00e0ng l\u00e0 t\u00e0i l\u1ed9c, th\u00ec s\u1eafc h\u1ed3ng t\u00edm l\u1ea1i l\u00e0 bi\u1ec3u t\u01b0\u1ee3ng c\u1ee7a s\u1ef1 sang tr\u1ecdng, b\u1ec1n v\u1eefng v\u00e0 g\u1eafn k\u1ebft. T\u1ea1i October Flower, m\u1eabu k\u1ec7 hoa [...]","og_url":"https:\/\/october.azdigi.shop\/index.php\/san-pham\/lavender-dream-2\/","og_site_name":"OCTOBER FLOWER","article_modified_time":"2026-04-15T08:28:05+00:00","og_image":[{"width":1200,"height":1495,"url":"https:\/\/october.azdigi.shop\/wp-content\/uploads\/2026\/03\/hkt1.jpg","type":"image\/jpeg"}],"twitter_card":"summary_large_image","twitter_misc":{"\u01af\u1edbc t\u00ednh th\u1eddi gian \u0111\u1ecdc":"2 ph\u00fat"},"schema":{"@context":"https:\/\/schema.org","@graph":[{"@type":"WebPage","@id":"https:\/\/october.azdigi.shop\/index.php\/san-pham\/lavender-dream-2\/","url":"https:\/\/october.azdigi.shop\/index.php\/san-pham\/lavender-dream-2\/","name":"Lavender Dream - OCTOBER FLOWER","isPartOf":{"@id":"https:\/\/october.azdigi.shop\/#website"},"primaryImageOfPage":{"@id":"https:\/\/october.azdigi.shop\/index.php\/san-pham\/lavender-dream-2\/#primaryimage"},"image":{"@id":"https:\/\/october.azdigi.shop\/index.php\/san-pham\/lavender-dream-2\/#primaryimage"},"thumbnailUrl":"https:\/\/october.azdigi.shop\/wp-content\/uploads\/2026\/03\/hkt1.jpg","datePublished":"2026-04-15T08:26:05+00:00","dateModified":"2026-04-15T08:28:05+00:00","breadcrumb":{"@id":"https:\/\/october.azdigi.shop\/index.php\/san-pham\/lavender-dream-2\/#breadcrumb"},"inLanguage":"vi","potentialAction":[{"@type":"ReadAction","target":["https:\/\/october.azdigi.shop\/index.php\/san-pham\/lavender-dream-2\/"]}]},{"@type":"ImageObject","inLanguage":"vi","@id":"https:\/\/october.azdigi.shop\/index.php\/san-pham\/lavender-dream-2\/#primaryimage","url":"https:\/\/october.azdigi.shop\/wp-content\/uploads\/2026\/03\/hkt1.jpg","contentUrl":"https:\/\/october.azdigi.shop\/wp-content\/uploads\/2026\/03\/hkt1.jpg","width":1200,"height":1495},{"@type":"BreadcrumbList","@id":"https:\/\/october.azdigi.shop\/index.php\/san-pham\/lavender-dream-2\/#breadcrumb","itemListElement":[{"@type":"ListItem","position":1,"name":"Trang ch\u1ee7","item":"https:\/\/october.azdigi.shop\/"},{"@type":"ListItem","position":2,"name":"C\u1eeda h\u00e0ng","item":"https:\/\/october.azdigi.shop\/index.php\/tai-khoan\/"},{"@type":"ListItem","position":3,"name":"Lavender Dream"}]},{"@type":"WebSite","@id":"https:\/\/october.azdigi.shop\/#website","url":"https:\/\/october.azdigi.shop\/","name":"OCTOBER FLOWER","description":"","potentialAction":[{"@type":"SearchAction","target":{"@type":"EntryPoint","urlTemplate":"https:\/\/october.azdigi.shop\/?s={search_term_string}"},"query-input":{"@type":"PropertyValueSpecification","valueRequired":true,"valueName":"search_term_string"}}],"inLanguage":"vi"}]}},"_links":{"self":[{"href":"https:\/\/october.azdigi.shop\/index.php\/wp-json\/wp\/v2\/product\/286","targetHints":{"allow":["GET"]}}],"collection":[{"href":"https:\/\/october.azdigi.shop\/index.php\/wp-json\/wp\/v2\/product"}],"about":[{"href":"https:\/\/october.azdigi.shop\/index.php\/wp-json\/wp\/v2\/types\/product"}],"replies":[{"embeddable":true,"href":"https:\/\/october.azdigi.shop\/index.php\/wp-json\/wp\/v2\/comments?post=286"}],"wp:featuredmedia":[{"embeddable":true,"href":"https:\/\/october.azdigi.shop\/index.php\/wp-json\/wp\/v2\/media\/101"}],"wp:attachment":[{"href":"https:\/\/october.azdigi.shop\/index.php\/wp-json\/wp\/v2\/media?parent=286"}],"wp:term":[{"taxonomy":"product_brand","embeddable":true,"href":"https:\/\/october.azdigi.shop\/index.php\/wp-json\/wp\/v2\/product_brand?post=286"},{"taxonomy":"product_cat","embeddable":true,"href":"https:\/\/october.azdigi.shop\/index.php\/wp-json\/wp\/v2\/product_cat?post=286"},{"taxonomy":"product_tag","embeddable":true,"href":"https:\/\/october.azdigi.shop\/index.php\/wp-json\/wp\/v2\/product_tag?post=286"}],"curies":[{"name":"wp","href":"https:\/\/api.w.org\/{rel}","templated":true}]}}